{"id":10130,"date":"2024-07-05T15:02:17","date_gmt":"2024-07-05T12:02:17","guid":{"rendered":"https:\/\/equester.ro\/?page_id=10130"},"modified":"2026-04-06T22:44:50","modified_gmt":"2026-04-06T19:44:50","slug":"tabara-de-echitatie-pentru-copii","status":"publish","type":"page","link":"https:\/\/equester.ro\/en\/tabara-de-echitatie-pentru-copii\/","title":{"rendered":"Tab\u0103r\u0103 de zi pentru copii &#8220;Aventuri c\u0103lare&#8221;"},"content":{"rendered":"<section class=\"l-section wpb_row height_medium\"><div class=\"l-section-h i-cf\"><div class=\"g-cols vc_row type_default valign_top\"><div class=\"vc_col-sm-12 wpb_column vc_column_container\"><div class=\"vc_column-inner\"><div class=\"wpb_wrapper\"><div class=\"g-cols wpb_row  type_default valign_top vc_inner\"><div class=\"vc_col-sm-6 wpb_column vc_column_container\"><div class=\"vc_column-inner\"><div class=\"wpb_wrapper\"><div class=\"w-iconbox iconpos_left style_default color_primary align_left no_title\"><div class=\"w-iconbox-icon\"><i class=\"fas fa-star\"><\/i><\/div><div class=\"w-iconbox-meta\"><div class=\"w-iconbox-text\"><h4>Urm\u0103toarele zile de tab\u0103r\u0103 vor fi:\u00a0 <span class=\"x193iq5w xeuugli x13faqbe x1vvkbs x1xmvt09 x1lliihq x1s928wv xhkezso x1gmr53x x1cpjm7i x1fgarty x1943h6x xudqn12 x3x7a5m x6prxxf xvq8zen xo1l8bm xzsf02u x1yc453h\" dir=\"auto\">7, 8 \u0219i 9 aprilie 2026<br \/>\n<\/span><span class=\"x193iq5w xeuugli x13faqbe x1vvkbs x1xmvt09 x1lliihq x1s928wv xhkezso x1gmr53x x1cpjm7i x1fgarty x1943h6x xudqn12 x3x7a5m x6prxxf xvq8zen xo1l8bm xzsf02u x1yc453h\" dir=\"auto\"><strong>\u00censcrieri \u0219i detalii <\/strong>la tel. <a href=\"tel:+40725925781\">0725 925 781<\/a><\/span><\/h4>\n<\/div><\/div><\/div><div class=\"w-separator size_medium\"><\/div>\r\n\t<div class=\"wpb_text_column\">\r\n\t\t<div class=\"wpb_wrapper\">\r\n\t\t\t<p>\u201eAventuri C\u0103lare\u201d este o<strong> tab\u0103r\u0103 de zi\u00a0<\/strong>pentru copii \u00eentre <strong>6 \u0219i 12 ani<\/strong>, care \u00eembin\u0103 lec\u021biile de echita\u021bie cu jocuri educative \u0219i activit\u0103\u021bi creative \u00eentr-un cadru natural lini\u0219tit, departe de agita\u021bia ora\u0219ului.<\/p>\n<p>Programul \u201eAventuri C\u0103lare\u201d ofer\u0103 emo\u021bie, bucurie, libertate, aer curat \u0219i <a href=\"https:\/\/equester.ro\/en\/equester-kids\/\">o experien\u021b\u0103 care \u00eei ajut\u0103 pe copii<\/a> s\u0103-\u0219i dezvolte curajul \u0219i \u00eencrederea \u00een sine.<\/p>\n<p>Pornind de la hrana cailor p\u00e2n\u0103 la \u00eengrijirea acestora, de la folosirea harna\u0219amentului p\u00e2n\u0103 la men\u021binerea echilibrului \u0219i a pozi\u021biei corecte \u00een \u0219a, copiii vor dob\u00e2ndi noi cuno\u0219tin\u021be ce \u021bin de domeniul echita\u021biei.<\/p>\n<p><strong>Tab\u0103r\u0103 de zi | 09:30-16:00<\/strong><br \/>\n\ud83d\udccd \u00eenscrieri deschise pentru zilele de: <strong>7, 8 \u0219i 9 aprilie 2026 <\/strong>(o zi la alegere, sau mai multe)<br \/>\n&#8211; <strong>V\u00e2rsta recomandat\u0103: <\/strong>6-12 ani;<br \/>\n&#8211; <strong>Cost<\/strong>: 260 RON\/copil\/zi;<br \/>\n&#8211; <strong>\u00censcrieri \u0219i detalii <\/strong>la tel. 0725 925 781;<br \/>\n(\u00eenscrierile se fac individual, pentru fiecare zi de tab\u0103r\u0103 dorit\u0103)<\/p>\n<h4><strong>Activit\u0103\u021bi dedicate copiilor<\/strong><\/h4>\n<ul>\n<li>\u00cengrijirea cailor (hr\u0103nirea cu morcovi, \u021bes\u0103lare, piept\u0103narea coamei, cur\u0103\u021barea copitelor etc.);<\/li>\n<li>Preg\u0103tirea cailor pentru c\u0103l\u0103rie (echipare, \u0219ei, harna\u0219ament etc.);<\/li>\n<li><span class=\"x193iq5w xeuugli x13faqbe x1vvkbs x1xmvt09 x1lliihq x1s928wv xhkezso x1gmr53x x1cpjm7i x1fgarty x1943h6x xudqn12 x3x7a5m x6prxxf xvq8zen xo1l8bm xzsf02u x1yc453h\" dir=\"auto\"><strong>2 sesiuni de activit\u0103\u021bi c\u0103lare cu instructor<\/strong><\/span>\u00a0(exerci\u021bii de echilibru, postur\u0103 \u0219i control al calului);<\/li>\n<li>Jocuri interactive de cunoa\u0219tere, interac\u021biune \u0219i lucru \u00een echip\u0103;<\/li>\n<li><span class=\"x193iq5w xeuugli x13faqbe x1vvkbs x1xmvt09 x1lliihq x1s928wv xhkezso x1gmr53x x1cpjm7i x1fgarty x1943h6x xudqn12 x3x7a5m x6prxxf xvq8zen xo1l8bm xzsf02u x1yc453h\" dir=\"auto\">Cre\u0103m \u00eempreun\u0103 crafturi cu ajutorul elementelor din natur\u0103;<\/span><\/li>\n<li>Ne descoperim superputerea;<\/li>\n<\/ul>\n<h4><strong>Cum s\u0103 te preg\u0103te\u0219ti<br \/>\n<\/strong><\/h4>\n<ul>\n<li>Recomand\u0103m haine comode, potrivite pentru mi\u0219care, ideal \u00een straturi (de exemplu, geac\u0103 + un hanorac cu microfleece);<\/li>\n<li>pantalonii &#8211; de preferin\u021b\u0103 s\u0103 nu fie blugi \u0219i s\u0103 fie mai str\u00e2m\u021bi pe picior (nu largi\/evaza\u021bi);<\/li>\n<li>c\u0103ciula e necesar\u0103 \u00een aceast\u0103 perioad\u0103;<\/li>\n<li>\u00eenc\u0103l\u021b\u0103minte \u00eenchis\u0103 \u0219i stabil\u0103, cum ar fi ghete (sau adidas);<\/li>\n<li>o sticl\u0103 de ap\u0103;<\/li>\n<li>o mic\u0103 gustare pentru copil, pentru o pauz\u0103 de mas\u0103.<\/li>\n<\/ul>\n\r\n\t\t<\/div>\r\n\t<\/div>\r\n<div class=\"w-separator size_large\"><\/div><div class=\"w-iconbox iconpos_left style_default color_primary align_left\"><div class=\"w-iconbox-icon\"><i class=\"fas fa-star\"><\/i><\/div><div class=\"w-iconbox-meta\"><h3 class=\"w-iconbox-title\">Atmosfera de la fa\u021ba locului \u00een imagini:<\/h3><div class=\"w-iconbox-text\"><h4><span class=\"html-span xexx8yu xyri2b x18d9i69 x1c1uobl x1hl2dhg x16tdsg8 x1vvkbs x3nfvp2 x1j61x8r x1fcty0u xdj266r xat24cr xm2jcoa x1mpyi22 xxymvpz xlup9mm x1kky2od\"><img loading=\"lazy\" decoding=\"async\" class=\"xz74otr x15mokao x1ga7v0g x16uus16 xbiv7yw\" src=\"https:\/\/static.xx.fbcdn.net\/images\/emoji.php\/v9\/t2d\/1\/16\/1f434.png\" alt=\"\ud83d\udc34\" width=\"16\" height=\"16\" \/><\/span> <a href=\"https:\/\/www.facebook.com\/share\/r\/1DLmB4L91R\/\">Tab\u0103ra de o zi \u201eAventuri C\u0103lare\u201d &#8211; foto<\/a><span class=\"x193iq5w xeuugli x13faqbe x1vvkbs x1xmvt09 x1lliihq x1s928wv xhkezso x1gmr53x x1cpjm7i x1fgarty x1943h6x xudqn12 x3x7a5m x6prxxf xvq8zen xo1l8bm xzsf02u x1yc453h\" dir=\"auto\"><br \/>\n<\/span><\/h4>\n<\/div><\/div><\/div><div class=\"w-separator size_large\"><\/div><\/div><\/div><\/div><div class=\"vc_col-sm-6 wpb_column vc_column_container\"><div class=\"vc_column-inner\"><div class=\"wpb_wrapper\"><div class=\"w-image align_none\"><a class=\"w-image-h\" href=\"https:\/\/equester.ro\/wp-content\/uploads\/2026\/04\/Aventuri-calare_-tabara-pentru-copii-w.webp\" ref=\"magnificPopup\"><img loading=\"lazy\" decoding=\"async\" width=\"952\" height=\"1382\" src=\"https:\/\/equester.ro\/wp-content\/uploads\/2026\/04\/Aventuri-calare_-tabara-pentru-copii-w.webp\" class=\"attachment-full size-full\" alt=\"Aventuri c\u0103lare_ tab\u0103r\u0103 pentru copii w\" srcset=\"https:\/\/equester.ro\/wp-content\/uploads\/2026\/04\/Aventuri-calare_-tabara-pentru-copii-w.webp 952w, https:\/\/equester.ro\/wp-content\/uploads\/2026\/04\/Aventuri-calare_-tabara-pentru-copii-w-207x300.webp 207w, https:\/\/equester.ro\/wp-content\/uploads\/2026\/04\/Aventuri-calare_-tabara-pentru-copii-w-705x1024.webp 705w, https:\/\/equester.ro\/wp-content\/uploads\/2026\/04\/Aventuri-calare_-tabara-pentru-copii-w-8x12.webp 8w\" sizes=\"auto, (max-width: 952px) 100vw, 952px\" \/><\/a><\/div><div class=\"w-separator size_medium\"><\/div><div class=\"w-image align_none\"><a class=\"w-image-h\" href=\"https:\/\/equester.ro\/wp-content\/uploads\/2026\/04\/Tabara-de-zi-Equester.webp\" ref=\"magnificPopup\"><img loading=\"lazy\" decoding=\"async\" width=\"1014\" height=\"1267\" src=\"https:\/\/equester.ro\/wp-content\/uploads\/2026\/04\/Tabara-de-zi-Equester.webp\" class=\"attachment-full size-full\" alt=\"Tabara de zi Equester\" srcset=\"https:\/\/equester.ro\/wp-content\/uploads\/2026\/04\/Tabara-de-zi-Equester.webp 1014w, https:\/\/equester.ro\/wp-content\/uploads\/2026\/04\/Tabara-de-zi-Equester-240x300.webp 240w, https:\/\/equester.ro\/wp-content\/uploads\/2026\/04\/Tabara-de-zi-Equester-820x1024.webp 820w, https:\/\/equester.ro\/wp-content\/uploads\/2026\/04\/Tabara-de-zi-Equester-10x12.webp 10w\" sizes=\"auto, (max-width: 1014px) 100vw, 1014px\" \/><\/a><\/div><\/div><\/div><\/div><\/div><div class=\"w-separator size_medium\"><\/div><\/div><\/div><\/div><\/div><\/div><\/section>","protected":false},"excerpt":{"rendered":"Urm\u0103toarele zile de tab\u0103r\u0103 vor fi:\u00a0 7, 8 \u0219i 9 aprilie 2026 \u00censcrieri \u0219i detalii la tel. 0725 925 781 \u201eAventuri C\u0103lare\u201d este o tab\u0103r\u0103 de zi\u00a0pentru copii \u00eentre 6 \u0219i 12 ani, care \u00eembin\u0103 lec\u021biile de echita\u021bie cu jocuri educative \u0219i activit\u0103\u021bi creative \u00eentr-un cadru natural lini\u0219tit, departe de agita\u021bia ora\u0219ului. Programul \u201eAventuri C\u0103lare\u201d...","protected":false},"author":2,"featured_media":11481,"parent":0,"menu_order":0,"comment_status":"closed","ping_status":"closed","template":"","meta":{"_acf_changed":false,"footnotes":""},"class_list":["post-10130","page","type-page","status-publish","has-post-thumbnail","hentry"],"acf":[],"yoast_head":"<!-- This site is optimized with the Yoast SEO plugin v27.2 - https:\/\/yoast.com\/product\/yoast-seo-wordpress\/ -->\n<title>Tab\u0103r\u0103 de zi pentru copii &quot;Aventuri c\u0103lare&quot; - Equester<\/title>\n<meta name=\"description\" content=\"Tab\u0103r\u0103 de zi - Echita\u021bie. Ofer\u0103 emo\u021bie, bucurie, libertate \u0219i o experien\u021b\u0103 care te ajut\u0103 s\u0103-\u021bi dezvol\u021bi curajul \u0219i \u00eencrederea \u00een sine!\" \/>\n<meta name=\"robots\" content=\"index, follow, max-snippet:-1, max-image-preview:large, max-video-preview:-1\" \/>\n<link rel=\"canonical\" href=\"https:\/\/equester.ro\/en\/tabara-de-echitatie-pentru-copii\/\" \/>\n<meta property=\"og:locale\" content=\"en_GB\" \/>\n<meta property=\"og:type\" content=\"article\" \/>\n<meta property=\"og:title\" content=\"Tab\u0103r\u0103 de zi pentru copii &quot;Aventuri c\u0103lare&quot; - Equester\" \/>\n<meta property=\"og:description\" content=\"Tab\u0103r\u0103 de zi - Echita\u021bie. Ofer\u0103 emo\u021bie, bucurie, libertate \u0219i o experien\u021b\u0103 care te ajut\u0103 s\u0103-\u021bi dezvol\u021bi curajul \u0219i \u00eencrederea \u00een sine!\" \/>\n<meta property=\"og:url\" content=\"https:\/\/equester.ro\/en\/tabara-de-echitatie-pentru-copii\/\" \/>\n<meta property=\"og:site_name\" content=\"Equester\" \/>\n<meta property=\"article:publisher\" content=\"https:\/\/www.facebook.com\/pages\/category\/Organization\/EQUESTER-RIDING-CLUB-102365276476404\/\" \/>\n<meta property=\"article:modified_time\" content=\"2026-04-06T19:44:50+00:00\" \/>\n<meta property=\"og:image\" content=\"https:\/\/equester.ro\/wp-content\/uploads\/2026\/04\/Aventuri-calare_-tabara-pentru-copii-w.webp\" \/>\n\t<meta property=\"og:image:width\" content=\"952\" \/>\n\t<meta property=\"og:image:height\" content=\"1382\" \/>\n\t<meta property=\"og:image:type\" content=\"image\/webp\" \/>\n<meta name=\"twitter:card\" content=\"summary_large_image\" \/>\n<meta name=\"twitter:label1\" content=\"Estimated reading time\" \/>\n\t<meta name=\"twitter:data1\" content=\"2 minutes\" \/>\n<script type=\"application\/ld+json\" class=\"yoast-schema-graph\">{\"@context\":\"https:\/\/schema.org\",\"@graph\":[{\"@type\":\"WebPage\",\"@id\":\"https:\/\/equester.ro\/tabara-de-echitatie-pentru-copii\/\",\"url\":\"https:\/\/equester.ro\/tabara-de-echitatie-pentru-copii\/\",\"name\":\"Tab\u0103r\u0103 de zi pentru copii \\\"Aventuri c\u0103lare\\\" - Equester\",\"isPartOf\":{\"@id\":\"https:\/\/equester.ro\/#website\"},\"primaryImageOfPage\":{\"@id\":\"https:\/\/equester.ro\/tabara-de-echitatie-pentru-copii\/#primaryimage\"},\"image\":{\"@id\":\"https:\/\/equester.ro\/tabara-de-echitatie-pentru-copii\/#primaryimage\"},\"thumbnailUrl\":\"https:\/\/equester.ro\/wp-content\/uploads\/2026\/04\/Aventuri-calare_-tabara-pentru-copii-w.webp\",\"datePublished\":\"2024-07-05T12:02:17+00:00\",\"dateModified\":\"2026-04-06T19:44:50+00:00\",\"description\":\"Tab\u0103r\u0103 de zi - Echita\u021bie. Ofer\u0103 emo\u021bie, bucurie, libertate \u0219i o experien\u021b\u0103 care te ajut\u0103 s\u0103-\u021bi dezvol\u021bi curajul \u0219i \u00eencrederea \u00een sine!\",\"breadcrumb\":{\"@id\":\"https:\/\/equester.ro\/tabara-de-echitatie-pentru-copii\/#breadcrumb\"},\"inLanguage\":\"en-GB\",\"potentialAction\":[{\"@type\":\"ReadAction\",\"target\":[\"https:\/\/equester.ro\/tabara-de-echitatie-pentru-copii\/\"]}]},{\"@type\":\"ImageObject\",\"inLanguage\":\"en-GB\",\"@id\":\"https:\/\/equester.ro\/tabara-de-echitatie-pentru-copii\/#primaryimage\",\"url\":\"https:\/\/equester.ro\/wp-content\/uploads\/2026\/04\/Aventuri-calare_-tabara-pentru-copii-w.webp\",\"contentUrl\":\"https:\/\/equester.ro\/wp-content\/uploads\/2026\/04\/Aventuri-calare_-tabara-pentru-copii-w.webp\",\"width\":952,\"height\":1382,\"caption\":\"Aventuri c\u0103lare_ tab\u0103r\u0103 pentru copii w\"},{\"@type\":\"BreadcrumbList\",\"@id\":\"https:\/\/equester.ro\/tabara-de-echitatie-pentru-copii\/#breadcrumb\",\"itemListElement\":[{\"@type\":\"ListItem\",\"position\":1,\"name\":\"Home\",\"item\":\"https:\/\/equester.ro\/\"},{\"@type\":\"ListItem\",\"position\":2,\"name\":\"Tab\u0103r\u0103 de zi pentru copii &#8220;Aventuri c\u0103lare&#8221;\"}]},{\"@type\":\"WebSite\",\"@id\":\"https:\/\/equester.ro\/#website\",\"url\":\"https:\/\/equester.ro\/\",\"name\":\"Equester\",\"description\":\"Equester - Club de Echitatie Iasi\",\"publisher\":{\"@id\":\"https:\/\/equester.ro\/#organization\"},\"potentialAction\":[{\"@type\":\"SearchAction\",\"target\":{\"@type\":\"EntryPoint\",\"urlTemplate\":\"https:\/\/equester.ro\/?s={search_term_string}\"},\"query-input\":{\"@type\":\"PropertyValueSpecification\",\"valueRequired\":true,\"valueName\":\"search_term_string\"}}],\"inLanguage\":\"en-GB\"},{\"@type\":\"Organization\",\"@id\":\"https:\/\/equester.ro\/#organization\",\"name\":\"Clubul de echita\u021bie Equester\",\"url\":\"https:\/\/equester.ro\/\",\"logo\":{\"@type\":\"ImageObject\",\"inLanguage\":\"en-GB\",\"@id\":\"https:\/\/equester.ro\/#\/schema\/logo\/image\/\",\"url\":\"https:\/\/equester.ro\/wp-content\/uploads\/2017\/09\/logo.png\",\"contentUrl\":\"https:\/\/equester.ro\/wp-content\/uploads\/2017\/09\/logo.png\",\"width\":2652,\"height\":795,\"caption\":\"Clubul de echita\u021bie Equester\"},\"image\":{\"@id\":\"https:\/\/equester.ro\/#\/schema\/logo\/image\/\"},\"sameAs\":[\"https:\/\/www.facebook.com\/pages\/category\/Organization\/EQUESTER-RIDING-CLUB-102365276476404\/\"]}]}<\/script>\n<!-- \/ Yoast SEO plugin. -->","yoast_head_json":{"title":"Tab\u0103r\u0103 de zi pentru copii \"Aventuri c\u0103lare\" - Equester","description":"Tab\u0103r\u0103 de zi - Echita\u021bie. Ofer\u0103 emo\u021bie, bucurie, libertate \u0219i o experien\u021b\u0103 care te ajut\u0103 s\u0103-\u021bi dezvol\u021bi curajul \u0219i \u00eencrederea \u00een sine!","robots":{"index":"index","follow":"follow","max-snippet":"max-snippet:-1","max-image-preview":"max-image-preview:large","max-video-preview":"max-video-preview:-1"},"canonical":"https:\/\/equester.ro\/en\/tabara-de-echitatie-pentru-copii\/","og_locale":"en_GB","og_type":"article","og_title":"Tab\u0103r\u0103 de zi pentru copii \"Aventuri c\u0103lare\" - Equester","og_description":"Tab\u0103r\u0103 de zi - Echita\u021bie. Ofer\u0103 emo\u021bie, bucurie, libertate \u0219i o experien\u021b\u0103 care te ajut\u0103 s\u0103-\u021bi dezvol\u021bi curajul \u0219i \u00eencrederea \u00een sine!","og_url":"https:\/\/equester.ro\/en\/tabara-de-echitatie-pentru-copii\/","og_site_name":"Equester","article_publisher":"https:\/\/www.facebook.com\/pages\/category\/Organization\/EQUESTER-RIDING-CLUB-102365276476404\/","article_modified_time":"2026-04-06T19:44:50+00:00","og_image":[{"width":952,"height":1382,"url":"https:\/\/equester.ro\/wp-content\/uploads\/2026\/04\/Aventuri-calare_-tabara-pentru-copii-w.webp","type":"image\/webp"}],"twitter_card":"summary_large_image","twitter_misc":{"Estimated reading time":"2 minutes"},"schema":{"@context":"https:\/\/schema.org","@graph":[{"@type":"WebPage","@id":"https:\/\/equester.ro\/tabara-de-echitatie-pentru-copii\/","url":"https:\/\/equester.ro\/tabara-de-echitatie-pentru-copii\/","name":"Tab\u0103r\u0103 de zi pentru copii \"Aventuri c\u0103lare\" - Equester","isPartOf":{"@id":"https:\/\/equester.ro\/#website"},"primaryImageOfPage":{"@id":"https:\/\/equester.ro\/tabara-de-echitatie-pentru-copii\/#primaryimage"},"image":{"@id":"https:\/\/equester.ro\/tabara-de-echitatie-pentru-copii\/#primaryimage"},"thumbnailUrl":"https:\/\/equester.ro\/wp-content\/uploads\/2026\/04\/Aventuri-calare_-tabara-pentru-copii-w.webp","datePublished":"2024-07-05T12:02:17+00:00","dateModified":"2026-04-06T19:44:50+00:00","description":"Tab\u0103r\u0103 de zi - Echita\u021bie. Ofer\u0103 emo\u021bie, bucurie, libertate \u0219i o experien\u021b\u0103 care te ajut\u0103 s\u0103-\u021bi dezvol\u021bi curajul \u0219i \u00eencrederea \u00een sine!","breadcrumb":{"@id":"https:\/\/equester.ro\/tabara-de-echitatie-pentru-copii\/#breadcrumb"},"inLanguage":"en-GB","potentialAction":[{"@type":"ReadAction","target":["https:\/\/equester.ro\/tabara-de-echitatie-pentru-copii\/"]}]},{"@type":"ImageObject","inLanguage":"en-GB","@id":"https:\/\/equester.ro\/tabara-de-echitatie-pentru-copii\/#primaryimage","url":"https:\/\/equester.ro\/wp-content\/uploads\/2026\/04\/Aventuri-calare_-tabara-pentru-copii-w.webp","contentUrl":"https:\/\/equester.ro\/wp-content\/uploads\/2026\/04\/Aventuri-calare_-tabara-pentru-copii-w.webp","width":952,"height":1382,"caption":"Aventuri c\u0103lare_ tab\u0103r\u0103 pentru copii w"},{"@type":"BreadcrumbList","@id":"https:\/\/equester.ro\/tabara-de-echitatie-pentru-copii\/#breadcrumb","itemListElement":[{"@type":"ListItem","position":1,"name":"Home","item":"https:\/\/equester.ro\/"},{"@type":"ListItem","position":2,"name":"Tab\u0103r\u0103 de zi pentru copii &#8220;Aventuri c\u0103lare&#8221;"}]},{"@type":"WebSite","@id":"https:\/\/equester.ro\/#website","url":"https:\/\/equester.ro\/","name":"Equester","description":"Equester - Club de Echitatie Iasi","publisher":{"@id":"https:\/\/equester.ro\/#organization"},"potentialAction":[{"@type":"SearchAction","target":{"@type":"EntryPoint","urlTemplate":"https:\/\/equester.ro\/?s={search_term_string}"},"query-input":{"@type":"PropertyValueSpecification","valueRequired":true,"valueName":"search_term_string"}}],"inLanguage":"en-GB"},{"@type":"Organization","@id":"https:\/\/equester.ro\/#organization","name":"Clubul de echita\u021bie Equester","url":"https:\/\/equester.ro\/","logo":{"@type":"ImageObject","inLanguage":"en-GB","@id":"https:\/\/equester.ro\/#\/schema\/logo\/image\/","url":"https:\/\/equester.ro\/wp-content\/uploads\/2017\/09\/logo.png","contentUrl":"https:\/\/equester.ro\/wp-content\/uploads\/2017\/09\/logo.png","width":2652,"height":795,"caption":"Clubul de echita\u021bie Equester"},"image":{"@id":"https:\/\/equester.ro\/#\/schema\/logo\/image\/"},"sameAs":["https:\/\/www.facebook.com\/pages\/category\/Organization\/EQUESTER-RIDING-CLUB-102365276476404\/"]}]}},"featured_image_src":"https:\/\/equester.ro\/wp-content\/uploads\/2026\/04\/Aventuri-calare_-tabara-pentru-copii-w.webp","featured_image_src_square":"https:\/\/equester.ro\/wp-content\/uploads\/2026\/04\/Aventuri-calare_-tabara-pentru-copii-w.webp","rbea_author_info":{"display_name":"Admin Equester","author_link":"https:\/\/equester.ro\/en\/author\/adminequester\/"},"rbea_excerpt_info":null,"_links":{"self":[{"href":"https:\/\/equester.ro\/en\/wp-json\/wp\/v2\/pages\/10130","targetHints":{"allow":["GET"]}}],"collection":[{"href":"https:\/\/equester.ro\/en\/wp-json\/wp\/v2\/pages"}],"about":[{"href":"https:\/\/equester.ro\/en\/wp-json\/wp\/v2\/types\/page"}],"author":[{"embeddable":true,"href":"https:\/\/equester.ro\/en\/wp-json\/wp\/v2\/users\/2"}],"replies":[{"embeddable":true,"href":"https:\/\/equester.ro\/en\/wp-json\/wp\/v2\/comments?post=10130"}],"version-history":[{"count":4,"href":"https:\/\/equester.ro\/en\/wp-json\/wp\/v2\/pages\/10130\/revisions"}],"predecessor-version":[{"id":11484,"href":"https:\/\/equester.ro\/en\/wp-json\/wp\/v2\/pages\/10130\/revisions\/11484"}],"wp:featuredmedia":[{"embeddable":true,"href":"https:\/\/equester.ro\/en\/wp-json\/wp\/v2\/media\/11481"}],"wp:attachment":[{"href":"https:\/\/equester.ro\/en\/wp-json\/wp\/v2\/media?parent=10130"}],"curies":[{"name":"wp","href":"https:\/\/api.w.org\/{rel}","templated":true}]}}