{"id":10702,"date":"2025-05-19T17:30:53","date_gmt":"2025-05-19T14:30:53","guid":{"rendered":"https:\/\/equester.ro\/?page_id=10702"},"modified":"2026-01-08T18:33:28","modified_gmt":"2026-01-08T15:33:28","slug":"redirectioneaza-impozitul","status":"publish","type":"page","link":"https:\/\/equester.ro\/en\/redirectioneaza-impozitul\/","title":{"rendered":"Redirec\u021bioneaz\u0103 impozitul c\u0103tre Clubul Sportiv de Echita\u021bie Equester Ia\u0219i"},"content":{"rendered":"<section class=\"l-section wpb_row height_medium\"><div class=\"l-section-h i-cf\"><div class=\"g-cols vc_row type_default valign_top\"><div class=\"vc_col-sm-12 wpb_column vc_column_container\"><div class=\"vc_column-inner\"><div class=\"wpb_wrapper\"><div class=\"w-separator size_large\"><\/div>\r\n\t<div class=\"wpb_text_column\">\r\n\t\t<div class=\"wpb_wrapper\">\r\n\t\t\t<h2 style=\"text-align: center;\">Redirec\u021bioneaz\u0103 3,5% din impozitul pe venit<\/h2>\n\r\n\t\t<\/div>\r\n\t<\/div>\r\n<div class=\"w-separator size_large\"><\/div><div class=\"g-cols wpb_row  type_default valign_top vc_inner\"><div class=\"vc_col-sm-6 wpb_column vc_column_container\"><div class=\"vc_column-inner\"><div class=\"wpb_wrapper\">\r\n\t<div class=\"wpb_text_column\">\r\n\t\t<div class=\"wpb_wrapper\">\r\n\t\t\t<p class=\"\" data-start=\"388\" data-end=\"545\">Dac\u0103 e\u0219ti angajat, po\u021bi redirec\u021biona <strong data-start=\"425\" data-end=\"456\">3,5% din impozitul t\u0103u pe venit<\/strong> c\u0103tre Clubul Sportiv de Echita\u021bie Equester Ia\u0219i, <strong data-start=\"510\" data-end=\"542\">f\u0103r\u0103 niciun cost pentru tine<\/strong>.<\/p>\n<p>Prin acest gest simplu, ne aju\u021bi s\u0103 construim un <strong>Centru Regional de Echita\u021bie<\/strong>, care s\u0103 ofere condi\u021bii corecte de antrenament \u0219i competi\u021bii, s\u0103 sus\u021bin\u0103 dezvoltarea tinerilor \u0219i s\u0103 devin\u0103 un punct de referin\u021b\u0103 \u00een regiunea Moldovei.<\/p>\n<p>Obiectivul nostru pentru 2026 este <strong>finalizarea unui teren de antrenament modern<\/strong>, care va ridica nivelul de dificultate al antrenamentelor aproape de standardele concursurilor \u0219i va facilita <strong>debutul copiilor \u00een competi\u021bii oficiale.<\/strong><\/p>\n<p>Nu e vorba de bani &#8211; e vorba de \u0219anse. Redirec\u021bioneaz\u0103 3,5% \u0219i ajut\u0103 copiii sportivi s\u0103 mearg\u0103 mai departe \u00een echita\u021bie!<\/p>\n\r\n\t\t<\/div>\r\n\t<\/div>\r\n<div class=\"w-separator size_small\"><\/div><div class=\"w-btn-wrapper width_auto align_left\"><a class=\"w-btn us-btn-style_1\" href=\"https:\/\/formular230.ro\/clubul-sportiv-de-echitatie-equester-iasi\"><span class=\"w-btn-label\">Formularul 230<\/span><\/a><\/div><div class=\"w-separator size_small\"><\/div>\r\n\t<div class=\"wpb_text_column\">\r\n\t\t<div class=\"wpb_wrapper\">\r\n\t\t\t<p><em>Not\u0103. Completeaz\u0103, semneaz\u0103 \u0219i trimite formularul 230 online. Echipa noastr\u0103 se va ocupa s\u0103 depun\u0103 formularul la ANAF. Mul\u021bumim pentru sus\u021binere!<\/em><\/p>\n\r\n\t\t<\/div>\r\n\t<\/div>\r\n<\/div><\/div><\/div><div class=\"vc_col-sm-6 wpb_column vc_column_container\"><div class=\"vc_column-inner\"><div class=\"wpb_wrapper\"><div class=\"w-video ratio_4x3\"><div class=\"w-video-h\"><iframe src=\"\/\/www.youtube.com\/embed\/uCDgIvj0m_g\" allowfullscreen=\"1\"><\/iframe><\/div><\/div><\/div><\/div><\/div><\/div><div class=\"w-separator size_huge\"><\/div>\r\n\t<div class=\"wpb_text_column\">\r\n\t\t<div class=\"wpb_wrapper\">\r\n\t\t\t<h2 style=\"text-align: center;\">Redirec\u021bioneaz\u0103 20% din impozitul pe profit<\/h2>\n\r\n\t\t<\/div>\r\n\t<\/div>\r\n<div class=\"w-separator size_large\"><\/div><div class=\"g-cols wpb_row  type_default valign_top vc_inner\"><div class=\"vc_col-sm-6 wpb_column vc_column_container\"><div class=\"vc_column-inner\"><div class=\"wpb_wrapper\">\r\n\t<div class=\"wpb_text_column\">\r\n\t\t<div class=\"wpb_wrapper\">\r\n\t\t\t<p>Companiile pot<strong data-start=\"281\" data-end=\"509\"> redirec\u021biona 20% din impozitul pe profit <\/strong>c\u0103tre Clubul Sportiv de Echita\u021bie Equester Ia\u0219i, sprijinind direct organizarea de <a href=\"https:\/\/equester.ro\/en\/competitii-de-echitatie\/\">competi\u021bii regionale<\/a>, preg\u0103tirea sportivilor \u0219i dezvoltarea de programe pentru tineri.<\/p>\n<p>Este un mecanism fiscal simplu, care permite implicarea real\u0103 \u00een sus\u021binerea performan\u021bei sportive, <strong data-start=\"611\" data-end=\"673\">f\u0103r\u0103 niciun impact financiar suplimentar asupra companiei.<\/strong><\/p>\n\r\n\t\t<\/div>\r\n\t<\/div>\r\n<div class=\"w-separator size_large\"><\/div>\r\n\t<div class=\"wpb_text_column\">\r\n\t\t<div class=\"wpb_wrapper\">\r\n\t\t\t<h2>Cum s\u0103 redirec\u021bionezi 20%?<\/h2>\n<p><a href=\"https:\/\/termene.ro\/articole\/cum-depui-formularul-177-prin-care-redirectionezi-unui-ong-pana-la-20-din-profit\"><strong>Formularul 177<\/strong><\/a> permite firmelor pl\u0103titoare de impozit pe profit sau micro\u00eentreprinderilor s\u0103 vireze p\u00e2n\u0103 la 20% din valoarea impozitului pe profit sau a impozitului pe venituri, cu titlul de sponsorizare, c\u0103tre un ONG.<\/p>\n<p><strong>1. Calculezi suma redirec\u021bionat\u0103: <\/strong>Suma maxim\u0103 ce poate fi trecut\u0103 \u00een formular este de p\u00e2n\u0103 la 20% din valoarea impozitului;<\/p>\n<p><strong>2. Completezi dou\u0103 documente:<\/strong> Completezi un contract de sponsorizare \u0219i formularul 177, care poate fi desc\u0103rcat pe site-ul ANAF (se g\u0103se\u0219te aici<a href=\"https:\/\/static.anaf.ro\/static\/10\/Anaf\/Declaratii_R\/177.html\"> FORMULAR 177<\/a>). Pentru detalii \u0219i suport \u00een completarea documentelor, ne po\u021bi contacta la <strong>Tel.\u00a0 0725 925 784<\/strong>;<\/p>\n<p><strong>3. Actul legislativ care reglementeaz\u0103 utilizarea formularului 177: <a href=\"https:\/\/static.anaf.ro\/static\/10\/Anaf\/legislatie\/OPANAF_1679_2022.pdf\">ORDIN Nr. 1679\/2022 din 20 septembrie 2022<\/a><\/strong>.<\/p>\n<p><em>Not\u0103: <a href=\"https:\/\/static.anaf.ro\/static\/10\/Iasi\/material_informativ-1_23-09-2022.pdf\">Redirec\u021bionarea a 20% din impozitul pe profit<\/a> nu afecteaz\u0103 bugetul companiei, ci reprezint\u0103 o facilitate fiscal\u0103.<\/em><\/p>\n\r\n\t\t<\/div>\r\n\t<\/div>\r\n<\/div><\/div><\/div><div class=\"vc_col-sm-6 wpb_column vc_column_container\"><div class=\"vc_column-inner\"><div class=\"wpb_wrapper\"><a class=\"w-flipbox animation_coveropen direction_n\" style=\"width:100%;\" href=\"https:\/\/drive.google.com\/file\/d\/1HBIkWW-5AbCQI-aDv9cdJBHQEpWzzb_M\/view?usp=sharing\"><div class=\"w-flipbox-h easing_easeInOutCirc\" style=\"transition-duration:0.5s;\"><div class=\"w-flipbox-hh\"><div class=\"w-flipbox-front\" style=\"height:600px;background:#e8e8e8;color:#333333;\"><div class=\"w-flipbox-front-h\"><h5 class=\"w-flipbox-front-title\" style=\"color:#333333;\">Deschide documentul \u201eParteneriat pentru performan\u021b\u0103\u201d<\/h5><div class=\"w-flipbox-front-icon type_image\"><img loading=\"lazy\" decoding=\"async\" width=\"212\" height=\"300\" src=\"https:\/\/equester.ro\/wp-content\/uploads\/2025\/05\/Equester-prezentare-sponsori-2025-212x300.jpg\" class=\"attachment-medium size-medium\" alt=\"Equester - prezentare sponsori 2025\" srcset=\"https:\/\/equester.ro\/wp-content\/uploads\/2025\/05\/Equester-prezentare-sponsori-2025-212x300.jpg 212w, https:\/\/equester.ro\/wp-content\/uploads\/2025\/05\/Equester-prezentare-sponsori-2025-724x1024.jpg 724w, https:\/\/equester.ro\/wp-content\/uploads\/2025\/05\/Equester-prezentare-sponsori-2025-1086x1536.jpg 1086w, https:\/\/equester.ro\/wp-content\/uploads\/2025\/05\/Equester-prezentare-sponsori-2025-1448x2048.jpg 1448w, https:\/\/equester.ro\/wp-content\/uploads\/2025\/05\/Equester-prezentare-sponsori-2025-8x12.jpg 8w, https:\/\/equester.ro\/wp-content\/uploads\/2025\/05\/Equester-prezentare-sponsori-2025-scaled.jpg 1810w\" sizes=\"auto, (max-width: 212px) 100vw, 212px\" \/><\/div><\/div><\/div><div class=\"w-flipbox-back\" style=\"display:none;background:#e8a30e;color:#ffffff;\"><div class=\"w-flipbox-back-h\"><h2 class=\"w-flipbox-back-title\" style=\"color:#ffffff;\">PARTENERIAT PENTRU PERFORMAN\u021a\u0102<\/h2><div class=\"w-flipbox-back-desc\"><p>V\u0103 invit\u0103m s\u0103 consulta\u021bi documentul \u201eParteneriat pentru performan\u021b\u0103\u201d pentru a descoperi oportunit\u0103\u021bile de sponsorizare \u0219i beneficiile asociate sus\u021binerii echita\u021biei de performan\u021b\u0103.<\/p>\n<p>Implicarea dumneavoastr\u0103 poate contribui direct la dezvoltarea sportului, a infrastructurii \u0219i a noii genera\u021bii de sportivi.<\/p>\n<p>V\u0103 mul\u021bumim!<\/p>\n<\/div><\/div><\/div><\/div><\/div><\/a>\r\n\t<div class=\"wpb_text_column\">\r\n\t\t<div class=\"wpb_wrapper\">\r\n\t\t\t\r\n\t\t<\/div>\r\n\t<\/div>\r\n<div class=\"w-separator size_huge\"><\/div><div class=\"w-btn-wrapper width_auto align_center\"><a class=\"w-btn us-btn-style_1\" href=\"https:\/\/equester.ro\/en\/clubul-sportiv-equester-contact\/\"><span class=\"w-btn-label\">Solicit\u0103 contractul de sponsorizare<\/span><\/a><\/div><div class=\"w-separator size_small\"><\/div><\/div><\/div><\/div><\/div><div class=\"w-separator size_medium\"><\/div><\/div><\/div><\/div><\/div><\/div><\/section>","protected":false},"excerpt":{"rendered":"Redirec\u021bioneaz\u0103 3,5% din impozitul pe venit Dac\u0103 e\u0219ti angajat, po\u021bi redirec\u021biona 3,5% din impozitul t\u0103u pe venit c\u0103tre Clubul Sportiv de Echita\u021bie Equester Ia\u0219i, f\u0103r\u0103 niciun cost pentru tine. Prin acest gest simplu, ne aju\u021bi s\u0103 construim un Centru Regional de Echita\u021bie, care s\u0103 ofere condi\u021bii corecte de antrenament \u0219i competi\u021bii, s\u0103 sus\u021bin\u0103 dezvoltarea tinerilor...","protected":false},"author":2,"featured_media":10603,"parent":0,"menu_order":0,"comment_status":"closed","ping_status":"closed","template":"","meta":{"_acf_changed":false,"footnotes":""},"class_list":["post-10702","page","type-page","status-publish","has-post-thumbnail","hentry"],"acf":[],"yoast_head":"<!-- This site is optimized with the Yoast SEO plugin v27.2 - https:\/\/yoast.com\/product\/yoast-seo-wordpress\/ -->\n<title>Redirec\u021bioneaz\u0103 impozitul c\u0103tre Clubul Sportiv Equester Ia\u0219i<\/title>\n<meta name=\"description\" content=\"Ca angajat, po\u021bi redirec\u021biona 3,5% din impozitul t\u0103u pe venit c\u0103tre Clubul Sportiv de Echita\u021bie Equester Ia\u0219i, f\u0103r\u0103 niciun cost pentru tine.\" \/>\n<meta name=\"robots\" content=\"index, follow, max-snippet:-1, max-image-preview:large, max-video-preview:-1\" \/>\n<link rel=\"canonical\" href=\"https:\/\/equester.ro\/en\/redirectioneaza-impozitul\/\" \/>\n<meta property=\"og:locale\" content=\"en_GB\" \/>\n<meta property=\"og:type\" content=\"article\" \/>\n<meta property=\"og:title\" content=\"Redirec\u021bioneaz\u0103 impozitul c\u0103tre Clubul Sportiv Equester Ia\u0219i\" \/>\n<meta property=\"og:description\" content=\"Ca angajat, po\u021bi redirec\u021biona 3,5% din impozitul t\u0103u pe venit c\u0103tre Clubul Sportiv de Echita\u021bie Equester Ia\u0219i, f\u0103r\u0103 niciun cost pentru tine.\" \/>\n<meta property=\"og:url\" content=\"https:\/\/equester.ro\/en\/redirectioneaza-impozitul\/\" \/>\n<meta property=\"og:site_name\" content=\"Equester\" \/>\n<meta property=\"article:publisher\" content=\"https:\/\/www.facebook.com\/pages\/category\/Organization\/EQUESTER-RIDING-CLUB-102365276476404\/\" \/>\n<meta property=\"article:modified_time\" content=\"2026-01-08T15:33:28+00:00\" \/>\n<meta property=\"og:image\" content=\"https:\/\/equester.ro\/wp-content\/uploads\/2025\/04\/Clubul-sportiv-Equester-Cupa-FER-II-09.jpg\" \/>\n\t<meta property=\"og:image:width\" content=\"1000\" \/>\n\t<meta property=\"og:image:height\" content=\"667\" \/>\n\t<meta property=\"og:image:type\" content=\"image\/jpeg\" \/>\n<meta name=\"twitter:card\" content=\"summary_large_image\" \/>\n<meta name=\"twitter:label1\" content=\"Estimated reading time\" \/>\n\t<meta name=\"twitter:data1\" content=\"3 minutes\" \/>\n<script type=\"application\/ld+json\" class=\"yoast-schema-graph\">{\"@context\":\"https:\/\/schema.org\",\"@graph\":[{\"@type\":\"WebPage\",\"@id\":\"https:\/\/equester.ro\/redirectioneaza-impozitul\/\",\"url\":\"https:\/\/equester.ro\/redirectioneaza-impozitul\/\",\"name\":\"Redirec\u021bioneaz\u0103 impozitul c\u0103tre Clubul Sportiv Equester Ia\u0219i\",\"isPartOf\":{\"@id\":\"https:\/\/equester.ro\/#website\"},\"primaryImageOfPage\":{\"@id\":\"https:\/\/equester.ro\/redirectioneaza-impozitul\/#primaryimage\"},\"image\":{\"@id\":\"https:\/\/equester.ro\/redirectioneaza-impozitul\/#primaryimage\"},\"thumbnailUrl\":\"https:\/\/equester.ro\/wp-content\/uploads\/2025\/04\/Clubul-sportiv-Equester-Cupa-FER-II-09.jpg\",\"datePublished\":\"2025-05-19T14:30:53+00:00\",\"dateModified\":\"2026-01-08T15:33:28+00:00\",\"description\":\"Ca angajat, po\u021bi redirec\u021biona 3,5% din impozitul t\u0103u pe venit c\u0103tre Clubul Sportiv de Echita\u021bie Equester Ia\u0219i, f\u0103r\u0103 niciun cost pentru tine.\",\"breadcrumb\":{\"@id\":\"https:\/\/equester.ro\/redirectioneaza-impozitul\/#breadcrumb\"},\"inLanguage\":\"en-GB\",\"potentialAction\":[{\"@type\":\"ReadAction\",\"target\":[\"https:\/\/equester.ro\/redirectioneaza-impozitul\/\"]}]},{\"@type\":\"ImageObject\",\"inLanguage\":\"en-GB\",\"@id\":\"https:\/\/equester.ro\/redirectioneaza-impozitul\/#primaryimage\",\"url\":\"https:\/\/equester.ro\/wp-content\/uploads\/2025\/04\/Clubul-sportiv-Equester-Cupa-FER-II-09.jpg\",\"contentUrl\":\"https:\/\/equester.ro\/wp-content\/uploads\/2025\/04\/Clubul-sportiv-Equester-Cupa-FER-II-09.jpg\",\"width\":1000,\"height\":667},{\"@type\":\"BreadcrumbList\",\"@id\":\"https:\/\/equester.ro\/redirectioneaza-impozitul\/#breadcrumb\",\"itemListElement\":[{\"@type\":\"ListItem\",\"position\":1,\"name\":\"Home\",\"item\":\"https:\/\/equester.ro\/\"},{\"@type\":\"ListItem\",\"position\":2,\"name\":\"Redirec\u021bioneaz\u0103 impozitul c\u0103tre Clubul Sportiv de Echita\u021bie Equester Ia\u0219i\"}]},{\"@type\":\"WebSite\",\"@id\":\"https:\/\/equester.ro\/#website\",\"url\":\"https:\/\/equester.ro\/\",\"name\":\"Equester\",\"description\":\"Equester - Club de Echitatie Iasi\",\"publisher\":{\"@id\":\"https:\/\/equester.ro\/#organization\"},\"potentialAction\":[{\"@type\":\"SearchAction\",\"target\":{\"@type\":\"EntryPoint\",\"urlTemplate\":\"https:\/\/equester.ro\/?s={search_term_string}\"},\"query-input\":{\"@type\":\"PropertyValueSpecification\",\"valueRequired\":true,\"valueName\":\"search_term_string\"}}],\"inLanguage\":\"en-GB\"},{\"@type\":\"Organization\",\"@id\":\"https:\/\/equester.ro\/#organization\",\"name\":\"Clubul de echita\u021bie Equester\",\"url\":\"https:\/\/equester.ro\/\",\"logo\":{\"@type\":\"ImageObject\",\"inLanguage\":\"en-GB\",\"@id\":\"https:\/\/equester.ro\/#\/schema\/logo\/image\/\",\"url\":\"https:\/\/equester.ro\/wp-content\/uploads\/2017\/09\/logo.png\",\"contentUrl\":\"https:\/\/equester.ro\/wp-content\/uploads\/2017\/09\/logo.png\",\"width\":2652,\"height\":795,\"caption\":\"Clubul de echita\u021bie Equester\"},\"image\":{\"@id\":\"https:\/\/equester.ro\/#\/schema\/logo\/image\/\"},\"sameAs\":[\"https:\/\/www.facebook.com\/pages\/category\/Organization\/EQUESTER-RIDING-CLUB-102365276476404\/\"]}]}<\/script>\n<!-- \/ Yoast SEO plugin. -->","yoast_head_json":{"title":"Redirec\u021bioneaz\u0103 impozitul c\u0103tre Clubul Sportiv Equester Ia\u0219i","description":"Ca angajat, po\u021bi redirec\u021biona 3,5% din impozitul t\u0103u pe venit c\u0103tre Clubul Sportiv de Echita\u021bie Equester Ia\u0219i, f\u0103r\u0103 niciun cost pentru tine.","robots":{"index":"index","follow":"follow","max-snippet":"max-snippet:-1","max-image-preview":"max-image-preview:large","max-video-preview":"max-video-preview:-1"},"canonical":"https:\/\/equester.ro\/en\/redirectioneaza-impozitul\/","og_locale":"en_GB","og_type":"article","og_title":"Redirec\u021bioneaz\u0103 impozitul c\u0103tre Clubul Sportiv Equester Ia\u0219i","og_description":"Ca angajat, po\u021bi redirec\u021biona 3,5% din impozitul t\u0103u pe venit c\u0103tre Clubul Sportiv de Echita\u021bie Equester Ia\u0219i, f\u0103r\u0103 niciun cost pentru tine.","og_url":"https:\/\/equester.ro\/en\/redirectioneaza-impozitul\/","og_site_name":"Equester","article_publisher":"https:\/\/www.facebook.com\/pages\/category\/Organization\/EQUESTER-RIDING-CLUB-102365276476404\/","article_modified_time":"2026-01-08T15:33:28+00:00","og_image":[{"width":1000,"height":667,"url":"https:\/\/equester.ro\/wp-content\/uploads\/2025\/04\/Clubul-sportiv-Equester-Cupa-FER-II-09.jpg","type":"image\/jpeg"}],"twitter_card":"summary_large_image","twitter_misc":{"Estimated reading time":"3 minutes"},"schema":{"@context":"https:\/\/schema.org","@graph":[{"@type":"WebPage","@id":"https:\/\/equester.ro\/redirectioneaza-impozitul\/","url":"https:\/\/equester.ro\/redirectioneaza-impozitul\/","name":"Redirec\u021bioneaz\u0103 impozitul c\u0103tre Clubul Sportiv Equester Ia\u0219i","isPartOf":{"@id":"https:\/\/equester.ro\/#website"},"primaryImageOfPage":{"@id":"https:\/\/equester.ro\/redirectioneaza-impozitul\/#primaryimage"},"image":{"@id":"https:\/\/equester.ro\/redirectioneaza-impozitul\/#primaryimage"},"thumbnailUrl":"https:\/\/equester.ro\/wp-content\/uploads\/2025\/04\/Clubul-sportiv-Equester-Cupa-FER-II-09.jpg","datePublished":"2025-05-19T14:30:53+00:00","dateModified":"2026-01-08T15:33:28+00:00","description":"Ca angajat, po\u021bi redirec\u021biona 3,5% din impozitul t\u0103u pe venit c\u0103tre Clubul Sportiv de Echita\u021bie Equester Ia\u0219i, f\u0103r\u0103 niciun cost pentru tine.","breadcrumb":{"@id":"https:\/\/equester.ro\/redirectioneaza-impozitul\/#breadcrumb"},"inLanguage":"en-GB","potentialAction":[{"@type":"ReadAction","target":["https:\/\/equester.ro\/redirectioneaza-impozitul\/"]}]},{"@type":"ImageObject","inLanguage":"en-GB","@id":"https:\/\/equester.ro\/redirectioneaza-impozitul\/#primaryimage","url":"https:\/\/equester.ro\/wp-content\/uploads\/2025\/04\/Clubul-sportiv-Equester-Cupa-FER-II-09.jpg","contentUrl":"https:\/\/equester.ro\/wp-content\/uploads\/2025\/04\/Clubul-sportiv-Equester-Cupa-FER-II-09.jpg","width":1000,"height":667},{"@type":"BreadcrumbList","@id":"https:\/\/equester.ro\/redirectioneaza-impozitul\/#breadcrumb","itemListElement":[{"@type":"ListItem","position":1,"name":"Home","item":"https:\/\/equester.ro\/"},{"@type":"ListItem","position":2,"name":"Redirec\u021bioneaz\u0103 impozitul c\u0103tre Clubul Sportiv de Echita\u021bie Equester Ia\u0219i"}]},{"@type":"WebSite","@id":"https:\/\/equester.ro\/#website","url":"https:\/\/equester.ro\/","name":"Equester","description":"Equester - Club de Echitatie Iasi","publisher":{"@id":"https:\/\/equester.ro\/#organization"},"potentialAction":[{"@type":"SearchAction","target":{"@type":"EntryPoint","urlTemplate":"https:\/\/equester.ro\/?s={search_term_string}"},"query-input":{"@type":"PropertyValueSpecification","valueRequired":true,"valueName":"search_term_string"}}],"inLanguage":"en-GB"},{"@type":"Organization","@id":"https:\/\/equester.ro\/#organization","name":"Clubul de echita\u021bie Equester","url":"https:\/\/equester.ro\/","logo":{"@type":"ImageObject","inLanguage":"en-GB","@id":"https:\/\/equester.ro\/#\/schema\/logo\/image\/","url":"https:\/\/equester.ro\/wp-content\/uploads\/2017\/09\/logo.png","contentUrl":"https:\/\/equester.ro\/wp-content\/uploads\/2017\/09\/logo.png","width":2652,"height":795,"caption":"Clubul de echita\u021bie Equester"},"image":{"@id":"https:\/\/equester.ro\/#\/schema\/logo\/image\/"},"sameAs":["https:\/\/www.facebook.com\/pages\/category\/Organization\/EQUESTER-RIDING-CLUB-102365276476404\/"]}]}},"featured_image_src":"https:\/\/equester.ro\/wp-content\/uploads\/2025\/04\/Clubul-sportiv-Equester-Cupa-FER-II-09.jpg","featured_image_src_square":"https:\/\/equester.ro\/wp-content\/uploads\/2025\/04\/Clubul-sportiv-Equester-Cupa-FER-II-09.jpg","rbea_author_info":{"display_name":"Admin Equester","author_link":"https:\/\/equester.ro\/en\/author\/adminequester\/"},"rbea_excerpt_info":null,"_links":{"self":[{"href":"https:\/\/equester.ro\/en\/wp-json\/wp\/v2\/pages\/10702","targetHints":{"allow":["GET"]}}],"collection":[{"href":"https:\/\/equester.ro\/en\/wp-json\/wp\/v2\/pages"}],"about":[{"href":"https:\/\/equester.ro\/en\/wp-json\/wp\/v2\/types\/page"}],"author":[{"embeddable":true,"href":"https:\/\/equester.ro\/en\/wp-json\/wp\/v2\/users\/2"}],"replies":[{"embeddable":true,"href":"https:\/\/equester.ro\/en\/wp-json\/wp\/v2\/comments?post=10702"}],"version-history":[{"count":0,"href":"https:\/\/equester.ro\/en\/wp-json\/wp\/v2\/pages\/10702\/revisions"}],"wp:featuredmedia":[{"embeddable":true,"href":"https:\/\/equester.ro\/en\/wp-json\/wp\/v2\/media\/10603"}],"wp:attachment":[{"href":"https:\/\/equester.ro\/en\/wp-json\/wp\/v2\/media?parent=10702"}],"curies":[{"name":"wp","href":"https:\/\/api.w.org\/{rel}","templated":true}]}}