{"id":1437,"date":"2013-09-06T15:19:20","date_gmt":"2013-09-06T12:19:20","guid":{"rendered":"http:\/\/impreza.us-themes.net\/pages\/contact-2\/"},"modified":"2025-01-08T17:34:50","modified_gmt":"2025-01-08T14:34:50","slug":"clubul-sportiv-equester-contact","status":"publish","type":"page","link":"https:\/\/equester.ro\/en\/clubul-sportiv-equester-contact\/","title":{"rendered":"Clubul sportiv Equester &#8211; contact"},"content":{"rendered":"<section class=\"l-section wpb_row height_medium color_primary with_img\"><div class=\"l-section-img\" style=\"background-image: url(https:\/\/equester.ro\/wp-content\/uploads\/2023\/09\/Equester-contact-web.jpg);background-repeat: no-repeat;\" data-img-width=\"2500\" data-img-height=\"696\"><\/div><div class=\"l-section-h i-cf\"><div class=\"g-cols vc_row type_default valign_middle\"><div class=\"vc_col-sm-12 wpb_column vc_column_container\"><div class=\"vc_column-inner\"><div class=\"wpb_wrapper\"><div class=\"w-separator size_medium\"><\/div>\r\n\t<div class=\"wpb_text_column \">\r\n\t\t<div class=\"wpb_wrapper\">\r\n\t\t\t<h2 style=\"text-align: center;\"><strong>E\u0219ti gata de o nou\u0103 aventur\u0103?<\/strong><\/h2>\n<h6 style=\"text-align: center;\">Clubul sportiv Equester te a\u0219teapt\u0103 s\u0103 descoperi <a href=\"https:\/\/equester.ro\/despre-caii-clubului-equester\/\">bucuria de a te \u00eemprieteni cu caii<\/a>!<\/h6>\n\r\n\t\t<\/div>\r\n\t<\/div>\r\n<div class=\"w-separator size_small\"><\/div><div class=\"w-iconbox iconpos_top style_default color_custom align_center no_title no_text\"><div class=\"w-iconbox-icon\"><i class=\"fas fa-chevron-down\"><\/i><\/div><div class=\"w-iconbox-meta\"><\/div><\/div><div class=\"w-separator size_small\"><\/div><\/div><\/div><\/div><\/div><\/div><\/section><section class=\"l-section wpb_row height_medium\"><div class=\"l-section-h i-cf\"><div class=\"g-cols vc_row type_default valign_top gap-10px\"><style>.g-cols.gap-10px{margin:0 calc(-1.5rem - 10px)}.gap-10px > .vc_column_container {padding:10px}<\/style><div class=\"vc_col-sm-6 wpb_column vc_column_container\"><div class=\"vc_column-inner\"><div class=\"wpb_wrapper\"><div class=\"w-iconbox iconpos_left style_circle color_primary align_left no_text\"><div class=\"w-iconbox-icon\" style=\"font-size:22px;\"><i class=\"fas fa-envelope\"><\/i><\/div><div class=\"w-iconbox-meta\"><h4 class=\"w-iconbox-title\">office@equester.ro<\/h4><\/div><\/div><div class=\"w-separator size_small\"><\/div><div class=\"w-iconbox iconpos_left style_circle color_primary align_left no_text\"><div class=\"w-iconbox-icon\" style=\"font-size:22px;\"><i class=\"fas fa-phone\"><\/i><\/div><div class=\"w-iconbox-meta\"><h4 class=\"w-iconbox-title\">Tel. 0725 925 781<\/h4><\/div><\/div><div class=\"w-separator size_medium\"><\/div><div class=\"w-iconbox iconpos_left style_circle color_primary align_left\"><div class=\"w-iconbox-icon\" style=\"font-size:22px;\"><i class=\"fas fa-edit\"><\/i><\/div><div class=\"w-iconbox-meta\"><h4 class=\"w-iconbox-title\">Programare online<\/h4><div class=\"w-iconbox-text\"><h4><a href=\"https:\/\/equester.ro\/index.php\/rezervare-formular\/\">Formular online<\/a><\/h4>\n<\/div><\/div><\/div><div class=\"w-separator size_medium\"><\/div><div class=\"w-iconbox iconpos_left style_circle color_primary align_left\"><div class=\"w-iconbox-icon\" style=\"font-size:22px;\"><i class=\"fas fa-edit\"><\/i><\/div><div class=\"w-iconbox-meta\"><h4 class=\"w-iconbox-title\">Trimite un feedback<\/h4><div class=\"w-iconbox-text\"><p>Ai participat la o experien\u021b\u0103 de c\u0103l\u0103rie, la Equester? Cum te-ai sim\u021bit? \u00a0<a href=\"https:\/\/equester.ro\/formular-de-feedback\/\">Formular de feedback<\/a><\/p>\n<\/div><\/div><\/div><div class=\"w-separator size_medium\"><\/div><div class=\"w-iconbox iconpos_left style_circle color_primary align_left\"><div class=\"w-iconbox-icon\" style=\"font-size:22px;\"><i class=\"fas fa-horse\"><\/i><\/div><div class=\"w-iconbox-meta\"><h4 class=\"w-iconbox-title\">Programul pentru lec\u021biile de echita\u021bie:<\/h4><div class=\"w-iconbox-text\"><p>Luni &#8211; Vineri, \u00eentre 08:45 &#8211; 20:00;<\/p>\n<p>S\u00e2mb\u0103t\u0103 &#8211; Duminic\u0103 \u0219i \u00een zilele de s\u0103rb\u0103toare legal\u0103:<br \/>\n8:00 &#8211; 12:00 \u0219i 14:00 &#8211; 18:00\u00a0 (\u00een intervalul 12:00 &#8211; 14:00 caii au program de mas\u0103)<\/p>\n<\/div><\/div><\/div><div class=\"w-separator size_medium\"><\/div><div class=\"w-iconbox iconpos_left style_circle color_primary align_left\"><div class=\"w-iconbox-icon\" style=\"font-size:22px;\"><i class=\"fas fa-map-marker-alt\"><\/i><\/div><div class=\"w-iconbox-meta\"><h4 class=\"w-iconbox-title\">Clubul Sportiv Equester - Voine\u0219ti, 707600, Ia\u0219i<\/h4><div class=\"w-iconbox-text\"><p>Vezi <a href=\"https:\/\/www.google.com\/maps\/place\/Clubul+sportiv+de+echitatie+Equester\/@47.0933719,27.4455861,19z\/data=!4m19!1m13!4m12!1m4!2m2!1d27.574496!2d47.165485!4e1!1m6!1m2!1s0x40caefd85b8a25e3:0x9d25e049857efa6e!2sclubul+equester!2m2!1d27.4456034!2d47.0935411!3m4!1s0x40caefd85b8a25e3:0x9d25e049857efa6e!8m2!3d47.0935411!4d27.4456034\">loca\u021bia prin Google Maps<\/a><\/p>\n<\/div><\/div><\/div><div class=\"w-separator size_medium\"><\/div><div class=\"w-iconbox iconpos_left style_circle color_primary align_left no_text\"><div class=\"w-iconbox-icon\" style=\"font-size:22px;\"><i class=\"fas fa-edit\"><\/i><\/div><div class=\"w-iconbox-meta\"><h4 class=\"w-iconbox-title\">Vrei s\u0103 ne urm\u0103re\u0219ti?<\/h4><\/div><\/div><div class=\"g-cols wpb_row  type_default valign_top vc_inner  vc_custom_1712561921782\"><div class=\"vc_col-sm-3 wpb_column vc_column_container\"><div class=\"vc_column-inner\"><div class=\"wpb_wrapper\"><div class=\"w-socials style_colored hover_fade color_brand shape_rounded align_center\"><div class=\"w-socials-list\" style=\"font-size:20px;margin:-0;\"><div class=\"w-socials-item facebook\" style=\"padding:0;\"><a class=\"w-socials-item-link\" rel=\"nofollow\" target=\"_blank\" href=\"https:\/\/www.facebook.com\/pages\/category\/Organization\/EQUESTER-RIDING-CLUB-102365276476404\/\" title=\"Facebook\" aria-label=\"Facebook\"><span class=\"w-socials-item-link-hover\"><\/span><\/a><div class=\"w-socials-item-popup\"><span>Facebook<\/span><\/div><\/div><\/div><\/div><\/div><\/div><\/div><div class=\"vc_col-sm-3 wpb_column vc_column_container\"><div class=\"vc_column-inner\"><div class=\"wpb_wrapper\"><div class=\"w-socials style_colored hover_fade color_brand shape_rounded align_center\"><div class=\"w-socials-list\" style=\"font-size:20px;margin:-0;\"><div class=\"w-socials-item instagram\" style=\"padding:0;\"><a class=\"w-socials-item-link\" rel=\"nofollow\" target=\"_blank\" href=\"https:\/\/www.instagram.com\/equester_riding_club\/\" title=\"Instagram\" aria-label=\"Instagram\"><span class=\"w-socials-item-link-hover\"><\/span><\/a><div class=\"w-socials-item-popup\"><span>Instagram<\/span><\/div><\/div><\/div><\/div><\/div><\/div><\/div><\/div><\/div><\/div><\/div><div class=\"vc_col-sm-6 wpb_column vc_column_container\"><div class=\"vc_column-inner\"><div class=\"wpb_wrapper\">\r\n\t<div class=\"wpb_text_column \">\r\n\t\t<div class=\"wpb_wrapper\">\r\n\t\t\t<h4><strong>Ai o \u00eentrebare?<\/strong><\/h4>\n<p>Noi, to\u021bi cei care facem parte din Clubul sportiv Equester, ne dorim s\u0103 g\u0103sim \u00eempreun\u0103 r\u0103spunsuri la c\u0103ut\u0103rile tale, s\u0103 \u00eemp\u0103rt\u0103\u0219im cu tine pasiunea \u0219i experien\u021bele tr\u0103ite al\u0103turi de cai. A\u0219a c\u0103, orice idee, curiozitate sau \u00eentrebare este binevenit\u0103!<\/p>\n\r\n\t\t<\/div>\r\n\t<\/div>\r\n<div class=\"w-separator size_medium\"><\/div><div class=\"w-form for_cform us_form_1\">\r\n\t<form class=\"w-form-h\" autocomplete=\"off\" action=\"https:\/\/equester.ro\/en\/wp-json\/wp\/v2\/pages\/1437\" method=\"post\">\r\n\t\t\t\t<div class=\"w-form-row for_text required with_icon\">\r\n\t\t<div class=\"w-form-row-field\">\r\n\t\t<i class=\"far fa-user\"><\/i>\t\t<input type=\"text\" name=\"us_form_1_text_1\" aria-label=\"Nume\" value=\"\" placeholder=\"Nume *\" data-required=\"true\" aria-required=\"true\"\/>\r\n\t\t<span class=\"w-form-row-field-bar\"><\/span>\r\n\t\t\t<\/div>\r\n\t\t<div class=\"w-form-row-state\">Fill out this field<\/div>\r\n<\/div>\r\n\t\t<div class=\"w-form-row for_text required with_icon\">\r\n\t\t<div class=\"w-form-row-field\">\r\n\t\t<i class=\"far fa-envelope\"><\/i>\t\t<input type=\"text\" name=\"us_form_1_text_2\" aria-label=\"Email\" value=\"\" placeholder=\"Email *\" data-required=\"true\" aria-required=\"true\"\/>\r\n\t\t<span class=\"w-form-row-field-bar\"><\/span>\r\n\t\t\t<\/div>\r\n\t\t<div class=\"w-form-row-state\">Fill out this field<\/div>\r\n<\/div>\r\n\t\t<div class=\"w-form-row for_text required with_icon\">\r\n\t\t<div class=\"w-form-row-field\">\r\n\t\t<i class=\"far fa-phone\"><\/i>\t\t<input type=\"text\" name=\"us_form_1_text_3\" aria-label=\"Telefon\" value=\"\" placeholder=\"Telefon *\" data-required=\"true\" aria-required=\"true\"\/>\r\n\t\t<span class=\"w-form-row-field-bar\"><\/span>\r\n\t\t\t<\/div>\r\n\t\t<div class=\"w-form-row-state\">Fill out this field<\/div>\r\n<\/div>\r\n\t\t<div class=\"w-form-row for_text required with_icon\">\r\n\t\t<div class=\"w-form-row-field\">\r\n\t\t<i class=\"far fa-pencil\"><\/i>\t\t<input type=\"text\" name=\"us_form_1_text_4\" aria-label=\"Subiect\" value=\"\" placeholder=\"Subiect *\" data-required=\"true\" aria-required=\"true\"\/>\r\n\t\t<span class=\"w-form-row-field-bar\"><\/span>\r\n\t\t\t<\/div>\r\n\t\t<div class=\"w-form-row-state\">Fill out this field<\/div>\r\n<\/div>\r\n\t\t<div class=\"w-form-row for_textarea with_icon\">\r\n\t\t<div class=\"w-form-row-field\">\r\n\t\t<i class=\"far fa-pencil\"><\/i>\t\t<textarea  name=\"us_form_1_textarea_1\" aria-label=\"Mesaj\" placeholder=\"Mesaj\"><\/textarea>\r\n\t\t<span class=\"w-form-row-field-bar\"><\/span>\r\n\t\t\t<\/div>\r\n\t\t<div class=\"w-form-row-state\">Fill out this field<\/div>\r\n<\/div>\r\n\t\t<div class=\"w-form-row for_agreement required\">\r\n\t\t\t<div class=\"w-form-row-label\">\r\n\t\t\t<span>Sunt de acord cu <span class=\"required\">*<\/span><\/span>\r\n\t\t<\/div>\r\n\t\t<div class=\"w-form-row-field\">\r\n\t\t\t\t<label>\r\n\t\t\t<input class=\"screen-reader-text\" type=\"checkbox\" name=\"us_form_1_agreement_1\" value=\"Politica GDPR\" data-required=\"true\" aria-required=\"true\"\/>\r\n\t\t\t<span class=\"w-form-checkbox\"><\/span>\r\n\t\t\t<span>Politica GDPR<\/span>\r\n\t\t<\/label>\r\n\t\t\t<\/div>\r\n\t\t\t<div class=\"w-form-row-description\">\r\n\t\t\thttps:\/\/equester.ro\/index.php\/politica-de-cookies-si-protectia-datelor-personale\/\t\t<\/div>\r\n\t\t<div class=\"w-form-row-state\">You need to agree with the terms to proceed<\/div>\r\n<\/div>\r\n\t\t<div class=\"w-form-row for_captcha required with_icon\">\r\n\t<div class=\"w-form-row-label\">\r\n\t\t<span>Pentru a dovedi c\u0103 e\u0219ti un vizitator real al site-ului Equester, te rug\u0103m s\u0103 rezolvi urm\u0103torul calcul: <span>20 + 14 = ?<\/span><\/span>\r\n\t<\/div>\r\n\t<div class=\"w-form-row-field\">\r\n\t\t\t\t<input type=\"hidden\" name=\"us_form_1_captcha_1_hash\" value=\"39cd9b5b0acd3f29f733bd9eeefc7c84\" \/>\r\n\t\t<i class=\"far fa-question-circle\"><\/i>\t\t<input type=\"text\" name=\"us_form_1_captcha_1\" aria-label=\"Pentru a dovedi c\u0103 e\u0219ti un vizitator real al site-ului Equester, te rug\u0103m s\u0103 rezolvi urm\u0103torul calcul:\" placeholder=\"\" data-required=\"true\" aria-required=\"true\"\"\/>\r\n\t\t<span class=\"w-form-row-field-bar\"><\/span>\r\n\t\t\t<\/div>\r\n\t\t<div class=\"w-form-row-state\">Enter the equation result to proceed<\/div>\r\n<\/div>\r\n\t\t<input type=\"hidden\" name=\"action\" value=\"us_ajax_cform\" \/>\r\n\t\t<input type=\"hidden\" name=\"post_id\" value=\"1437\" \/>\r\n\t\t<input type=\"hidden\" name=\"form_index\" value=\"1\" \/>\r\n\t\t<div class=\"w-form-row for_submit align_left\">\r\n\t<div class=\"w-form-row-field\">\r\n\t\t\t\t<button class=\"w-btn  us-btn-style_1\"  style=\"font-size:16px;\" type=\"submit\" aria-label=\"Trimite mesaj\">\r\n\t\t\t<span class=\"g-preloader type_1\"><\/span>\r\n\t\t\t\t\t\t<span class=\"w-btn-label\">Trimite mesaj<\/span>\r\n\t\t\t\t\t<\/button>\r\n\t<\/div>\r\n<\/div>\r\n\t\t\t\t<div class=\"w-form-message\"><\/div>\r\n\t\t\t<\/form>\r\n\t<div class=\"w-form-json hidden\" onclick='return {&quot;ajaxurl&quot;:&quot;https:\\\/\\\/equester.ro\\\/wp-admin\\\/admin-ajax.php&quot;}'><\/div>\r\n<\/div><div class=\"w-separator size_medium\"><\/div><\/div><\/div><\/div><\/div><\/div><\/section><section class=\"l-section wpb_row height_medium\"><div class=\"l-section-h i-cf\"><div class=\"g-cols vc_row type_default valign_top\"><div class=\"vc_col-sm-12 wpb_column vc_column_container\"><div class=\"vc_column-inner\"><div class=\"wpb_wrapper\"><div class=\"w-map provider_osm us_map_1\" id=\"us_map_1\" style=\"height:340px;\"><div class=\"w-map-json\" onclick='return {&quot;address&quot;:&quot;47.09354, 27.44560&quot;,&quot;markers&quot;:[{&quot;address&quot;:&quot;47.09354, 27.44560&quot;,&quot;html&quot;:&quot;Aici ne g\\u0103se\\u0219ti: Clubul Sportiv de Echita\\u021bie Equester, Voine\\u0219ti, 707600, Ia\\u0219i&quot;,&quot;infowindow&quot;:&quot;1&quot;}],&quot;zoom&quot;:14,&quot;height&quot;:&quot;340&quot;,&quot;style&quot;:&quot;https:\\\/\\\/{s}.tile.openstreetmap.org\\\/{z}\\\/{x}\\\/{y}.png&quot;}'><\/div><\/div><\/div><\/div><\/div><\/div><\/div><\/section>\n","protected":false},"excerpt":{"rendered":"E\u0219ti gata de o nou\u0103 aventur\u0103? Clubul sportiv Equester te a\u0219teapt\u0103 s\u0103 descoperi bucuria de a te \u00eemprieteni cu caii! .g-cols.gap-10px{margin:0 calc(-1.5rem - 10px)}.gap-10px > .vc_column_container {padding:10px}office@equester.roTel. 0725 925 781Programare onlineFormular online Trimite un feedbackAi participat la o experien\u021b\u0103 de c\u0103l\u0103rie, la Equester? Cum te-ai sim\u021bit? \u00a0Formular de feedback Programul pentru lec\u021biile de echita\u021bie:Luni -...","protected":false},"author":2,"featured_media":7548,"parent":0,"menu_order":0,"comment_status":"closed","ping_status":"closed","template":"","meta":{"_acf_changed":false,"footnotes":""},"class_list":["post-1437","page","type-page","status-publish","has-post-thumbnail","hentry"],"acf":[],"yoast_head":"<!-- This site is optimized with the Yoast SEO plugin v27.2 - https:\/\/yoast.com\/product\/yoast-seo-wordpress\/ -->\n<title>Clubul sportiv Equester - contact<\/title>\n<meta name=\"description\" content=\"Clubul sportiv de echita\u021bie Equester te a\u0219teapt\u0103 s\u0103 descoperi bucuria de a te \u00eemprieteni cu caii! E\u0219ti gata de o nou\u0103 aventur\u0103?\" \/>\n<meta name=\"robots\" content=\"index, follow, max-snippet:-1, max-image-preview:large, max-video-preview:-1\" \/>\n<link rel=\"canonical\" href=\"https:\/\/equester.ro\/en\/clubul-sportiv-equester-contact\/\" \/>\n<meta property=\"og:locale\" content=\"en_GB\" \/>\n<meta property=\"og:type\" content=\"article\" \/>\n<meta property=\"og:title\" content=\"Clubul sportiv Equester - contact\" \/>\n<meta property=\"og:description\" content=\"Clubul sportiv de echita\u021bie Equester te a\u0219teapt\u0103 s\u0103 descoperi bucuria de a te \u00eemprieteni cu caii! E\u0219ti gata de o nou\u0103 aventur\u0103?\" \/>\n<meta property=\"og:url\" content=\"https:\/\/equester.ro\/en\/clubul-sportiv-equester-contact\/\" \/>\n<meta property=\"og:site_name\" content=\"Equester\" \/>\n<meta property=\"article:publisher\" content=\"https:\/\/www.facebook.com\/pages\/category\/Organization\/EQUESTER-RIDING-CLUB-102365276476404\/\" \/>\n<meta property=\"article:modified_time\" content=\"2025-01-08T14:34:50+00:00\" \/>\n<meta property=\"og:image\" content=\"https:\/\/equester.ro\/wp-content\/uploads\/2019\/05\/Clubul-sportiv-Equester-cursuri-de-calarie-Iasi-Voinesti-web.jpg\" \/>\n\t<meta property=\"og:image:width\" content=\"2000\" \/>\n\t<meta property=\"og:image:height\" content=\"813\" \/>\n\t<meta property=\"og:image:type\" content=\"image\/jpeg\" \/>\n<meta name=\"twitter:card\" content=\"summary_large_image\" \/>\n<meta name=\"twitter:label1\" content=\"Estimated reading time\" \/>\n\t<meta name=\"twitter:data1\" content=\"2 minutes\" \/>\n<script type=\"application\/ld+json\" class=\"yoast-schema-graph\">{\"@context\":\"https:\/\/schema.org\",\"@graph\":[{\"@type\":\"WebPage\",\"@id\":\"https:\/\/equester.ro\/clubul-sportiv-equester-contact\/\",\"url\":\"https:\/\/equester.ro\/clubul-sportiv-equester-contact\/\",\"name\":\"Clubul sportiv Equester - contact\",\"isPartOf\":{\"@id\":\"https:\/\/equester.ro\/#website\"},\"primaryImageOfPage\":{\"@id\":\"https:\/\/equester.ro\/clubul-sportiv-equester-contact\/#primaryimage\"},\"image\":{\"@id\":\"https:\/\/equester.ro\/clubul-sportiv-equester-contact\/#primaryimage\"},\"thumbnailUrl\":\"https:\/\/equester.ro\/wp-content\/uploads\/2019\/05\/Clubul-sportiv-Equester-cursuri-de-calarie-Iasi-Voinesti-web.jpg\",\"datePublished\":\"2013-09-06T12:19:20+00:00\",\"dateModified\":\"2025-01-08T14:34:50+00:00\",\"description\":\"Clubul sportiv de echita\u021bie Equester te a\u0219teapt\u0103 s\u0103 descoperi bucuria de a te \u00eemprieteni cu caii! E\u0219ti gata de o nou\u0103 aventur\u0103?\",\"breadcrumb\":{\"@id\":\"https:\/\/equester.ro\/clubul-sportiv-equester-contact\/#breadcrumb\"},\"inLanguage\":\"en-GB\",\"potentialAction\":[{\"@type\":\"ReadAction\",\"target\":[\"https:\/\/equester.ro\/clubul-sportiv-equester-contact\/\"]}]},{\"@type\":\"ImageObject\",\"inLanguage\":\"en-GB\",\"@id\":\"https:\/\/equester.ro\/clubul-sportiv-equester-contact\/#primaryimage\",\"url\":\"https:\/\/equester.ro\/wp-content\/uploads\/2019\/05\/Clubul-sportiv-Equester-cursuri-de-calarie-Iasi-Voinesti-web.jpg\",\"contentUrl\":\"https:\/\/equester.ro\/wp-content\/uploads\/2019\/05\/Clubul-sportiv-Equester-cursuri-de-calarie-Iasi-Voinesti-web.jpg\",\"width\":2000,\"height\":813,\"caption\":\"Clubul sportiv Equester - cursuri de calarie Iasi - Voinesti web\"},{\"@type\":\"BreadcrumbList\",\"@id\":\"https:\/\/equester.ro\/clubul-sportiv-equester-contact\/#breadcrumb\",\"itemListElement\":[{\"@type\":\"ListItem\",\"position\":1,\"name\":\"Home\",\"item\":\"https:\/\/equester.ro\/\"},{\"@type\":\"ListItem\",\"position\":2,\"name\":\"Clubul sportiv Equester &#8211; contact\"}]},{\"@type\":\"WebSite\",\"@id\":\"https:\/\/equester.ro\/#website\",\"url\":\"https:\/\/equester.ro\/\",\"name\":\"Equester\",\"description\":\"Equester - Club de Echitatie Iasi\",\"publisher\":{\"@id\":\"https:\/\/equester.ro\/#organization\"},\"potentialAction\":[{\"@type\":\"SearchAction\",\"target\":{\"@type\":\"EntryPoint\",\"urlTemplate\":\"https:\/\/equester.ro\/?s={search_term_string}\"},\"query-input\":{\"@type\":\"PropertyValueSpecification\",\"valueRequired\":true,\"valueName\":\"search_term_string\"}}],\"inLanguage\":\"en-GB\"},{\"@type\":\"Organization\",\"@id\":\"https:\/\/equester.ro\/#organization\",\"name\":\"Clubul de echita\u021bie Equester\",\"url\":\"https:\/\/equester.ro\/\",\"logo\":{\"@type\":\"ImageObject\",\"inLanguage\":\"en-GB\",\"@id\":\"https:\/\/equester.ro\/#\/schema\/logo\/image\/\",\"url\":\"https:\/\/equester.ro\/wp-content\/uploads\/2017\/09\/logo.png\",\"contentUrl\":\"https:\/\/equester.ro\/wp-content\/uploads\/2017\/09\/logo.png\",\"width\":2652,\"height\":795,\"caption\":\"Clubul de echita\u021bie Equester\"},\"image\":{\"@id\":\"https:\/\/equester.ro\/#\/schema\/logo\/image\/\"},\"sameAs\":[\"https:\/\/www.facebook.com\/pages\/category\/Organization\/EQUESTER-RIDING-CLUB-102365276476404\/\"]}]}<\/script>\n<!-- \/ Yoast SEO plugin. -->","yoast_head_json":{"title":"Clubul sportiv Equester - contact","description":"Clubul sportiv de echita\u021bie Equester te a\u0219teapt\u0103 s\u0103 descoperi bucuria de a te \u00eemprieteni cu caii! E\u0219ti gata de o nou\u0103 aventur\u0103?","robots":{"index":"index","follow":"follow","max-snippet":"max-snippet:-1","max-image-preview":"max-image-preview:large","max-video-preview":"max-video-preview:-1"},"canonical":"https:\/\/equester.ro\/en\/clubul-sportiv-equester-contact\/","og_locale":"en_GB","og_type":"article","og_title":"Clubul sportiv Equester - contact","og_description":"Clubul sportiv de echita\u021bie Equester te a\u0219teapt\u0103 s\u0103 descoperi bucuria de a te \u00eemprieteni cu caii! E\u0219ti gata de o nou\u0103 aventur\u0103?","og_url":"https:\/\/equester.ro\/en\/clubul-sportiv-equester-contact\/","og_site_name":"Equester","article_publisher":"https:\/\/www.facebook.com\/pages\/category\/Organization\/EQUESTER-RIDING-CLUB-102365276476404\/","article_modified_time":"2025-01-08T14:34:50+00:00","og_image":[{"width":2000,"height":813,"url":"https:\/\/equester.ro\/wp-content\/uploads\/2019\/05\/Clubul-sportiv-Equester-cursuri-de-calarie-Iasi-Voinesti-web.jpg","type":"image\/jpeg"}],"twitter_card":"summary_large_image","twitter_misc":{"Estimated reading time":"2 minutes"},"schema":{"@context":"https:\/\/schema.org","@graph":[{"@type":"WebPage","@id":"https:\/\/equester.ro\/clubul-sportiv-equester-contact\/","url":"https:\/\/equester.ro\/clubul-sportiv-equester-contact\/","name":"Clubul sportiv Equester - contact","isPartOf":{"@id":"https:\/\/equester.ro\/#website"},"primaryImageOfPage":{"@id":"https:\/\/equester.ro\/clubul-sportiv-equester-contact\/#primaryimage"},"image":{"@id":"https:\/\/equester.ro\/clubul-sportiv-equester-contact\/#primaryimage"},"thumbnailUrl":"https:\/\/equester.ro\/wp-content\/uploads\/2019\/05\/Clubul-sportiv-Equester-cursuri-de-calarie-Iasi-Voinesti-web.jpg","datePublished":"2013-09-06T12:19:20+00:00","dateModified":"2025-01-08T14:34:50+00:00","description":"Clubul sportiv de echita\u021bie Equester te a\u0219teapt\u0103 s\u0103 descoperi bucuria de a te \u00eemprieteni cu caii! E\u0219ti gata de o nou\u0103 aventur\u0103?","breadcrumb":{"@id":"https:\/\/equester.ro\/clubul-sportiv-equester-contact\/#breadcrumb"},"inLanguage":"en-GB","potentialAction":[{"@type":"ReadAction","target":["https:\/\/equester.ro\/clubul-sportiv-equester-contact\/"]}]},{"@type":"ImageObject","inLanguage":"en-GB","@id":"https:\/\/equester.ro\/clubul-sportiv-equester-contact\/#primaryimage","url":"https:\/\/equester.ro\/wp-content\/uploads\/2019\/05\/Clubul-sportiv-Equester-cursuri-de-calarie-Iasi-Voinesti-web.jpg","contentUrl":"https:\/\/equester.ro\/wp-content\/uploads\/2019\/05\/Clubul-sportiv-Equester-cursuri-de-calarie-Iasi-Voinesti-web.jpg","width":2000,"height":813,"caption":"Clubul sportiv Equester - cursuri de calarie Iasi - Voinesti web"},{"@type":"BreadcrumbList","@id":"https:\/\/equester.ro\/clubul-sportiv-equester-contact\/#breadcrumb","itemListElement":[{"@type":"ListItem","position":1,"name":"Home","item":"https:\/\/equester.ro\/"},{"@type":"ListItem","position":2,"name":"Clubul sportiv Equester &#8211; contact"}]},{"@type":"WebSite","@id":"https:\/\/equester.ro\/#website","url":"https:\/\/equester.ro\/","name":"Equester","description":"Equester - Club de Echitatie Iasi","publisher":{"@id":"https:\/\/equester.ro\/#organization"},"potentialAction":[{"@type":"SearchAction","target":{"@type":"EntryPoint","urlTemplate":"https:\/\/equester.ro\/?s={search_term_string}"},"query-input":{"@type":"PropertyValueSpecification","valueRequired":true,"valueName":"search_term_string"}}],"inLanguage":"en-GB"},{"@type":"Organization","@id":"https:\/\/equester.ro\/#organization","name":"Clubul de echita\u021bie Equester","url":"https:\/\/equester.ro\/","logo":{"@type":"ImageObject","inLanguage":"en-GB","@id":"https:\/\/equester.ro\/#\/schema\/logo\/image\/","url":"https:\/\/equester.ro\/wp-content\/uploads\/2017\/09\/logo.png","contentUrl":"https:\/\/equester.ro\/wp-content\/uploads\/2017\/09\/logo.png","width":2652,"height":795,"caption":"Clubul de echita\u021bie Equester"},"image":{"@id":"https:\/\/equester.ro\/#\/schema\/logo\/image\/"},"sameAs":["https:\/\/www.facebook.com\/pages\/category\/Organization\/EQUESTER-RIDING-CLUB-102365276476404\/"]}]}},"featured_image_src":"https:\/\/equester.ro\/wp-content\/uploads\/2019\/05\/Clubul-sportiv-Equester-cursuri-de-calarie-Iasi-Voinesti-web.jpg","featured_image_src_square":"https:\/\/equester.ro\/wp-content\/uploads\/2019\/05\/Clubul-sportiv-Equester-cursuri-de-calarie-Iasi-Voinesti-web.jpg","rbea_author_info":{"display_name":"Admin Equester","author_link":"https:\/\/equester.ro\/en\/author\/adminequester\/"},"rbea_excerpt_info":null,"_links":{"self":[{"href":"https:\/\/equester.ro\/en\/wp-json\/wp\/v2\/pages\/1437","targetHints":{"allow":["GET"]}}],"collection":[{"href":"https:\/\/equester.ro\/en\/wp-json\/wp\/v2\/pages"}],"about":[{"href":"https:\/\/equester.ro\/en\/wp-json\/wp\/v2\/types\/page"}],"author":[{"embeddable":true,"href":"https:\/\/equester.ro\/en\/wp-json\/wp\/v2\/users\/2"}],"replies":[{"embeddable":true,"href":"https:\/\/equester.ro\/en\/wp-json\/wp\/v2\/comments?post=1437"}],"version-history":[{"count":0,"href":"https:\/\/equester.ro\/en\/wp-json\/wp\/v2\/pages\/1437\/revisions"}],"wp:featuredmedia":[{"embeddable":true,"href":"https:\/\/equester.ro\/en\/wp-json\/wp\/v2\/media\/7548"}],"wp:attachment":[{"href":"https:\/\/equester.ro\/en\/wp-json\/wp\/v2\/media?parent=1437"}],"curies":[{"name":"wp","href":"https:\/\/api.w.org\/{rel}","templated":true}]}}