{"id":2565,"date":"2013-12-17T09:39:11","date_gmt":"2013-12-17T06:39:11","guid":{"rendered":"http:\/\/impreza.us-themes.net\/?page_id=2565"},"modified":"2025-05-27T16:14:02","modified_gmt":"2025-05-27T13:14:02","slug":"despre-noi","status":"publish","type":"page","link":"https:\/\/equester.ro\/en\/despre-noi\/","title":{"rendered":"About us"},"content":{"rendered":"<section class=\"l-section wpb_row height_medium\"><div class=\"l-section-h i-cf\"><div class=\"g-cols vc_row type_default valign_top\"><div class=\"vc_col-sm-12 wpb_column vc_column_container\"><div class=\"vc_column-inner\"><div class=\"wpb_wrapper\"><div class=\"g-cols wpb_row  type_default valign_middle vc_inner\"><div class=\"vc_col-sm-6 wpb_column vc_column_container\"><div class=\"vc_column-inner\"><div class=\"wpb_wrapper\">\r\n\t<div class=\"wpb_text_column\">\r\n\t\t<div class=\"wpb_wrapper\">\r\n\t\t\t<h2>Equester, sport for Life!<\/h2>\n<p>The Equester Riding Club facilitates the reconnection with Life and Nature by teaching <strong>a noble sport<\/strong> and creating a harmonious relationship of partnership and friendship with horses. We are located in <a href=\"https:\/\/maps.app.goo.gl\/d6kBrLYCsPQUYmxPA\"><strong>Voine\u0219ti<\/strong><\/a>, about 14 kilometres from Iasi.<\/p>\n<p>The club was founded in the spring of 2009,led by the desire to offer the opportunity to spend quality time outdoors with family and friends, a time that contributes to both the physical health of people, but also to their <strong>mental balance.<\/strong><\/p>\n<p>How does this happen? First of all, horses teach us <a href=\"https:\/\/equester.ro\/en\/beneficiile-terapiei-cu-cai-la-adulti\/\"><strong>self-control<\/strong><\/a>, both of posture and body and of emotions.<br \/>\nCurrently, the activities at our base are organised into three main sections:<\/p>\n<ul>\n<li><a href=\"https:\/\/equester.ro\/en\/equester-rides\/\"><strong>EQUESTER RIDES<\/strong><\/a> - Riding sessions for teenagers\/young adults\/adults and trail riding;<\/li>\n<li><a href=\"https:\/\/equester.ro\/en\/equester-kids\/\"><strong>EQUESTER KIDS<\/strong><\/a> - Age-specific riding lessons for children;<\/li>\n<li><a href=\"https:\/\/equester.ro\/en\/equester-pro\/\"><strong>EQUESTER PRO<\/strong><\/a> - Training for athletes who practice competitive riding.<\/li>\n<\/ul>\n<p>The club is certified by the Romanian Equestrian Federation, with horses registered in the discipline of <em>Show Jumping<\/em>. This gives our trainees the opportunity to participate in competitions organized at national and international level.<\/p>\n\r\n\t\t<\/div>\r\n\t<\/div>\r\n<\/div><\/div><\/div><div class=\"vc_col-sm-6 wpb_column vc_column_container\"><div class=\"vc_column-inner\"><div class=\"wpb_wrapper\"><div class=\"w-separator size_medium\"><\/div><div class=\"w-image align_center\"><div class=\"w-image-h\"><img loading=\"lazy\" decoding=\"async\" width=\"2000\" height=\"1232\" src=\"https:\/\/equester.ro\/wp-content\/uploads\/2023\/09\/EQUESTER-KIDS-homepage.jpg\" class=\"attachment-full size-full\" alt=\"EQUESTER KIDS\" srcset=\"https:\/\/equester.ro\/wp-content\/uploads\/2023\/09\/EQUESTER-KIDS-homepage.jpg 2000w, https:\/\/equester.ro\/wp-content\/uploads\/2023\/09\/EQUESTER-KIDS-homepage-300x185.jpg 300w, https:\/\/equester.ro\/wp-content\/uploads\/2023\/09\/EQUESTER-KIDS-homepage-1024x631.jpg 1024w, https:\/\/equester.ro\/wp-content\/uploads\/2023\/09\/EQUESTER-KIDS-homepage-1536x946.jpg 1536w, https:\/\/equester.ro\/wp-content\/uploads\/2023\/09\/EQUESTER-KIDS-homepage-18x12.jpg 18w, https:\/\/equester.ro\/wp-content\/uploads\/2023\/09\/EQUESTER-KIDS-homepage-600x370.jpg 600w, https:\/\/equester.ro\/wp-content\/uploads\/2023\/09\/EQUESTER-KIDS-homepage-768x473.jpg 768w\" sizes=\"auto, (max-width: 2000px) 100vw, 2000px\" \/><\/div><\/div><div class=\"w-separator size_medium\"><\/div><div class=\"w-image align_center\"><div class=\"w-image-h\"><img loading=\"lazy\" decoding=\"async\" width=\"1600\" height=\"1066\" src=\"https:\/\/equester.ro\/wp-content\/uploads\/2023\/10\/EQUESTER-PRO1-web.jpg\" class=\"attachment-full size-full\" alt=\"EQUESTER PRO(1) web\" srcset=\"https:\/\/equester.ro\/wp-content\/uploads\/2023\/10\/EQUESTER-PRO1-web.jpg 1600w, https:\/\/equester.ro\/wp-content\/uploads\/2023\/10\/EQUESTER-PRO1-web-300x200.jpg 300w, https:\/\/equester.ro\/wp-content\/uploads\/2023\/10\/EQUESTER-PRO1-web-1024x682.jpg 1024w, https:\/\/equester.ro\/wp-content\/uploads\/2023\/10\/EQUESTER-PRO1-web-1536x1023.jpg 1536w, https:\/\/equester.ro\/wp-content\/uploads\/2023\/10\/EQUESTER-PRO1-web-18x12.jpg 18w, https:\/\/equester.ro\/wp-content\/uploads\/2023\/10\/EQUESTER-PRO1-web-600x400.jpg 600w, https:\/\/equester.ro\/wp-content\/uploads\/2023\/10\/EQUESTER-PRO1-web-768x512.jpg 768w\" sizes=\"auto, (max-width: 1600px) 100vw, 1600px\" \/><\/div><\/div><div class=\"w-separator size_medium\"><\/div><\/div><\/div><\/div><\/div><div class=\"g-cols wpb_row  type_default valign_middle vc_inner\"><div class=\"vc_col-sm-4 wpb_column vc_column_container\"><div class=\"vc_column-inner\"><div class=\"wpb_wrapper\"><div class=\"w-separator size_medium with_line width_default thick_1 style_solid color_border align_center\"><div class=\"w-separator-h\"><\/div><\/div>\r\n\t<div class=\"wpb_text_column\">\r\n\t\t<div class=\"wpb_wrapper\">\r\n\t\t\t<h6><strong>SC EQUESTER DOMENII SRL<\/strong><\/h6>\n<p><strong>Sediu social:<\/strong> Voine\u0219ti village, Voine\u0219ti commune, DJ248A<\/p>\n<p><strong>Main activity:<\/strong> 0143 - Raising of horses and other equines<\/p>\n<p><strong>Farm code<\/strong>: RO 1002289002;<\/p>\n\r\n\t\t<\/div>\r\n\t<\/div>\r\n<\/div><\/div><\/div><div class=\"vc_col-sm-4 wpb_column vc_column_container\"><div class=\"vc_column-inner\"><div class=\"wpb_wrapper\"><div class=\"w-separator size_medium with_line width_default thick_1 style_solid color_border align_center\"><div class=\"w-separator-h\"><\/div><\/div>\r\n\t<div class=\"wpb_text_column\">\r\n\t\t<div class=\"wpb_wrapper\">\r\n\t\t\t<h6><strong>AUTORIZA\u021aII<\/strong><\/h6>\n<p>The Equester Riding Club owns <strong>Veterinary registration certificate no. 25\/09.04.2019<\/strong>;<\/p>\n<p>The club is certified with <strong>Sporting Identity Certificate No 0055142<\/strong>, with horses registered in the discipline <em>Show Jumping<\/em>.<\/p>\n\r\n\t\t<\/div>\r\n\t<\/div>\r\n<\/div><\/div><\/div><div class=\"vc_col-sm-4 wpb_column vc_column_container\"><div class=\"vc_column-inner\"><div class=\"wpb_wrapper\"><div class=\"w-separator size_medium with_line width_default thick_1 style_solid color_border align_center\"><div class=\"w-separator-h\"><\/div><\/div>\r\n\t<div class=\"wpb_text_column\">\r\n\t\t<div class=\"wpb_wrapper\">\r\n\t\t\t<h6><strong>DATE DE IDENTIFICARE<\/strong><\/h6>\n<p><strong>Unique Registration Code:<\/strong> 42140654;<\/p>\n<p><strong>Order no. in Reg. Trade:<\/strong><br \/>\nJ22\/163\/2020<\/p>\n<p><strong>European Unique Identifier (EUID):<\/strong> ROONRCJ22\/163\/2020<\/p>\n\r\n\t\t<\/div>\r\n\t<\/div>\r\n<\/div><\/div><\/div><\/div><\/div><\/div><\/div><\/div><\/div><\/section>","protected":false},"excerpt":{"rendered":"Equester, sport pentru Via\u021b\u0103! Clubul de echita\u0163ie Equester faciliteaz\u0103 reconectarea cu Via\u0163a \u015fi Natura prin \u00eenv\u0103\u0163area unui sport nobil \u015fi crearea unei rela\u0163ii armonioase, de parteneriat \u015fi prietenie, cu caii. Ne desf\u0103\u0219ur\u0103m activitatea \u00een localitatea Voine\u0219ti, la aproximativ 14 kilometri distan\u021b\u0103 de Ia\u0219i. Clubul a luat fiin\u021b\u0103 \u00een prim\u0103vara anului 2009, din dorin\u021ba de a...","protected":false},"author":2,"featured_media":8233,"parent":0,"menu_order":0,"comment_status":"closed","ping_status":"closed","template":"","meta":{"_acf_changed":false,"footnotes":""},"class_list":["post-2565","page","type-page","status-publish","has-post-thumbnail","hentry"],"acf":[],"yoast_head":"<!-- This site is optimized with the Yoast SEO plugin v27.2 - https:\/\/yoast.com\/product\/yoast-seo-wordpress\/ -->\n<title>Despre noi - Equester - Club de echita\u021bie<\/title>\n<meta name=\"description\" content=\"La Clubul de echita\u021bie Equester, \u00eenve\u021bi un sport nobil \u015fi dob\u00e2nde\u0219ti puterea de a crea o rela\u0163ie armonioas\u0103, de parteneriat \u015fi prietenie, cu caii.\" \/>\n<meta name=\"robots\" content=\"index, follow, max-snippet:-1, max-image-preview:large, max-video-preview:-1\" \/>\n<link rel=\"canonical\" href=\"https:\/\/equester.ro\/en\/despre-noi\/\" \/>\n<meta property=\"og:locale\" content=\"en_GB\" \/>\n<meta property=\"og:type\" content=\"article\" \/>\n<meta property=\"og:title\" content=\"Despre noi - Equester - Club de echita\u021bie\" \/>\n<meta property=\"og:description\" content=\"La Clubul de echita\u021bie Equester, \u00eenve\u021bi un sport nobil \u015fi dob\u00e2nde\u0219ti puterea de a crea o rela\u0163ie armonioas\u0103, de parteneriat \u015fi prietenie, cu caii.\" \/>\n<meta property=\"og:url\" content=\"https:\/\/equester.ro\/en\/despre-noi\/\" \/>\n<meta property=\"og:site_name\" content=\"Equester\" \/>\n<meta property=\"article:publisher\" content=\"https:\/\/www.facebook.com\/pages\/category\/Organization\/EQUESTER-RIDING-CLUB-102365276476404\/\" \/>\n<meta property=\"article:modified_time\" content=\"2025-05-27T13:14:02+00:00\" \/>\n<meta property=\"og:image\" content=\"https:\/\/equester.ro\/wp-content\/uploads\/2023\/07\/cai-66.jpg\" \/>\n\t<meta property=\"og:image:width\" content=\"616\" \/>\n\t<meta property=\"og:image:height\" content=\"807\" \/>\n\t<meta property=\"og:image:type\" content=\"image\/jpeg\" \/>\n<meta name=\"twitter:card\" content=\"summary_large_image\" \/>\n<meta name=\"twitter:label1\" content=\"Estimated reading time\" \/>\n\t<meta name=\"twitter:data1\" content=\"2 minutes\" \/>\n<script type=\"application\/ld+json\" class=\"yoast-schema-graph\">{\"@context\":\"https:\/\/schema.org\",\"@graph\":[{\"@type\":\"WebPage\",\"@id\":\"https:\/\/equester.ro\/despre-noi\/\",\"url\":\"https:\/\/equester.ro\/despre-noi\/\",\"name\":\"Despre noi - Equester - Club de echita\u021bie\",\"isPartOf\":{\"@id\":\"https:\/\/equester.ro\/#website\"},\"primaryImageOfPage\":{\"@id\":\"https:\/\/equester.ro\/despre-noi\/#primaryimage\"},\"image\":{\"@id\":\"https:\/\/equester.ro\/despre-noi\/#primaryimage\"},\"thumbnailUrl\":\"https:\/\/equester.ro\/wp-content\/uploads\/2023\/07\/cai-66.jpg\",\"datePublished\":\"2013-12-17T06:39:11+00:00\",\"dateModified\":\"2025-05-27T13:14:02+00:00\",\"description\":\"La Clubul de echita\u021bie Equester, \u00eenve\u021bi un sport nobil \u015fi dob\u00e2nde\u0219ti puterea de a crea o rela\u0163ie armonioas\u0103, de parteneriat \u015fi prietenie, cu caii.\",\"breadcrumb\":{\"@id\":\"https:\/\/equester.ro\/despre-noi\/#breadcrumb\"},\"inLanguage\":\"en-GB\",\"potentialAction\":[{\"@type\":\"ReadAction\",\"target\":[\"https:\/\/equester.ro\/despre-noi\/\"]}]},{\"@type\":\"ImageObject\",\"inLanguage\":\"en-GB\",\"@id\":\"https:\/\/equester.ro\/despre-noi\/#primaryimage\",\"url\":\"https:\/\/equester.ro\/wp-content\/uploads\/2023\/07\/cai-66.jpg\",\"contentUrl\":\"https:\/\/equester.ro\/wp-content\/uploads\/2023\/07\/cai-66.jpg\",\"width\":616,\"height\":807,\"caption\":\"Equester club de echitatie - calarie Iasi\"},{\"@type\":\"BreadcrumbList\",\"@id\":\"https:\/\/equester.ro\/despre-noi\/#breadcrumb\",\"itemListElement\":[{\"@type\":\"ListItem\",\"position\":1,\"name\":\"Home\",\"item\":\"https:\/\/equester.ro\/\"},{\"@type\":\"ListItem\",\"position\":2,\"name\":\"Despre noi\"}]},{\"@type\":\"WebSite\",\"@id\":\"https:\/\/equester.ro\/#website\",\"url\":\"https:\/\/equester.ro\/\",\"name\":\"Equester\",\"description\":\"Equester - Club de Echitatie Iasi\",\"publisher\":{\"@id\":\"https:\/\/equester.ro\/#organization\"},\"potentialAction\":[{\"@type\":\"SearchAction\",\"target\":{\"@type\":\"EntryPoint\",\"urlTemplate\":\"https:\/\/equester.ro\/?s={search_term_string}\"},\"query-input\":{\"@type\":\"PropertyValueSpecification\",\"valueRequired\":true,\"valueName\":\"search_term_string\"}}],\"inLanguage\":\"en-GB\"},{\"@type\":\"Organization\",\"@id\":\"https:\/\/equester.ro\/#organization\",\"name\":\"Clubul de echita\u021bie Equester\",\"url\":\"https:\/\/equester.ro\/\",\"logo\":{\"@type\":\"ImageObject\",\"inLanguage\":\"en-GB\",\"@id\":\"https:\/\/equester.ro\/#\/schema\/logo\/image\/\",\"url\":\"https:\/\/equester.ro\/wp-content\/uploads\/2017\/09\/logo.png\",\"contentUrl\":\"https:\/\/equester.ro\/wp-content\/uploads\/2017\/09\/logo.png\",\"width\":2652,\"height\":795,\"caption\":\"Clubul de echita\u021bie Equester\"},\"image\":{\"@id\":\"https:\/\/equester.ro\/#\/schema\/logo\/image\/\"},\"sameAs\":[\"https:\/\/www.facebook.com\/pages\/category\/Organization\/EQUESTER-RIDING-CLUB-102365276476404\/\"]}]}<\/script>\n<!-- \/ Yoast SEO plugin. -->","yoast_head_json":{"title":"Despre noi - Equester - Club de echita\u021bie","description":"La Clubul de echita\u021bie Equester, \u00eenve\u021bi un sport nobil \u015fi dob\u00e2nde\u0219ti puterea de a crea o rela\u0163ie armonioas\u0103, de parteneriat \u015fi prietenie, cu caii.","robots":{"index":"index","follow":"follow","max-snippet":"max-snippet:-1","max-image-preview":"max-image-preview:large","max-video-preview":"max-video-preview:-1"},"canonical":"https:\/\/equester.ro\/en\/despre-noi\/","og_locale":"en_GB","og_type":"article","og_title":"Despre noi - Equester - Club de echita\u021bie","og_description":"La Clubul de echita\u021bie Equester, \u00eenve\u021bi un sport nobil \u015fi dob\u00e2nde\u0219ti puterea de a crea o rela\u0163ie armonioas\u0103, de parteneriat \u015fi prietenie, cu caii.","og_url":"https:\/\/equester.ro\/en\/despre-noi\/","og_site_name":"Equester","article_publisher":"https:\/\/www.facebook.com\/pages\/category\/Organization\/EQUESTER-RIDING-CLUB-102365276476404\/","article_modified_time":"2025-05-27T13:14:02+00:00","og_image":[{"width":616,"height":807,"url":"https:\/\/equester.ro\/wp-content\/uploads\/2023\/07\/cai-66.jpg","type":"image\/jpeg"}],"twitter_card":"summary_large_image","twitter_misc":{"Estimated reading time":"2 minutes"},"schema":{"@context":"https:\/\/schema.org","@graph":[{"@type":"WebPage","@id":"https:\/\/equester.ro\/despre-noi\/","url":"https:\/\/equester.ro\/despre-noi\/","name":"Despre noi - Equester - Club de echita\u021bie","isPartOf":{"@id":"https:\/\/equester.ro\/#website"},"primaryImageOfPage":{"@id":"https:\/\/equester.ro\/despre-noi\/#primaryimage"},"image":{"@id":"https:\/\/equester.ro\/despre-noi\/#primaryimage"},"thumbnailUrl":"https:\/\/equester.ro\/wp-content\/uploads\/2023\/07\/cai-66.jpg","datePublished":"2013-12-17T06:39:11+00:00","dateModified":"2025-05-27T13:14:02+00:00","description":"La Clubul de echita\u021bie Equester, \u00eenve\u021bi un sport nobil \u015fi dob\u00e2nde\u0219ti puterea de a crea o rela\u0163ie armonioas\u0103, de parteneriat \u015fi prietenie, cu caii.","breadcrumb":{"@id":"https:\/\/equester.ro\/despre-noi\/#breadcrumb"},"inLanguage":"en-GB","potentialAction":[{"@type":"ReadAction","target":["https:\/\/equester.ro\/despre-noi\/"]}]},{"@type":"ImageObject","inLanguage":"en-GB","@id":"https:\/\/equester.ro\/despre-noi\/#primaryimage","url":"https:\/\/equester.ro\/wp-content\/uploads\/2023\/07\/cai-66.jpg","contentUrl":"https:\/\/equester.ro\/wp-content\/uploads\/2023\/07\/cai-66.jpg","width":616,"height":807,"caption":"Equester club de echitatie - calarie Iasi"},{"@type":"BreadcrumbList","@id":"https:\/\/equester.ro\/despre-noi\/#breadcrumb","itemListElement":[{"@type":"ListItem","position":1,"name":"Home","item":"https:\/\/equester.ro\/"},{"@type":"ListItem","position":2,"name":"Despre noi"}]},{"@type":"WebSite","@id":"https:\/\/equester.ro\/#website","url":"https:\/\/equester.ro\/","name":"Equester","description":"Equester - Club de Echitatie Iasi","publisher":{"@id":"https:\/\/equester.ro\/#organization"},"potentialAction":[{"@type":"SearchAction","target":{"@type":"EntryPoint","urlTemplate":"https:\/\/equester.ro\/?s={search_term_string}"},"query-input":{"@type":"PropertyValueSpecification","valueRequired":true,"valueName":"search_term_string"}}],"inLanguage":"en-GB"},{"@type":"Organization","@id":"https:\/\/equester.ro\/#organization","name":"Clubul de echita\u021bie Equester","url":"https:\/\/equester.ro\/","logo":{"@type":"ImageObject","inLanguage":"en-GB","@id":"https:\/\/equester.ro\/#\/schema\/logo\/image\/","url":"https:\/\/equester.ro\/wp-content\/uploads\/2017\/09\/logo.png","contentUrl":"https:\/\/equester.ro\/wp-content\/uploads\/2017\/09\/logo.png","width":2652,"height":795,"caption":"Clubul de echita\u021bie Equester"},"image":{"@id":"https:\/\/equester.ro\/#\/schema\/logo\/image\/"},"sameAs":["https:\/\/www.facebook.com\/pages\/category\/Organization\/EQUESTER-RIDING-CLUB-102365276476404\/"]}]}},"featured_image_src":"https:\/\/equester.ro\/wp-content\/uploads\/2023\/07\/cai-66.jpg","featured_image_src_square":"https:\/\/equester.ro\/wp-content\/uploads\/2023\/07\/cai-66.jpg","rbea_author_info":{"display_name":"Admin Equester","author_link":"https:\/\/equester.ro\/en\/author\/adminequester\/"},"rbea_excerpt_info":null,"_links":{"self":[{"href":"https:\/\/equester.ro\/en\/wp-json\/wp\/v2\/pages\/2565","targetHints":{"allow":["GET"]}}],"collection":[{"href":"https:\/\/equester.ro\/en\/wp-json\/wp\/v2\/pages"}],"about":[{"href":"https:\/\/equester.ro\/en\/wp-json\/wp\/v2\/types\/page"}],"author":[{"embeddable":true,"href":"https:\/\/equester.ro\/en\/wp-json\/wp\/v2\/users\/2"}],"replies":[{"embeddable":true,"href":"https:\/\/equester.ro\/en\/wp-json\/wp\/v2\/comments?post=2565"}],"version-history":[{"count":0,"href":"https:\/\/equester.ro\/en\/wp-json\/wp\/v2\/pages\/2565\/revisions"}],"wp:featuredmedia":[{"embeddable":true,"href":"https:\/\/equester.ro\/en\/wp-json\/wp\/v2\/media\/8233"}],"wp:attachment":[{"href":"https:\/\/equester.ro\/en\/wp-json\/wp\/v2\/media?parent=2565"}],"curies":[{"name":"wp","href":"https:\/\/api.w.org\/{rel}","templated":true}]}}