{"id":430,"date":"2013-06-13T07:55:33","date_gmt":"2013-06-13T07:55:33","guid":{"rendered":"http:\/\/impreza.us-themes.net\/pages\/sidebar-right\/"},"modified":"2023-10-04T11:24:13","modified_gmt":"2023-10-04T08:24:13","slug":"beneficiile-terapiei-cu-cai-la-copii","status":"publish","type":"page","link":"https:\/\/equester.ro\/en\/beneficiile-terapiei-cu-cai-la-copii\/","title":{"rendered":"Terapia cu cai la copii &#8211; beneficii"},"content":{"rendered":"<section class=\"l-section wpb_row height_medium\"><div class=\"l-section-h i-cf\"><div class=\"g-cols vc_row type_default valign_top\"><div class=\"vc_col-sm-8 wpb_column vc_column_container\"><div class=\"vc_column-inner\"><div class=\"wpb_wrapper\">\r\n\t<div class=\"wpb_text_column\">\r\n\t\t<div class=\"wpb_wrapper\">\r\n\t\t\t<h4>Primul aspect benefic al echita\u021biei este acela c\u0103 fiecare pas al calului stimuleaz\u0103 echilibrul \u0219i sistemul senzorial al copilului.<\/h4>\n<p>Terapia cu cai ne ajut\u0103 s\u0103 dob\u00e2ndim autocontrolul, at\u00e2t al posturii \u0219i al corpului, c\u00e2t \u0219i al emo\u021biilor. \u00cen timpul mersului la pas al calului, mi\u0219carea pe care o transmite<strong> este identic\u0103 cu schema motric\u0103 de mi\u0219care a omului<\/strong>. Este aceea\u0219i mi\u0219care pe care fiin\u021ba uman\u0103 o face \u00een mod natural, atunci c\u00e2nd merge.<\/p>\n<p>Prin simplul fapt c\u0103 un copil st\u0103 c\u0103lare \u0219i calul p\u0103\u0219e\u0219te, din punct de vedere motric, se transmit o serie de<strong> impulsuri care stimuleaz\u0103<\/strong> echilibrul \u0219i sistemul senzorial al copilului.<\/p>\n<h4>Terapia cu cai practicat\u0103 \u00eentr-un caz de autism<\/h4>\n<p>\u00centr-un articol despre psihoterapia cu cai, citeam despre o femeie care a adoptat patru copii, dintre care unul suferea de sindromul Asperger. \u00cen alte cuvinte, <strong>era autist<\/strong>. Cum b\u0103iatul nu reu\u0219ea s\u0103 \u00eenve\u021be tabla \u00eenmul\u021birii \u0219i cum familia lui avea doi cai, mama sa l-a \u00eendemnat s\u0103-i spun\u0103 toate \u00eenmul\u021birile cu 2 unuia dintre ei \u0219i pe cele cu 3 celuilalt.<\/p>\n<p>Copilul a reu\u0219it s\u0103 \u00eenve\u021be \u0219i <strong>s\u0103 comunice animalelor ce a \u00eenv\u0103\u021bat,<\/strong> dar era timorat c\u0103 va trebui s\u0103 fac\u0103 asta \u0219i \u00een fa\u021ba profesoarei. A\u0219a c\u0103 mama i-a spus: &#8220;<em>C\u00e2nd te va pune s\u0103 spui tabla \u00eenmul\u021birii, \u00eenchizi ochii \u0219i \u00ee\u021bi imaginezi c\u0103 \u00eei spui calului.&#8221;<\/em><\/p>\n<p>Copilul a f\u0103cut \u00eentocmai, iar profesoara lui, surprins\u0103 de performan\u021ba elevului autist, l-a \u00eentrebat cum a reu\u0219it. <em>&#8220;Mi-am imaginat c\u0103 sunte\u021bi un cal&#8221;<\/em>, i-a spus b\u0103iatul.<\/p>\n<p>Dincolo de partea amuzant\u0103 a situa\u021biei, acest caz real ne arat\u0103 c\u0103 <strong>terapia cu cai poate face minuni<\/strong>. At\u00e2t \u00een r\u00e2ndul copiilor cu autism, c\u00e2t \u0219i \u00een cazul altor tulbur\u0103ri sau afec\u021biuni.<\/p>\n<p>Iat\u0103 o serie de explica\u021bii, oferite de psihoterapeutul Anda P\u0103curar \u00eentr-un interviu publicat pe <a href=\"https:\/\/www.totb.ro\/de-pe-canapea-pe-cal-psihoterapie-cu-cai-pentru-prima-data-in-romania\/\">Totb.ro<\/a>:<\/p>\n<p>&#8220;Calul te ajut\u0103 pe mai multe categorii de terapie. Una e cea fizic\u0103, pe partea de recuperare sau de stimulare pentru <strong>persoane cu dizabilit\u0103\u021bi<\/strong>.<\/p>\n<p>Calul e singurul animal confortabil de c\u0103l\u0103rit \u0219i are mersul tridimensional, exact ca omul, are oscila\u021biile de bazin pe care le are \u0219i omul. Atunci, o persoan\u0103 cu dizabilitate, urcat\u0103 pe cal, merge ca un om normal. <strong>E o stimulare pe care o poate face doar calul<\/strong>, fizioterapeu\u021bii n-o pot face.<\/p>\n<p>Mai e \u0219i faptul c\u0103 animalul are o temperatur\u0103 mai ridicat\u0103 dec\u00e2t cea a corpului nostru; <strong>c\u0103ldura<\/strong> <strong>stimuleaz\u0103 corpul, \u00eel relaxeaz\u0103,<\/strong> iar fizioterapia e mult mai u\u0219or de f\u0103cut.&#8221; (psihoterapeut Anda P\u0103curar)<\/p>\n<h4>Calul te \u00eenva\u021b\u0103 autocontrolul<\/h4>\n<p>Activit\u0103\u021bile asistate de cal cer un <strong>contact psihic permanent<\/strong> cu animalul. Comportamentul copilului devine mai calm \u015fi mult mai hot\u0103r\u00e2t.<\/p>\n<p>\u00cen timpul <a href=\"https:\/\/equester.ro\/en\/portfolio\/echitatie-pentru-copii\/\">lec\u021biilor de echita\u021bie<\/a>, copilul p\u0103streaz\u0103 <strong>contactul cu prezentul,<\/strong> devine con\u015ftient de propriile tr\u0103iri, \u00eenva\u0163\u0103 <strong>s\u0103 fie atent<\/strong> la tr\u0103irile \u015fi mesajele nonverbale transmise de fiin\u0163a de l\u00e2ng\u0103 el &#8211; calul. Astfel, \u00ee\u015fi \u00eembun\u0103t\u0103\u0163e\u015fte <strong>capacitatea de cooperare<\/strong>.<\/p>\n<p>&#8220;Pe partea psihic\u0103, exist\u0103 beneficii imediate \u0219i generale, de care au parte to\u021bi. Evolu\u021bia e foarte rapid\u0103, de multe ori vezi rezultate \u00een termen de 5-10 \u0219edin\u021be.<\/p>\n<p>\u00cen primul r\u00e2nd, calul te \u00eenva\u021b\u0103 <strong>self-control<\/strong>, at\u00e2t al posturii \u0219i al corpului, c\u00e2t \u0219i al <strong>emo\u021biilor<\/strong>. Calul e foarte sensibil \u0219i \u00ee\u021bi oglinde\u0219te reac\u021biile, mi\u0219c\u0103rile. Dac\u0103 tu nu \u00eenve\u021bi s\u0103-\u021bi gestionezi emo\u021biile, calul nu coopereaz\u0103.<\/p>\n<p>\u00cenv\u0103\u021b\u00e2nd rela\u021bia cu calul, <strong>cre\u0219te stima de sine<\/strong>. S\u0103 fii capabil s\u0103 urci pe un cal, s\u0103 comunici cu un cal, s\u0103-l faci s\u0103 r\u0103spund\u0103 la comenzile tale c\u00e2nd el are sute de kilograme \u0219i e mai \u00eenalt dec\u00e2t tine, \u00ee\u021bi d\u0103 o stim\u0103 de sine crescut\u0103. Av\u00e2nd efectul acesta, exist\u0103 beneficii foarte mari pe partea de anxietate, de depresie, care merg de multe ori \u00eempreun\u0103.&#8221;<\/p>\n<h4>Un alt caz real<\/h4>\n<p>O alt\u0103 istorisire, desprins\u0103 tot din experien\u021ba Andei P\u0103curar \u00een rela\u021bie cu persoanele autiste, ne arat\u0103 c\u0103 acestea pot rela\u021biona mai bine cu animalele dec\u00e2t cu oamenii.<\/p>\n<p>&#8220;Cre\u00e2nd o rela\u021bie bun\u0103 cu animalele, <strong>copiii cu autism<\/strong> pot s-o transforme apoi \u00eentr-o rela\u021bie cu oamenii. S\u0103 v\u0103 \u00eemp\u0103rt\u0103\u0219esc o poveste cu <strong>un bebelu\u0219 care nu se mi\u0219ca deloc.<\/strong><\/p>\n<p>Toate investiga\u021biile medicale nu ar\u0103tau c\u0103 ar fi avut vreo problem\u0103, iar p\u0103rin\u021bilor li s-a recomandat s\u0103 fac\u0103 <strong>echita\u021bie terapeutic\u0103<\/strong>. Mama era pu\u021bin mai agitat\u0103, mai emotiv\u0103, tat\u0103l era pu\u021bin mai stabil emo\u021bional, a\u0219a c\u0103 el a urcat cu copilul pe cal.<\/p>\n<p>Dup\u0103 un timp, bebelu\u0219ul a \u00eentins m\u00e2na spre coama calului. <strong>Era prima oar\u0103 c\u00e2nd \u00ee\u0219i \u00eentindea degetele.<\/strong><\/p>\n<p>Apoi, tat\u0103l av\u00e2nd m\u00e2inile pe cal ca s\u0103-l asigure, <strong>copilul a pus m\u00e2na pe m\u00e2na tat\u0103lui<\/strong>, ceea ce a fost teribil de emo\u021bionant pentru tat\u0103, care nu mai sim\u021bise a\u0219a ceva. Dup\u0103 un timp, copilul a \u00eentins m\u00e2inile \u0219i spre mam\u0103, care era la sol.&#8221;<\/p>\n\r\n\t\t<\/div>\r\n\t<\/div>\r\n<div class=\"w-sharing type_simple align_left color_default\" style=\"font-size:1.2rem;\"><div class=\"w-sharing-list\" data-sharing-url=\"https:\/\/equester.ro\/en\/en\/wp-json\/wp\/v2\/pages\/430\" data-sharing-image=\"https:\/\/equester.ro\/wp-content\/uploads\/2019\/03\/Clubul-sportiv-Equester-lectii-de-calarie-copii-Iasi-min-1024x768.jpg\"><a class=\"w-sharing-item email\" href=\"javascript:void(0)\" title=\"Email this\" aria-label=\"Email this\"><span class=\"w-sharing-icon\"><\/span><\/a><a class=\"w-sharing-item facebook\" href=\"javascript:void(0)\" title=\"Share this\" aria-label=\"Share this\"><span class=\"w-sharing-icon\"><\/span><\/a><a class=\"w-sharing-item linkedin\" href=\"javascript:void(0)\" title=\"Share this\" aria-label=\"Share this\"><span class=\"w-sharing-icon\"><\/span><\/a><a class=\"w-sharing-item whatsapp\" href=\"javascript:void(0)\" title=\"Share this\" aria-label=\"Share this\"><span class=\"w-sharing-icon\"><\/span><\/a><\/div><div class=\"w-sharing-tooltip\" style=\"display: none\" data-sharing-area=\"l-main\"><div class=\"w-sharing-list\" data-sharing-url=\"https:\/\/equester.ro\/en\/en\/wp-json\/wp\/v2\/pages\/430\" data-sharing-image=\"https:\/\/equester.ro\/wp-content\/uploads\/2019\/03\/Clubul-sportiv-Equester-lectii-de-calarie-copii-Iasi-min-1024x768.jpg\"><a class=\"w-sharing-item email\" href=\"javascript:void(0)\" title=\"Email this\" aria-label=\"Email this\"><span class=\"w-sharing-icon\"><\/span><\/a><a class=\"w-sharing-item facebook\" href=\"javascript:void(0)\" title=\"Share this\" aria-label=\"Share this\"><span class=\"w-sharing-icon\"><\/span><\/a><a class=\"w-sharing-item linkedin\" href=\"javascript:void(0)\" title=\"Share this\" aria-label=\"Share this\"><span class=\"w-sharing-icon\"><\/span><\/a><a class=\"w-sharing-item whatsapp\" href=\"javascript:void(0)\" title=\"Share this\" aria-label=\"Share this\"><span class=\"w-sharing-icon\"><\/span><\/a><a class=\"w-sharing-item copy2clipboard\" href=\"javascript:void(0)\" title=\"Copy\" aria-label=\"Copy\"><span class=\"w-sharing-icon\"><\/span><\/a><\/div><\/div><\/div><\/div><\/div><\/div><div class=\"vc_col-sm-4 wpb_column vc_column_container\"><div class=\"vc_column-inner\"><div class=\"wpb_wrapper\"><div class=\"w-image align_none\"><div class=\"w-image-h\"><img loading=\"lazy\" decoding=\"async\" width=\"1024\" height=\"682\" src=\"https:\/\/equester.ro\/wp-content\/uploads\/2015\/09\/Equester-Iasi-scoala-de-calarit-pentru-copii-1024x682.jpg\" class=\"attachment-large size-large\" alt=\"Equester Iasi - scoala de calarit pentru copii\" srcset=\"https:\/\/equester.ro\/wp-content\/uploads\/2015\/09\/Equester-Iasi-scoala-de-calarit-pentru-copii-1024x682.jpg 1024w, https:\/\/equester.ro\/wp-content\/uploads\/2015\/09\/Equester-Iasi-scoala-de-calarit-pentru-copii-300x200.jpg 300w, https:\/\/equester.ro\/wp-content\/uploads\/2015\/09\/Equester-Iasi-scoala-de-calarit-pentru-copii-768x512.jpg 768w, https:\/\/equester.ro\/wp-content\/uploads\/2015\/09\/Equester-Iasi-scoala-de-calarit-pentru-copii-1200x800.jpg 1200w, https:\/\/equester.ro\/wp-content\/uploads\/2015\/09\/Equester-Iasi-scoala-de-calarit-pentru-copii-1620x1080.jpg 1620w, https:\/\/equester.ro\/wp-content\/uploads\/2015\/09\/Equester-Iasi-scoala-de-calarit-pentru-copii.jpg 2000w\" sizes=\"auto, (max-width: 1024px) 100vw, 1024px\" \/><\/div><\/div>\r\n\t<div class=\"wpb_text_column  vc_custom_1553697457337\">\r\n\t\t<div class=\"wpb_wrapper\">\r\n\t\t\t<h4>The physical benefits of riding<\/h4>\n<ul>\n<li>stimularea reac\u021biilor de redresare \u0219i men\u021binere a echilibrului;<\/li>\n<li>\u00eembun\u0103t\u0103\u0163irea posturii corpului, ajut\u00e2nd la un mers corect \u00een cazul copiilor;<\/li>\n<li>improving flexibility, strength and coordination of movements;<\/li>\n<li>improving breathing;<\/li>\n<li>normalizarea tonusului muscular;<\/li>\n<li>utilizarea simetric\u0103 \u0219i independent\u0103 a m\u00e2inilor;<\/li>\n<li>abilit\u0103\u021bi de prindere, timpi de reflex mult mai buni.<\/li>\n<\/ul>\n\r\n\t\t<\/div>\r\n\t<\/div>\r\n<div class=\"w-separator size_large\"><\/div><div class=\"w-image align_none\"><div class=\"w-image-h\"><img loading=\"lazy\" decoding=\"async\" width=\"1024\" height=\"768\" src=\"https:\/\/equester.ro\/wp-content\/uploads\/2019\/03\/Clubul-sportiv-Equester-lectii-de-calarie-copii-Iasi-min-1024x768.jpg\" class=\"attachment-large size-large\" alt=\"Clubul sportiv Equester - lectii de calarie copii Iasi\" srcset=\"https:\/\/equester.ro\/wp-content\/uploads\/2019\/03\/Clubul-sportiv-Equester-lectii-de-calarie-copii-Iasi-min-1024x768.jpg 1024w, https:\/\/equester.ro\/wp-content\/uploads\/2019\/03\/Clubul-sportiv-Equester-lectii-de-calarie-copii-Iasi-min-300x225.jpg 300w, https:\/\/equester.ro\/wp-content\/uploads\/2019\/03\/Clubul-sportiv-Equester-lectii-de-calarie-copii-Iasi-min.jpg 1500w\" sizes=\"auto, (max-width: 1024px) 100vw, 1024px\" \/><\/div><\/div>\r\n\t<div class=\"wpb_text_column  vc_custom_1553698109470\">\r\n\t\t<div class=\"wpb_wrapper\">\r\n\t\t\t<h4>Benefits of riding on the mental level<\/h4>\n<ul>\n<li>increased self-confidence and emotional stability;<\/li>\n<li>development of attention and memory;<\/li>\n<li>apari\u021bia \u0219i dezvoltarea limbajului;<\/li>\n<li>increased interest in the surrounding world;<\/li>\n<li>development of patience;<\/li>\n<li>increased ability to take responsibility;<\/li>\n<li>emotional control and self-discipline;<\/li>\n<li>interest, respect and care for animals;<\/li>\n<li>social integration and better communication;<\/li>\n<li>emotional rehabilitation after various traumas or disorders.<\/li>\n<\/ul>\n\r\n\t\t<\/div>\r\n\t<\/div>\r\n<\/div><\/div><\/div><\/div><\/div><\/section><section class=\"l-section wpb_row height_medium\"><div class=\"l-section-h i-cf\"><div class=\"g-cols vc_row type_default valign_top\"><div class=\"vc_col-sm-12 wpb_column vc_column_container\"><div class=\"vc_column-inner\"><div class=\"wpb_wrapper\">\r\n\t<div class=\"wpb_text_column  vc_custom_1553761043032\">\r\n\t\t<div class=\"wpb_wrapper\">\r\n\t\t\t<h3>Un proiect pentru care c\u0103ut\u0103m parteneri<\/h3>\n<p>La Equester Riding Club, hipoterapia este o nou\u0103 direc\u021bie pe care dorim s\u0103 o dezvolt\u0103m, prin stabilirea unor parteneriate cu clinici sau cabinete de psihoterapie. \u00cen prezent, clubul nu dispune de un psihoterapeut propriu, \u00eens\u0103 avem deschiderea de a pune la dispozi\u021bie suportul oferit de caii no\u0219tri \u00een organizarea unor activit\u0103\u021bi specifice de terapie.<\/p>\n\r\n\t\t<\/div>\r\n\t<\/div>\r\n<div class=\"w-btn-wrapper width_auto align_left\"><a class=\"w-btn us-btn-style_1\" href=\"https:\/\/equester.ro\/index.php\/informatii-si-contact\/\"><span class=\"w-btn-label\">Propun o colaborare<\/span><\/a><\/div><\/div><\/div><\/div><\/div><\/div><\/section>","protected":false},"excerpt":{"rendered":"Primul aspect benefic al echita\u021biei este acela c\u0103 fiecare pas al calului stimuleaz\u0103 echilibrul \u0219i sistemul senzorial al copilului. Terapia cu cai ne ajut\u0103 s\u0103 dob\u00e2ndim autocontrolul, at\u00e2t al posturii \u0219i al corpului, c\u00e2t \u0219i al emo\u021biilor. \u00cen timpul mersului la pas al calului, mi\u0219carea pe care o transmite este identic\u0103 cu schema motric\u0103 de...","protected":false},"author":2,"featured_media":7239,"parent":0,"menu_order":0,"comment_status":"closed","ping_status":"closed","template":"","meta":{"_acf_changed":false,"footnotes":""},"class_list":["post-430","page","type-page","status-publish","has-post-thumbnail","hentry"],"acf":[],"yoast_head":"<!-- This site is optimized with the Yoast SEO plugin v27.2 - https:\/\/yoast.com\/product\/yoast-seo-wordpress\/ -->\n<title>Terapia cu cai la copii - beneficii - Equester<\/title>\n<meta name=\"description\" content=\"Terapia cu cai poate face minuni. At\u00e2t \u00een r\u00e2ndul copiilor cu autism, c\u00e2t \u0219i al copiilor cu dizabilit\u0103\u021bi motorii sau al celor care au o stim\u0103 de sine sc\u0103zut\u0103\" \/>\n<meta name=\"robots\" content=\"index, follow, max-snippet:-1, max-image-preview:large, max-video-preview:-1\" \/>\n<link rel=\"canonical\" href=\"https:\/\/equester.ro\/en\/beneficiile-terapiei-cu-cai-la-copii\/\" \/>\n<meta property=\"og:locale\" content=\"en_GB\" \/>\n<meta property=\"og:type\" content=\"article\" \/>\n<meta property=\"og:title\" content=\"Terapia cu cai la copii - beneficii - Equester\" \/>\n<meta property=\"og:description\" content=\"Terapia cu cai poate face minuni. At\u00e2t \u00een r\u00e2ndul copiilor cu autism, c\u00e2t \u0219i al copiilor cu dizabilit\u0103\u021bi motorii sau al celor care au o stim\u0103 de sine sc\u0103zut\u0103\" \/>\n<meta property=\"og:url\" content=\"https:\/\/equester.ro\/en\/beneficiile-terapiei-cu-cai-la-copii\/\" \/>\n<meta property=\"og:site_name\" content=\"Equester\" \/>\n<meta property=\"article:publisher\" content=\"https:\/\/www.facebook.com\/pages\/category\/Organization\/EQUESTER-RIDING-CLUB-102365276476404\/\" \/>\n<meta property=\"article:modified_time\" content=\"2023-10-04T08:24:13+00:00\" \/>\n<meta property=\"og:image\" content=\"https:\/\/equester.ro\/wp-content\/uploads\/2019\/03\/Clubul-sportiv-Equester-lectii-de-calarie-copii-Iasi-min.jpg\" \/>\n\t<meta property=\"og:image:width\" content=\"1500\" \/>\n\t<meta property=\"og:image:height\" content=\"1125\" \/>\n\t<meta property=\"og:image:type\" content=\"image\/jpeg\" \/>\n<meta name=\"twitter:card\" content=\"summary_large_image\" \/>\n<meta name=\"twitter:label1\" content=\"Estimated reading time\" \/>\n\t<meta name=\"twitter:data1\" content=\"5 minutes\" \/>\n<script type=\"application\/ld+json\" class=\"yoast-schema-graph\">{\"@context\":\"https:\/\/schema.org\",\"@graph\":[{\"@type\":\"WebPage\",\"@id\":\"https:\/\/equester.ro\/beneficiile-terapiei-cu-cai-la-copii\/\",\"url\":\"https:\/\/equester.ro\/beneficiile-terapiei-cu-cai-la-copii\/\",\"name\":\"Terapia cu cai la copii - beneficii - Equester\",\"isPartOf\":{\"@id\":\"https:\/\/equester.ro\/#website\"},\"primaryImageOfPage\":{\"@id\":\"https:\/\/equester.ro\/beneficiile-terapiei-cu-cai-la-copii\/#primaryimage\"},\"image\":{\"@id\":\"https:\/\/equester.ro\/beneficiile-terapiei-cu-cai-la-copii\/#primaryimage\"},\"thumbnailUrl\":\"https:\/\/equester.ro\/wp-content\/uploads\/2019\/03\/Clubul-sportiv-Equester-lectii-de-calarie-copii-Iasi-min.jpg\",\"datePublished\":\"2013-06-13T07:55:33+00:00\",\"dateModified\":\"2023-10-04T08:24:13+00:00\",\"description\":\"Terapia cu cai poate face minuni. At\u00e2t \u00een r\u00e2ndul copiilor cu autism, c\u00e2t \u0219i al copiilor cu dizabilit\u0103\u021bi motorii sau al celor care au o stim\u0103 de sine sc\u0103zut\u0103\",\"breadcrumb\":{\"@id\":\"https:\/\/equester.ro\/beneficiile-terapiei-cu-cai-la-copii\/#breadcrumb\"},\"inLanguage\":\"en-GB\",\"potentialAction\":[{\"@type\":\"ReadAction\",\"target\":[\"https:\/\/equester.ro\/beneficiile-terapiei-cu-cai-la-copii\/\"]}]},{\"@type\":\"ImageObject\",\"inLanguage\":\"en-GB\",\"@id\":\"https:\/\/equester.ro\/beneficiile-terapiei-cu-cai-la-copii\/#primaryimage\",\"url\":\"https:\/\/equester.ro\/wp-content\/uploads\/2019\/03\/Clubul-sportiv-Equester-lectii-de-calarie-copii-Iasi-min.jpg\",\"contentUrl\":\"https:\/\/equester.ro\/wp-content\/uploads\/2019\/03\/Clubul-sportiv-Equester-lectii-de-calarie-copii-Iasi-min.jpg\",\"width\":1500,\"height\":1125,\"caption\":\"Clubul sportiv Equester - lectii de calarie copii Iasi\"},{\"@type\":\"BreadcrumbList\",\"@id\":\"https:\/\/equester.ro\/beneficiile-terapiei-cu-cai-la-copii\/#breadcrumb\",\"itemListElement\":[{\"@type\":\"ListItem\",\"position\":1,\"name\":\"Home\",\"item\":\"https:\/\/equester.ro\/\"},{\"@type\":\"ListItem\",\"position\":2,\"name\":\"Terapia cu cai la copii &#8211; beneficii\"}]},{\"@type\":\"WebSite\",\"@id\":\"https:\/\/equester.ro\/#website\",\"url\":\"https:\/\/equester.ro\/\",\"name\":\"Equester\",\"description\":\"Equester - Club de Echitatie Iasi\",\"publisher\":{\"@id\":\"https:\/\/equester.ro\/#organization\"},\"potentialAction\":[{\"@type\":\"SearchAction\",\"target\":{\"@type\":\"EntryPoint\",\"urlTemplate\":\"https:\/\/equester.ro\/?s={search_term_string}\"},\"query-input\":{\"@type\":\"PropertyValueSpecification\",\"valueRequired\":true,\"valueName\":\"search_term_string\"}}],\"inLanguage\":\"en-GB\"},{\"@type\":\"Organization\",\"@id\":\"https:\/\/equester.ro\/#organization\",\"name\":\"Clubul de echita\u021bie Equester\",\"url\":\"https:\/\/equester.ro\/\",\"logo\":{\"@type\":\"ImageObject\",\"inLanguage\":\"en-GB\",\"@id\":\"https:\/\/equester.ro\/#\/schema\/logo\/image\/\",\"url\":\"https:\/\/equester.ro\/wp-content\/uploads\/2017\/09\/logo.png\",\"contentUrl\":\"https:\/\/equester.ro\/wp-content\/uploads\/2017\/09\/logo.png\",\"width\":2652,\"height\":795,\"caption\":\"Clubul de echita\u021bie Equester\"},\"image\":{\"@id\":\"https:\/\/equester.ro\/#\/schema\/logo\/image\/\"},\"sameAs\":[\"https:\/\/www.facebook.com\/pages\/category\/Organization\/EQUESTER-RIDING-CLUB-102365276476404\/\"]}]}<\/script>\n<!-- \/ Yoast SEO plugin. -->","yoast_head_json":{"title":"Terapia cu cai la copii - beneficii - Equester","description":"Terapia cu cai poate face minuni. At\u00e2t \u00een r\u00e2ndul copiilor cu autism, c\u00e2t \u0219i al copiilor cu dizabilit\u0103\u021bi motorii sau al celor care au o stim\u0103 de sine sc\u0103zut\u0103","robots":{"index":"index","follow":"follow","max-snippet":"max-snippet:-1","max-image-preview":"max-image-preview:large","max-video-preview":"max-video-preview:-1"},"canonical":"https:\/\/equester.ro\/en\/beneficiile-terapiei-cu-cai-la-copii\/","og_locale":"en_GB","og_type":"article","og_title":"Terapia cu cai la copii - beneficii - Equester","og_description":"Terapia cu cai poate face minuni. At\u00e2t \u00een r\u00e2ndul copiilor cu autism, c\u00e2t \u0219i al copiilor cu dizabilit\u0103\u021bi motorii sau al celor care au o stim\u0103 de sine sc\u0103zut\u0103","og_url":"https:\/\/equester.ro\/en\/beneficiile-terapiei-cu-cai-la-copii\/","og_site_name":"Equester","article_publisher":"https:\/\/www.facebook.com\/pages\/category\/Organization\/EQUESTER-RIDING-CLUB-102365276476404\/","article_modified_time":"2023-10-04T08:24:13+00:00","og_image":[{"width":1500,"height":1125,"url":"https:\/\/equester.ro\/wp-content\/uploads\/2019\/03\/Clubul-sportiv-Equester-lectii-de-calarie-copii-Iasi-min.jpg","type":"image\/jpeg"}],"twitter_card":"summary_large_image","twitter_misc":{"Estimated reading time":"5 minutes"},"schema":{"@context":"https:\/\/schema.org","@graph":[{"@type":"WebPage","@id":"https:\/\/equester.ro\/beneficiile-terapiei-cu-cai-la-copii\/","url":"https:\/\/equester.ro\/beneficiile-terapiei-cu-cai-la-copii\/","name":"Terapia cu cai la copii - beneficii - Equester","isPartOf":{"@id":"https:\/\/equester.ro\/#website"},"primaryImageOfPage":{"@id":"https:\/\/equester.ro\/beneficiile-terapiei-cu-cai-la-copii\/#primaryimage"},"image":{"@id":"https:\/\/equester.ro\/beneficiile-terapiei-cu-cai-la-copii\/#primaryimage"},"thumbnailUrl":"https:\/\/equester.ro\/wp-content\/uploads\/2019\/03\/Clubul-sportiv-Equester-lectii-de-calarie-copii-Iasi-min.jpg","datePublished":"2013-06-13T07:55:33+00:00","dateModified":"2023-10-04T08:24:13+00:00","description":"Terapia cu cai poate face minuni. At\u00e2t \u00een r\u00e2ndul copiilor cu autism, c\u00e2t \u0219i al copiilor cu dizabilit\u0103\u021bi motorii sau al celor care au o stim\u0103 de sine sc\u0103zut\u0103","breadcrumb":{"@id":"https:\/\/equester.ro\/beneficiile-terapiei-cu-cai-la-copii\/#breadcrumb"},"inLanguage":"en-GB","potentialAction":[{"@type":"ReadAction","target":["https:\/\/equester.ro\/beneficiile-terapiei-cu-cai-la-copii\/"]}]},{"@type":"ImageObject","inLanguage":"en-GB","@id":"https:\/\/equester.ro\/beneficiile-terapiei-cu-cai-la-copii\/#primaryimage","url":"https:\/\/equester.ro\/wp-content\/uploads\/2019\/03\/Clubul-sportiv-Equester-lectii-de-calarie-copii-Iasi-min.jpg","contentUrl":"https:\/\/equester.ro\/wp-content\/uploads\/2019\/03\/Clubul-sportiv-Equester-lectii-de-calarie-copii-Iasi-min.jpg","width":1500,"height":1125,"caption":"Clubul sportiv Equester - lectii de calarie copii Iasi"},{"@type":"BreadcrumbList","@id":"https:\/\/equester.ro\/beneficiile-terapiei-cu-cai-la-copii\/#breadcrumb","itemListElement":[{"@type":"ListItem","position":1,"name":"Home","item":"https:\/\/equester.ro\/"},{"@type":"ListItem","position":2,"name":"Terapia cu cai la copii &#8211; beneficii"}]},{"@type":"WebSite","@id":"https:\/\/equester.ro\/#website","url":"https:\/\/equester.ro\/","name":"Equester","description":"Equester - Club de Echitatie Iasi","publisher":{"@id":"https:\/\/equester.ro\/#organization"},"potentialAction":[{"@type":"SearchAction","target":{"@type":"EntryPoint","urlTemplate":"https:\/\/equester.ro\/?s={search_term_string}"},"query-input":{"@type":"PropertyValueSpecification","valueRequired":true,"valueName":"search_term_string"}}],"inLanguage":"en-GB"},{"@type":"Organization","@id":"https:\/\/equester.ro\/#organization","name":"Clubul de echita\u021bie Equester","url":"https:\/\/equester.ro\/","logo":{"@type":"ImageObject","inLanguage":"en-GB","@id":"https:\/\/equester.ro\/#\/schema\/logo\/image\/","url":"https:\/\/equester.ro\/wp-content\/uploads\/2017\/09\/logo.png","contentUrl":"https:\/\/equester.ro\/wp-content\/uploads\/2017\/09\/logo.png","width":2652,"height":795,"caption":"Clubul de echita\u021bie Equester"},"image":{"@id":"https:\/\/equester.ro\/#\/schema\/logo\/image\/"},"sameAs":["https:\/\/www.facebook.com\/pages\/category\/Organization\/EQUESTER-RIDING-CLUB-102365276476404\/"]}]}},"featured_image_src":"https:\/\/equester.ro\/wp-content\/uploads\/2019\/03\/Clubul-sportiv-Equester-lectii-de-calarie-copii-Iasi-min.jpg","featured_image_src_square":"https:\/\/equester.ro\/wp-content\/uploads\/2019\/03\/Clubul-sportiv-Equester-lectii-de-calarie-copii-Iasi-min.jpg","rbea_author_info":{"display_name":"Admin Equester","author_link":"https:\/\/equester.ro\/en\/author\/adminequester\/"},"rbea_excerpt_info":null,"_links":{"self":[{"href":"https:\/\/equester.ro\/en\/wp-json\/wp\/v2\/pages\/430","targetHints":{"allow":["GET"]}}],"collection":[{"href":"https:\/\/equester.ro\/en\/wp-json\/wp\/v2\/pages"}],"about":[{"href":"https:\/\/equester.ro\/en\/wp-json\/wp\/v2\/types\/page"}],"author":[{"embeddable":true,"href":"https:\/\/equester.ro\/en\/wp-json\/wp\/v2\/users\/2"}],"replies":[{"embeddable":true,"href":"https:\/\/equester.ro\/en\/wp-json\/wp\/v2\/comments?post=430"}],"version-history":[{"count":0,"href":"https:\/\/equester.ro\/en\/wp-json\/wp\/v2\/pages\/430\/revisions"}],"wp:featuredmedia":[{"embeddable":true,"href":"https:\/\/equester.ro\/en\/wp-json\/wp\/v2\/media\/7239"}],"wp:attachment":[{"href":"https:\/\/equester.ro\/en\/wp-json\/wp\/v2\/media?parent=430"}],"curies":[{"name":"wp","href":"https:\/\/api.w.org\/{rel}","templated":true}]}}