{"id":7081,"date":"2019-03-27T18:50:25","date_gmt":"2019-03-27T15:50:25","guid":{"rendered":"http:\/\/equester.ro\/?page_id=7081"},"modified":"2023-10-12T17:13:37","modified_gmt":"2023-10-12T14:13:37","slug":"beneficiile-terapiei-cu-cai-la-adulti","status":"publish","type":"page","link":"https:\/\/equester.ro\/en\/beneficiile-terapiei-cu-cai-la-adulti\/","title":{"rendered":"Personal Growth"},"content":{"rendered":"<section class=\"l-section wpb_row height_medium\"><div class=\"l-section-h i-cf\"><div class=\"g-cols vc_row type_default valign_top\"><div class=\"vc_col-sm-8 wpb_column vc_column_container\"><div class=\"vc_column-inner\"><div class=\"wpb_wrapper\">\r\n\t<div class=\"wpb_text_column\">\r\n\t\t<div class=\"wpb_wrapper\">\r\n\t\t\t<h4>&#8220;There&#8217;s something, about the outside of a horse that is good for the inside of a man.&#8221; &#8211; W. Churchill<\/h4>\n<p>Beneficiile \u0219i efectele psihologice ale hipoterapiei sunt recunoscute de un num\u0103r tot mai mare de terapeu\u021bi care lucreaz\u0103 cu copii cu autism, tineri cu probleme comportamentale, p\u0103rin\u021bi divor\u021ba\u021bi, adul\u021bi cu depresie \u0219i chiar celebrit\u0103\u021bi care sufer\u0103 de diverse tipuri de dependen\u021b\u0103.<\/p>\n<p>Psihoterapeutul Anda P\u0103curar ne explic\u0103 \u00eentr-un interviu acordat <a href=\"https:\/\/www.totb.ro\/de-pe-canapea-pe-cal-psihoterapie-cu-cai-pentru-prima-data-in-romania\/\">Totb.ro<\/a>: &#8220;Calul te ajut\u0103 pe mai multe categorii de terapie. Una e cea fizic\u0103, pe partea de recuperare sau de stimulare pentru <strong>persoane cu dizabilit\u0103\u021bi<\/strong>.<\/p>\n<p>Calul e singurul animal confortabil de c\u0103l\u0103rit \u0219i are mersul tridimensional, exact ca omul, are oscila\u021biile de bazin pe care le are \u0219i omul. Atunci, o persoan\u0103 cu dizabilitate urcat\u0103 pe cal merge ca un om normal. <strong>E o stimulare pe care o poate face doar calul, fizioterapeu\u021bii n-o pot face.<\/strong><\/p>\n<p>Mai e \u0219i faptul c\u0103 animalul are o temperatur\u0103 mai ridicat\u0103 dec\u00e2t cea a corpului nostru; c\u0103ldura stimuleaz\u0103 corpul, \u00eel relaxeaz\u0103, iar fizioterapia e mult mai u\u0219or de f\u0103cut.&#8221;<\/p>\n<h4>Hipoterapia conduce la o mai bun\u0103 gestionare a emo\u021biilor<\/h4>\n<p>Pe partea psihic\u0103, exist\u0103 de asemenea beneficii imediate \u0219i generale.<\/p>\n<p>&#8220;Evolu\u021bia e foarte rapid\u0103, de multe ori vezi rezultate \u00een termen de 5-10 <a href=\"https:\/\/equester.ro\/en\/portfolio\/echitatie-pentru-adulti\/\">\u0219edin\u021be<\/a>. Se lucreaz\u0103 pe anumite tipuri de dificult\u0103\u021bi sau tulbur\u0103ri psihice sau psihiatrice, dar sunt c\u00e2teva beneficii pe care le poate avea orice persoan\u0103.<\/p>\n<p>\u00cen primul r\u00e2nd, <strong>calul te \u00eenva\u021b\u0103 autocontrolul<\/strong>, both of posture and body and of emotions.<\/p>\n<p>Calul e foarte sensibil \u0219i \u00ee\u021bi oglinde\u0219te reac\u021biile, mi\u0219c\u0103rile. De exemplu, dac\u0103 e\u0219ti pe cal \u0219i te-ai dezechilibrat sau dac\u0103 nu stai \u00eentr-o pozi\u021bie corect\u0103, dac\u0103 stai aplecat spre st\u00e2nga sau spre dreapta sau dac\u0103 coloana ta nu st\u0103 \u00eentr-o pozi\u021bie corect\u0103, calul sesiseaz\u0103 asta \u0219i se opre\u0219te. <strong>Func\u021biona\u021bi \u00eempreun\u0103<\/strong>, <strong>a\u0219a c\u0103 trebuie s\u0103 mergi corect.<\/strong><\/p>\n<p>Pe partea emo\u021bional\u0103, dac\u0103 tu nu \u00ee\u021bi controlezi, gestionezi emo\u021biile, calul nu coopereaz\u0103.&#8221;<\/p>\n<h4>Resetarea creierului prin hipoterapie<\/h4>\n<p>Hipoterapia este potrivit\u0103 pentru persoanele anxioase, depresive, antisociale, care nu au \u00eencredere \u00een sine, au dificult\u0103\u021bi de limbaj etc.<\/p>\n<p>&#8220;<strong>\u00cenv\u0103\u021b\u00e2nd rela\u021bia cu calul, cre\u0219te stima de sine.<\/strong> Acesta e urm\u0103torul beneficiu pe care \u00eel au to\u021bi clien\u021bii. S\u0103 fii capabil s\u0103 urci pe un cal, s\u0103 comunici cu un cal, s\u0103-l faci s\u0103 r\u0103spund\u0103 la comenzile tale c\u00e2nd el are sute de kilograme \u0219i e mai \u00eenalt dec\u00e2t tine, \u00ee\u021bi d\u0103 o stim\u0103 de sine crescut\u0103. Av\u00e2nd efectul acesta, exist\u0103 beneficii foarte mari pe partea de anxietate, de depresie, care merg de multe ori \u00eempreun\u0103. &#8221; &#8211; psihoterapeut Anda P\u0103curar.<\/p>\n<p>A fost documentat clinic faptul c\u0103, \u00een preajma cailor, <strong>frecven\u021ba creierului nostru se modific\u0103.<\/strong> Ne calm\u0103m \u0219i devenim mai con\u0219tien\u021bi \u0219i mai concentra\u021bi atunci c\u00e2nd suntem al\u0103turi de cai.<\/p>\n<p>Astfel, \u00eenv\u0103\u021b\u0103m s\u0103 p\u0103str\u0103m <strong>contactul cu prezentul,<\/strong> devenim con\u0219tien\u021bi de propriile tr\u0103iri, \u0219i \u00een acela\u0219i timp \u00eenva\u0163\u0103m s\u0103 fim aten\u021bi la tr\u0103irile \u015fi mesajele nonverbale transmise de fiin\u0163a care ne este al\u0103turi &#8211; calul.<\/p>\n<blockquote><p>\n&#8220;Atunci c\u00e2nd \u00eembr\u0103\u021bi\u0219ezi calul \u0219i apleci capul \u00een jos, <strong>e ca \u0219i cum ai da un shutdown creierului<\/strong>; creierul nu mai poate g\u00e2ndi, \u00eei dai o pauz\u0103 \u0219i te relaxezi.&#8221;\n<\/p><\/blockquote>\n<p>Un rezultat firesc al hipoterapiei este \u0219i faptul c\u0103 apar <strong>emo\u021bii pozitive autentice.<\/strong> Al\u0103turi de cal, nu po\u021bi s\u0103 fii altfel dec\u00e2t autentic. Iar aceste emo\u021bii pozitive, psihologic vorbind, sunt contagioase.<\/p>\n<h4>Un caz real de depresie<\/h4>\n<p>Hipoterapia este o terapie care func\u021bioneaz\u0103 \u00een cazul tulbur\u0103rilor de stres posttraumatic, depresie, anxietate \u0219i abilit\u0103\u021bi de via\u021b\u0103.<\/p>\n<p>&#8220;Sunt persoane care, din anumite motive, ori de boal\u0103, ori sociale, nu au fost antrenate pentru via\u021b\u0103, iar al\u0103turi de cal <strong>\u00eenva\u021b\u0103 s\u0103 fie responsabile, atente.<\/strong><\/p>\n<p>\u00cen momentul \u00een care ajungi s\u0103 ai grij\u0103 de cal, \u00eenve\u021bi s\u0103 ai grij\u0103 \u0219i de tine.<\/p>\n<p><strong> \u00cen ceea ce prive\u0219te depresia,<\/strong> am avut o t\u00e2n\u0103r\u0103 cu o depresie foarte grav\u0103, care \u021binea de doi ani. Era foarte ab\u0103tut\u0103, <strong>nu ridica capul din p\u0103m\u00e2nt,<\/strong> nu era interesat\u0103 de nimeni, \u0219i atunci oamenii de acolo au ales un cal care \u00eentr-un fel \u00eei sem\u0103na.<\/p>\n<p>De multe ori se aleg cai \u0219i \u00een func\u021bie de tulbur\u0103rile persoanelor. De exemplu, un cal care a fost maltratat, care a fost prost hr\u0103nit, poate fi foarte de ajutor pentru o persoan\u0103 care are tulbur\u0103ri de alimenta\u021bie sau care a fost abuzat\u0103.<\/p>\n<p>Ce a fost interesant a fost c\u0103 femeia care suferea de depresie s-a sim\u021bit bine cu un anumit cal \u0219i cu un anumit terapeut. <strong>Dup\u0103 a treia \u0219edin\u021b\u0103, a \u00eenceput s\u0103 fac\u0103 schimb\u0103ri radicale \u00een via\u021ba ei,<\/strong> s-a dus \u00een sf\u00e2r\u0219it s\u0103-\u0219i recupereze hainele din casa so\u021bului, pentru c\u0103 toat\u0103 depresia pornise dup\u0103 ce a fost p\u0103r\u0103sit\u0103 de so\u021b \u0219i pierduse cas\u0103, slujb\u0103, tot.&#8221;<\/p>\n<p>&#8220;Sunt persoane care nu func\u021bioneaz\u0103 la alt tip de terapie, dar reac\u021bioneaz\u0103 spectaculos la terapia cu calul.<\/p>\n<p>De multe ori, <strong>persoanelor le e mai u\u0219or s\u0103 comunice de pe cal<\/strong>, s\u0103-\u021bi spun\u0103 anumite lucruri ca \u0219i cum n-ar mai conta, de\u0219i pentru ei sunt foarte importante. Le e mai u\u0219or s-o fac\u0103 de pe cal, pentru c\u0103 animalul <strong>\u00eei scoate din realitatea lor imediat\u0103.<\/strong> Urcat pe cal, nu mai e\u0219ti cu picioarele pe p\u0103m\u00e2nt \u0219i nu mai e\u0219ti at\u00e2t de atent la diverse constr\u00e2ngeri interioare sau sociale, <strong>comunicarea e mai liber\u0103<\/strong>.&#8221; &#8211; psihoterapeut Anda P\u0103curar.<\/p>\n\r\n\t\t<\/div>\r\n\t<\/div>\r\n<\/div><\/div><\/div><div class=\"vc_col-sm-4 wpb_column vc_column_container\"><div class=\"vc_column-inner\"><div class=\"wpb_wrapper\"><div class=\"w-image align_none\"><div class=\"w-image-h\"><img loading=\"lazy\" decoding=\"async\" width=\"1024\" height=\"595\" src=\"https:\/\/equester.ro\/wp-content\/uploads\/2023\/01\/Hipoterapia-4w-1024x595.jpg\" class=\"attachment-large size-large\" alt=\"Hipoterapia-4w\" srcset=\"https:\/\/equester.ro\/wp-content\/uploads\/2023\/01\/Hipoterapia-4w-1024x595.jpg 1024w, https:\/\/equester.ro\/wp-content\/uploads\/2023\/01\/Hipoterapia-4w-300x174.jpg 300w, https:\/\/equester.ro\/wp-content\/uploads\/2023\/01\/Hipoterapia-4w-600x349.jpg 600w, https:\/\/equester.ro\/wp-content\/uploads\/2023\/01\/Hipoterapia-4w-768x446.jpg 768w, https:\/\/equester.ro\/wp-content\/uploads\/2023\/01\/Hipoterapia-4w.jpg 1500w\" sizes=\"auto, (max-width: 1024px) 100vw, 1024px\" \/><\/div><\/div>\r\n\t<div class=\"wpb_text_column  vc_custom_1553702610044\">\r\n\t\t<div class=\"wpb_wrapper\">\r\n\t\t\t<h4>The physical benefits of riding<\/h4>\n<ul>\n<li>development of the muscular system by activating all muscles;<\/li>\n<li>adjusting normal body posture, encouraging correct posture;<\/li>\n<li>improved blood circulation (leading to relaxation of the nervous system);<\/li>\n<li>with the help of pulses and relaxation of the body, the bone system begins to align;<\/li>\n<li>stimulating the ability to maintain balance;<\/li>\n<li>improving flexibility, strength and coordination of movements;<\/li>\n<li>improving breathing;<\/li>\n<\/ul>\n\r\n\t\t<\/div>\r\n\t<\/div>\r\n<div class=\"w-separator size_large\"><\/div><div class=\"w-image align_none\"><div class=\"w-image-h\"><img loading=\"lazy\" decoding=\"async\" width=\"1024\" height=\"576\" src=\"https:\/\/equester.ro\/wp-content\/uploads\/2023\/10\/Equester-Rides-iesire-in-teren-variat-01-1024x576.jpg\" class=\"attachment-large size-large\" alt=\"EQUESTER RIDES\" srcset=\"https:\/\/equester.ro\/wp-content\/uploads\/2023\/10\/Equester-Rides-iesire-in-teren-variat-01-1024x576.jpg 1024w, https:\/\/equester.ro\/wp-content\/uploads\/2023\/10\/Equester-Rides-iesire-in-teren-variat-01-300x169.jpg 300w, https:\/\/equester.ro\/wp-content\/uploads\/2023\/10\/Equester-Rides-iesire-in-teren-variat-01-1536x864.jpg 1536w, https:\/\/equester.ro\/wp-content\/uploads\/2023\/10\/Equester-Rides-iesire-in-teren-variat-01-18x10.jpg 18w, https:\/\/equester.ro\/wp-content\/uploads\/2023\/10\/Equester-Rides-iesire-in-teren-variat-01-600x338.jpg 600w, https:\/\/equester.ro\/wp-content\/uploads\/2023\/10\/Equester-Rides-iesire-in-teren-variat-01-768x432.jpg 768w, https:\/\/equester.ro\/wp-content\/uploads\/2023\/10\/Equester-Rides-iesire-in-teren-variat-01.jpg 2000w\" sizes=\"auto, (max-width: 1024px) 100vw, 1024px\" \/><\/div><\/div>\r\n\t<div class=\"wpb_text_column  vc_custom_1553703613895\">\r\n\t\t<div class=\"wpb_wrapper\">\r\n\t\t\t<h4>Benefits of riding on the mental level<\/h4>\n<ul>\n<li>increased self-confidence and emotional stability;<\/li>\n<li>development of attention and memory;<\/li>\n<li>increased interest in the surrounding world;<\/li>\n<li>development of patience;<\/li>\n<li>increased ability to take responsibility;<\/li>\n<li>emotional control and self-discipline;<\/li>\n<li>interest, respect and care for animals;<\/li>\n<li>social integration and better communication;<\/li>\n<li>emotional rehabilitation after various traumas or disorders.<\/li>\n<\/ul>\n\r\n\t\t<\/div>\r\n\t<\/div>\r\n<div class=\"w-separator size_large\"><\/div><div class=\"w-image align_none\"><div class=\"w-image-h\"><img loading=\"lazy\" decoding=\"async\" width=\"1024\" height=\"683\" src=\"https:\/\/equester.ro\/wp-content\/uploads\/2019\/04\/duk-186-1024x683.jpg\" class=\"attachment-large size-large\" alt=\"\" srcset=\"https:\/\/equester.ro\/wp-content\/uploads\/2019\/04\/duk-186-1024x683.jpg 1024w, https:\/\/equester.ro\/wp-content\/uploads\/2019\/04\/duk-186-300x200.jpg 300w, https:\/\/equester.ro\/wp-content\/uploads\/2019\/04\/duk-186.jpg 1500w\" sizes=\"auto, (max-width: 1024px) 100vw, 1024px\" \/><\/div><\/div>\r\n\t<div class=\"wpb_text_column  vc_custom_1696406329930\">\r\n\t\t<div class=\"wpb_wrapper\">\r\n\t\t\t<h4>Un proiect pentru care c\u0103ut\u0103m parteneri<\/h4>\n<p>La Equester Riding Club, hipoterapia este o nou\u0103 direc\u021bie pe care dorim s\u0103 o dezvolt\u0103m, prin stabilirea unor parteneriate cu clinici sau cabinete de psihoterapie.<\/p>\n<p>\u00cen prezent, clubul nu dispune de un psihoterapeut propriu, \u00eens\u0103 avem deschiderea de a pune la dispozi\u021bie suportul oferit de caii no\u0219tri \u00een organizarea unor activit\u0103\u021bi specifice de terapie.<\/p>\n\r\n\t\t<\/div>\r\n\t<\/div>\r\n<div class=\"w-separator size_small\"><\/div><div class=\"w-btn-wrapper width_auto align_left\"><a class=\"w-btn us-btn-style_1\" href=\"https:\/\/equester.ro\/index.php\/informatii-si-contact\/\"><span class=\"w-btn-label\">Propun o colaborare<\/span><\/a><\/div><\/div><\/div><\/div><\/div><\/div><\/section>","protected":false},"excerpt":{"rendered":"\"There's something, about the outside of a horse that is good for the inside of a man.\" - W. Churchill Beneficiile \u0219i efectele psihologice ale hipoterapiei sunt recunoscute de un num\u0103r tot mai mare de terapeu\u021bi care lucreaz\u0103 cu copii cu autism, tineri cu probleme comportamentale, p\u0103rin\u021bi divor\u021ba\u021bi, adul\u021bi cu depresie \u0219i chiar celebrit\u0103\u021bi care...","protected":false},"author":2,"featured_media":8148,"parent":0,"menu_order":0,"comment_status":"closed","ping_status":"closed","template":"","meta":{"_acf_changed":false,"footnotes":""},"class_list":["post-7081","page","type-page","status-publish","has-post-thumbnail","hentry"],"acf":[],"yoast_head":"<!-- This site is optimized with the Yoast SEO plugin v27.2 - https:\/\/yoast.com\/product\/yoast-seo-wordpress\/ -->\n<title>Hipoterapia - Dezvoltare personal\u0103 - Equester<\/title>\n<meta name=\"description\" content=\"Hipoterapia este potrivit\u0103 pentru persoanele anxioase, depresive, antisociale, care nu au \u00eencredere \u00een sine sau care sufer\u0103 de dependen\u021be.\" \/>\n<meta name=\"robots\" content=\"index, follow, max-snippet:-1, max-image-preview:large, max-video-preview:-1\" \/>\n<link rel=\"canonical\" href=\"https:\/\/equester.ro\/en\/beneficiile-terapiei-cu-cai-la-adulti\/\" \/>\n<meta property=\"og:locale\" content=\"en_GB\" \/>\n<meta property=\"og:type\" content=\"article\" \/>\n<meta property=\"og:title\" content=\"Hipoterapia - Dezvoltare personal\u0103 - Equester\" \/>\n<meta property=\"og:description\" content=\"Hipoterapia este potrivit\u0103 pentru persoanele anxioase, depresive, antisociale, care nu au \u00eencredere \u00een sine sau care sufer\u0103 de dependen\u021be.\" \/>\n<meta property=\"og:url\" content=\"https:\/\/equester.ro\/en\/beneficiile-terapiei-cu-cai-la-adulti\/\" \/>\n<meta property=\"og:site_name\" content=\"Equester\" \/>\n<meta property=\"article:publisher\" content=\"https:\/\/www.facebook.com\/pages\/category\/Organization\/EQUESTER-RIDING-CLUB-102365276476404\/\" \/>\n<meta property=\"article:modified_time\" content=\"2023-10-12T14:13:37+00:00\" \/>\n<meta property=\"og:image\" content=\"https:\/\/equester.ro\/wp-content\/uploads\/2023\/01\/Vouchere-lectii-de-echitatie-w.jpg\" \/>\n\t<meta property=\"og:image:width\" content=\"1500\" \/>\n\t<meta property=\"og:image:height\" content=\"889\" \/>\n\t<meta property=\"og:image:type\" content=\"image\/jpeg\" \/>\n<meta name=\"twitter:card\" content=\"summary_large_image\" \/>\n<meta name=\"twitter:label1\" content=\"Estimated reading time\" \/>\n\t<meta name=\"twitter:data1\" content=\"5 minutes\" \/>\n<script type=\"application\/ld+json\" class=\"yoast-schema-graph\">{\"@context\":\"https:\/\/schema.org\",\"@graph\":[{\"@type\":\"WebPage\",\"@id\":\"https:\/\/equester.ro\/beneficiile-terapiei-cu-cai-la-adulti\/\",\"url\":\"https:\/\/equester.ro\/beneficiile-terapiei-cu-cai-la-adulti\/\",\"name\":\"Hipoterapia - Dezvoltare personal\u0103 - Equester\",\"isPartOf\":{\"@id\":\"https:\/\/equester.ro\/#website\"},\"primaryImageOfPage\":{\"@id\":\"https:\/\/equester.ro\/beneficiile-terapiei-cu-cai-la-adulti\/#primaryimage\"},\"image\":{\"@id\":\"https:\/\/equester.ro\/beneficiile-terapiei-cu-cai-la-adulti\/#primaryimage\"},\"thumbnailUrl\":\"https:\/\/equester.ro\/wp-content\/uploads\/2023\/01\/Vouchere-lectii-de-echitatie-w.jpg\",\"datePublished\":\"2019-03-27T15:50:25+00:00\",\"dateModified\":\"2023-10-12T14:13:37+00:00\",\"description\":\"Hipoterapia este potrivit\u0103 pentru persoanele anxioase, depresive, antisociale, care nu au \u00eencredere \u00een sine sau care sufer\u0103 de dependen\u021be.\",\"breadcrumb\":{\"@id\":\"https:\/\/equester.ro\/beneficiile-terapiei-cu-cai-la-adulti\/#breadcrumb\"},\"inLanguage\":\"en-GB\",\"potentialAction\":[{\"@type\":\"ReadAction\",\"target\":[\"https:\/\/equester.ro\/beneficiile-terapiei-cu-cai-la-adulti\/\"]}]},{\"@type\":\"ImageObject\",\"inLanguage\":\"en-GB\",\"@id\":\"https:\/\/equester.ro\/beneficiile-terapiei-cu-cai-la-adulti\/#primaryimage\",\"url\":\"https:\/\/equester.ro\/wp-content\/uploads\/2023\/01\/Vouchere-lectii-de-echitatie-w.jpg\",\"contentUrl\":\"https:\/\/equester.ro\/wp-content\/uploads\/2023\/01\/Vouchere-lectii-de-echitatie-w.jpg\",\"width\":1500,\"height\":889,\"caption\":\"EQUESTER RIDES\"},{\"@type\":\"BreadcrumbList\",\"@id\":\"https:\/\/equester.ro\/beneficiile-terapiei-cu-cai-la-adulti\/#breadcrumb\",\"itemListElement\":[{\"@type\":\"ListItem\",\"position\":1,\"name\":\"Home\",\"item\":\"https:\/\/equester.ro\/\"},{\"@type\":\"ListItem\",\"position\":2,\"name\":\"Dezvoltare personal\u0103\"}]},{\"@type\":\"WebSite\",\"@id\":\"https:\/\/equester.ro\/#website\",\"url\":\"https:\/\/equester.ro\/\",\"name\":\"Equester\",\"description\":\"Equester - Club de Echitatie Iasi\",\"publisher\":{\"@id\":\"https:\/\/equester.ro\/#organization\"},\"potentialAction\":[{\"@type\":\"SearchAction\",\"target\":{\"@type\":\"EntryPoint\",\"urlTemplate\":\"https:\/\/equester.ro\/?s={search_term_string}\"},\"query-input\":{\"@type\":\"PropertyValueSpecification\",\"valueRequired\":true,\"valueName\":\"search_term_string\"}}],\"inLanguage\":\"en-GB\"},{\"@type\":\"Organization\",\"@id\":\"https:\/\/equester.ro\/#organization\",\"name\":\"Clubul de echita\u021bie Equester\",\"url\":\"https:\/\/equester.ro\/\",\"logo\":{\"@type\":\"ImageObject\",\"inLanguage\":\"en-GB\",\"@id\":\"https:\/\/equester.ro\/#\/schema\/logo\/image\/\",\"url\":\"https:\/\/equester.ro\/wp-content\/uploads\/2017\/09\/logo.png\",\"contentUrl\":\"https:\/\/equester.ro\/wp-content\/uploads\/2017\/09\/logo.png\",\"width\":2652,\"height\":795,\"caption\":\"Clubul de echita\u021bie Equester\"},\"image\":{\"@id\":\"https:\/\/equester.ro\/#\/schema\/logo\/image\/\"},\"sameAs\":[\"https:\/\/www.facebook.com\/pages\/category\/Organization\/EQUESTER-RIDING-CLUB-102365276476404\/\"]}]}<\/script>\n<!-- \/ Yoast SEO plugin. -->","yoast_head_json":{"title":"Hipoterapia - Dezvoltare personal\u0103 - Equester","description":"Hipoterapia este potrivit\u0103 pentru persoanele anxioase, depresive, antisociale, care nu au \u00eencredere \u00een sine sau care sufer\u0103 de dependen\u021be.","robots":{"index":"index","follow":"follow","max-snippet":"max-snippet:-1","max-image-preview":"max-image-preview:large","max-video-preview":"max-video-preview:-1"},"canonical":"https:\/\/equester.ro\/en\/beneficiile-terapiei-cu-cai-la-adulti\/","og_locale":"en_GB","og_type":"article","og_title":"Hipoterapia - Dezvoltare personal\u0103 - Equester","og_description":"Hipoterapia este potrivit\u0103 pentru persoanele anxioase, depresive, antisociale, care nu au \u00eencredere \u00een sine sau care sufer\u0103 de dependen\u021be.","og_url":"https:\/\/equester.ro\/en\/beneficiile-terapiei-cu-cai-la-adulti\/","og_site_name":"Equester","article_publisher":"https:\/\/www.facebook.com\/pages\/category\/Organization\/EQUESTER-RIDING-CLUB-102365276476404\/","article_modified_time":"2023-10-12T14:13:37+00:00","og_image":[{"width":1500,"height":889,"url":"https:\/\/equester.ro\/wp-content\/uploads\/2023\/01\/Vouchere-lectii-de-echitatie-w.jpg","type":"image\/jpeg"}],"twitter_card":"summary_large_image","twitter_misc":{"Estimated reading time":"5 minutes"},"schema":{"@context":"https:\/\/schema.org","@graph":[{"@type":"WebPage","@id":"https:\/\/equester.ro\/beneficiile-terapiei-cu-cai-la-adulti\/","url":"https:\/\/equester.ro\/beneficiile-terapiei-cu-cai-la-adulti\/","name":"Hipoterapia - Dezvoltare personal\u0103 - Equester","isPartOf":{"@id":"https:\/\/equester.ro\/#website"},"primaryImageOfPage":{"@id":"https:\/\/equester.ro\/beneficiile-terapiei-cu-cai-la-adulti\/#primaryimage"},"image":{"@id":"https:\/\/equester.ro\/beneficiile-terapiei-cu-cai-la-adulti\/#primaryimage"},"thumbnailUrl":"https:\/\/equester.ro\/wp-content\/uploads\/2023\/01\/Vouchere-lectii-de-echitatie-w.jpg","datePublished":"2019-03-27T15:50:25+00:00","dateModified":"2023-10-12T14:13:37+00:00","description":"Hipoterapia este potrivit\u0103 pentru persoanele anxioase, depresive, antisociale, care nu au \u00eencredere \u00een sine sau care sufer\u0103 de dependen\u021be.","breadcrumb":{"@id":"https:\/\/equester.ro\/beneficiile-terapiei-cu-cai-la-adulti\/#breadcrumb"},"inLanguage":"en-GB","potentialAction":[{"@type":"ReadAction","target":["https:\/\/equester.ro\/beneficiile-terapiei-cu-cai-la-adulti\/"]}]},{"@type":"ImageObject","inLanguage":"en-GB","@id":"https:\/\/equester.ro\/beneficiile-terapiei-cu-cai-la-adulti\/#primaryimage","url":"https:\/\/equester.ro\/wp-content\/uploads\/2023\/01\/Vouchere-lectii-de-echitatie-w.jpg","contentUrl":"https:\/\/equester.ro\/wp-content\/uploads\/2023\/01\/Vouchere-lectii-de-echitatie-w.jpg","width":1500,"height":889,"caption":"EQUESTER RIDES"},{"@type":"BreadcrumbList","@id":"https:\/\/equester.ro\/beneficiile-terapiei-cu-cai-la-adulti\/#breadcrumb","itemListElement":[{"@type":"ListItem","position":1,"name":"Home","item":"https:\/\/equester.ro\/"},{"@type":"ListItem","position":2,"name":"Dezvoltare personal\u0103"}]},{"@type":"WebSite","@id":"https:\/\/equester.ro\/#website","url":"https:\/\/equester.ro\/","name":"Equester","description":"Equester - Club de Echitatie Iasi","publisher":{"@id":"https:\/\/equester.ro\/#organization"},"potentialAction":[{"@type":"SearchAction","target":{"@type":"EntryPoint","urlTemplate":"https:\/\/equester.ro\/?s={search_term_string}"},"query-input":{"@type":"PropertyValueSpecification","valueRequired":true,"valueName":"search_term_string"}}],"inLanguage":"en-GB"},{"@type":"Organization","@id":"https:\/\/equester.ro\/#organization","name":"Clubul de echita\u021bie Equester","url":"https:\/\/equester.ro\/","logo":{"@type":"ImageObject","inLanguage":"en-GB","@id":"https:\/\/equester.ro\/#\/schema\/logo\/image\/","url":"https:\/\/equester.ro\/wp-content\/uploads\/2017\/09\/logo.png","contentUrl":"https:\/\/equester.ro\/wp-content\/uploads\/2017\/09\/logo.png","width":2652,"height":795,"caption":"Clubul de echita\u021bie Equester"},"image":{"@id":"https:\/\/equester.ro\/#\/schema\/logo\/image\/"},"sameAs":["https:\/\/www.facebook.com\/pages\/category\/Organization\/EQUESTER-RIDING-CLUB-102365276476404\/"]}]}},"featured_image_src":"https:\/\/equester.ro\/wp-content\/uploads\/2023\/01\/Vouchere-lectii-de-echitatie-w.jpg","featured_image_src_square":"https:\/\/equester.ro\/wp-content\/uploads\/2023\/01\/Vouchere-lectii-de-echitatie-w.jpg","rbea_author_info":{"display_name":"Admin Equester","author_link":"https:\/\/equester.ro\/en\/author\/adminequester\/"},"rbea_excerpt_info":null,"_links":{"self":[{"href":"https:\/\/equester.ro\/en\/wp-json\/wp\/v2\/pages\/7081","targetHints":{"allow":["GET"]}}],"collection":[{"href":"https:\/\/equester.ro\/en\/wp-json\/wp\/v2\/pages"}],"about":[{"href":"https:\/\/equester.ro\/en\/wp-json\/wp\/v2\/types\/page"}],"author":[{"embeddable":true,"href":"https:\/\/equester.ro\/en\/wp-json\/wp\/v2\/users\/2"}],"replies":[{"embeddable":true,"href":"https:\/\/equester.ro\/en\/wp-json\/wp\/v2\/comments?post=7081"}],"version-history":[{"count":0,"href":"https:\/\/equester.ro\/en\/wp-json\/wp\/v2\/pages\/7081\/revisions"}],"wp:featuredmedia":[{"embeddable":true,"href":"https:\/\/equester.ro\/en\/wp-json\/wp\/v2\/media\/8148"}],"wp:attachment":[{"href":"https:\/\/equester.ro\/en\/wp-json\/wp\/v2\/media?parent=7081"}],"curies":[{"name":"wp","href":"https:\/\/api.w.org\/{rel}","templated":true}]}}