{"id":7342,"date":"2019-04-17T14:59:03","date_gmt":"2019-04-17T11:59:03","guid":{"rendered":"http:\/\/equester.ro\/?page_id=7342"},"modified":"2026-03-21T10:04:13","modified_gmt":"2026-03-21T07:04:13","slug":"rezervare-formular","status":"publish","type":"page","link":"https:\/\/equester.ro\/en\/rezervare-formular\/","title":{"rendered":"SOLICIT O PROGRAMARE"},"content":{"rendered":"<section class=\"l-section wpb_row height_medium\"><div class=\"l-section-h i-cf\"><div class=\"g-cols vc_row type_default valign_top\"><div class=\"vc_col-sm-12 wpb_column vc_column_container\"><div class=\"vc_column-inner\"><div class=\"wpb_wrapper\">\r\n\t<div class=\"wpb_text_column\">\r\n\t\t<div class=\"wpb_wrapper\">\r\n\t\t\t<h3 style=\"text-align: center;\"><strong>Formular de rezervare a lec\u021biilor de echita\u021bie<\/strong><\/h3>\n\r\n\t\t<\/div>\r\n\t<\/div>\r\n<div class=\"w-separator size_large\"><\/div><div class=\"w-form for_cform  form-pinloops us_form_1\">\r\n\t<form class=\"w-form-h\" autocomplete=\"off\" action=\"https:\/\/equester.ro\/en\/wp-json\/wp\/v2\/pages\/7342\" method=\"post\" data-trp-original-action=\"https:\/\/equester.ro\/en\/wp-json\/wp\/v2\/pages\/7342\">\r\n\t\t\t\t<div class=\"w-form-row for_text required with_icon\">\r\n\t\t\t<div class=\"w-form-row-label\">\r\n\t\t\t<span>Your name *<\/span>\r\n\t\t<\/div>\r\n\t\t<div class=\"w-form-row-field\">\r\n\t\t<i class=\"far fa-user\"><\/i>\t\t<input type=\"text\" name=\"us_form_1_text_1\" aria-label=\"Numele t\u0103u\" value=\"\" placeholder=\"\" data-required=\"true\" aria-required=\"true\"\/>\r\n\t\t<span class=\"w-form-row-field-bar\"><\/span>\r\n\t\t\t<\/div>\r\n\t\t<div class=\"w-form-row-state\">Fill out this field<\/div>\r\n<\/div>\r\n\t\t<div class=\"w-form-row for_text required with_icon\">\r\n\t\t\t<div class=\"w-form-row-label\">\r\n\t\t\t<span>Your first name *<\/span>\r\n\t\t<\/div>\r\n\t\t<div class=\"w-form-row-field\">\r\n\t\t<i class=\"far fa-user\"><\/i>\t\t<input type=\"text\" name=\"us_form_1_text_2\" aria-label=\"Prenumele t\u0103u\" value=\"\" placeholder=\"\" data-required=\"true\" aria-required=\"true\"\/>\r\n\t\t<span class=\"w-form-row-field-bar\"><\/span>\r\n\t\t\t<\/div>\r\n\t\t<div class=\"w-form-row-state\">Fill out this field<\/div>\r\n<\/div>\r\n\t\t<div class=\"w-form-row for_text required with_icon\">\r\n\t\t\t<div class=\"w-form-row-label\">\r\n\t\t\t<span>Phone *<\/span>\r\n\t\t<\/div>\r\n\t\t<div class=\"w-form-row-field\">\r\n\t\t<i class=\"far fa-phone\"><\/i>\t\t<input type=\"text\" name=\"us_form_1_text_3\" aria-label=\"Telefon\" value=\"\" placeholder=\"\" data-required=\"true\" aria-required=\"true\"\/>\r\n\t\t<span class=\"w-form-row-field-bar\"><\/span>\r\n\t\t\t<\/div>\r\n\t\t<div class=\"w-form-row-state\">Fill out this field<\/div>\r\n<\/div>\r\n\t\t<div class=\"w-form-row for_email required with_icon\">\r\n\t\t\t<div class=\"w-form-row-label\">\r\n\t\t\t<span>Email *<\/span>\r\n\t\t<\/div>\r\n\t\t<div class=\"w-form-row-field\">\r\n\t\t<i class=\"far fa-envelope\"><\/i>\t\t<input type=\"email\" name=\"us_form_1_email_1\" aria-label=\"Email\" value=\"\" placeholder=\"\" data-required=\"true\" aria-required=\"true\"\/>\r\n\t\t<span class=\"w-form-row-field-bar\"><\/span>\r\n\t\t\t<\/div>\r\n\t\t<div class=\"w-form-row-state\">Please enter a valid email address.<\/div>\r\n<\/div>\r\n\t\t<div class=\"w-form-row for_info\">\r\n\t<p>Select the right service for your experience level. For first visits, the rope initiation session is perfect.<\/p>\r\n<\/div>\t\t<div class=\"w-form-row for_radio required\">\r\n\t\t\t<div class=\"w-form-row-label\">\r\n\t\t\t<span>Solicit o programare pentru: *<\/span>\r\n\t\t<\/div>\r\n\t\t<div class=\"w-form-row-field\">\r\n\t\t\t\t\t<label>\r\n\t\t\t\t<input type=\"radio\" class=\"screen-reader-text\" name=\"us_form_1_radio_1\"data-required=\"true\" aria-required=\"true\" value=\"\u0218edin\u021b\u0103 nivel ini\u021biere scurt\u0103\" checked='checked'\/>\r\n\t\t\t\t<span class=\"w-form-radio\"><\/span>\r\n\t\t\t\t<span>Initiation level session - short<\/span>\r\n\t\t\t<\/label>\r\n\t\t\t\t\t\t<label>\r\n\t\t\t\t<input type=\"radio\" class=\"screen-reader-text\" name=\"us_form_1_radio_1\"data-required=\"true\" aria-required=\"true\" value=\"\u0218edin\u021b\u0103 nivel ini\u021biere complet\u0103\"\/>\r\n\t\t\t\t<span class=\"w-form-radio\"><\/span>\r\n\t\t\t\t<span>Initiation level session - full<\/span>\r\n\t\t\t<\/label>\r\n\t\t\t\t\t\t<label>\r\n\t\t\t\t<input type=\"radio\" class=\"screen-reader-text\" name=\"us_form_1_radio_1\"data-required=\"true\" aria-required=\"true\" value=\"\u0218edin\u021b\u0103 nivel intermediar\"\/>\r\n\t\t\t\t<span class=\"w-form-radio\"><\/span>\r\n\t\t\t\t<span>\u0218edin\u021b\u0103 nivel intermediar<\/span>\r\n\t\t\t<\/label>\r\n\t\t\t\t\t\t<label>\r\n\t\t\t\t<input type=\"radio\" class=\"screen-reader-text\" name=\"us_form_1_radio_1\"data-required=\"true\" aria-required=\"true\" value=\"\u0218edin\u021b\u0103 nivel avansat\"\/>\r\n\t\t\t\t<span class=\"w-form-radio\"><\/span>\r\n\t\t\t\t<span>Advanced level session<\/span>\r\n\t\t\t<\/label>\r\n\t\t\t\t<\/div>\r\n\t\t\t<div class=\"w-form-row-description\">\r\n\t\t\tPlease select only one service. To make a multiple appointment for more than one person, please complete the form for each person.\t\t<\/div>\r\n\t\t<div class=\"w-form-row-state\">Select an option<\/div>\r\n<\/div>\r\n\t\t<div class=\"w-form-row for_text required with_icon\">\r\n\t\t\t<div class=\"w-form-row-label\">\r\n\t\t\t<span>Foloseste calendarul si selecteaza ziua in care vrei sa ne vizitezi. *<\/span>\r\n\t\t<\/div>\r\n\t\t<div class=\"w-form-row-field\">\r\n\t\t<i class=\"far fa-clock\"><\/i>\t\t<input type=\"text\" name=\"us_form_1_text_4\" aria-label=\"Foloseste calendarul si selecteaza ziua in care vrei sa ne vizitezi.\" value=\"\" placeholder=\"\" data-required=\"true\" aria-required=\"true\"\/>\r\n\t\t<span class=\"w-form-row-field-bar\"><\/span>\r\n\t\t\t<\/div>\r\n\t\t\t<div class=\"w-form-row-description\">\r\n\t\t\tAlege una dintre orele sugerate. Daca singura sugestie este 00:00 inseamna ca locurile din ziua respectiva au fost deja ocupate. In functie de programul instructorilor vei primi confirmarea orei solicitate.\t\t<\/div>\r\n\t\t<div class=\"w-form-row-state\">Fill out this field<\/div>\r\n<\/div>\r\n\t\t<div class=\"w-form-row for_textarea with_icon\">\r\n\t\t\t<div class=\"w-form-row-label\">\r\n\t\t\t<span>Detalii despre c\u0103l\u0103re\u021b<\/span>\r\n\t\t<\/div>\r\n\t\t<div class=\"w-form-row-field\">\r\n\t\t<i class=\"far fa-edit\"><\/i>\t\t<textarea  name=\"us_form_1_textarea_1\" aria-label=\"Detalii despre c\u0103l\u0103re\u021b\" placeholder=\"\"><\/textarea>\r\n\t\t<span class=\"w-form-row-field-bar\"><\/span>\r\n\t\t\t<\/div>\r\n\t\t\t<div class=\"w-form-row-description\">\r\n\t\t\tV\u00e2rst\u0103, Greutate, Experien\u021b\u0103 (dac\u0103 a mai c\u0103l\u0103rit p\u00e2n\u0103 acum) - aceste detalii ne ajut\u0103 s\u0103 alegem calul \u0219i instructorul potrivit.\t\t<\/div>\r\n\t\t<div class=\"w-form-row-state\">Fill out this field<\/div>\r\n<\/div>\r\n\t\t<div class=\"w-form-row for_agreement required\">\r\n\t\t\t<div class=\"w-form-row-label\">\r\n\t\t\t<span>I agree with: <span class=\"required\">*<\/span><\/span>\r\n\t\t<\/div>\r\n\t\t<div class=\"w-form-row-field\">\r\n\t\t\t\t<label>\r\n\t\t\t<input class=\"screen-reader-text\" type=\"checkbox\" name=\"us_form_1_agreement_1\" value=\"&lt;a href=https:\/\/equester.ro\/index.php\/politica-de-cookies-si-protectia-datelor-personale\/&gt;Politica GDPR&lt;\/a&gt;\" data-required=\"true\" aria-required=\"true\"\/>\r\n\t\t\t<span class=\"w-form-checkbox\"><\/span>\r\n\t\t\t<span><a href=\"https:\/\/equester.ro\/index.php\/politica-de-cookies-si-protectia-datelor-personale\/\">GDPR Policy<\/a><\/span>\r\n\t\t<\/label>\r\n\t\t\t<\/div>\r\n\t\t<div class=\"w-form-row-state\">You need to agree with the terms to proceed<\/div>\r\n<\/div>\r\n\t\t<div class=\"w-form-row for_agreement required\">\r\n\t\t\t<div class=\"w-form-row-label\">\r\n\t\t\t<span>I agree with: <span class=\"required\">*<\/span><\/span>\r\n\t\t<\/div>\r\n\t\t<div class=\"w-form-row-field\">\r\n\t\t\t\t<label>\r\n\t\t\t<input class=\"screen-reader-text\" type=\"checkbox\" name=\"us_form_1_agreement_2\" value=\"&lt;a href=https:\/\/equester.ro\/wp-content\/uploads\/2023\/08\/Proces-verbal-de-instiintare-Equester.pdf&gt;Proces verbal de \u00een\u0219tiin\u021bare a RISCULUI \u0219i asumare a RESPONSABILIT\u0102\u021aII&lt;\/a&gt;\" data-required=\"true\" aria-required=\"true\"\/>\r\n\t\t\t<span class=\"w-form-checkbox\"><\/span>\r\n\t\t\t<span><a href=\"https:\/\/equester.ro\/wp-content\/uploads\/2023\/08\/Proces-verbal-de-instiintare-Equester.pdf\">Proces verbal de \u00een\u0219tiin\u021bare a RISCULUI \u0219i asumare a RESPONSABILIT\u0102\u021aII<\/a><\/span>\r\n\t\t<\/label>\r\n\t\t\t<\/div>\r\n\t\t<div class=\"w-form-row-state\">You need to agree with the terms to proceed<\/div>\r\n<\/div>\r\n\t\t<div class=\"w-form-row for_captcha required with_icon\">\r\n\t<div class=\"w-form-row-label\">\r\n\t\t<span>To prove that you are a real visitor to the Equester website, please solve the following: <span>19 + 2 = ?<\/span><\/span>\r\n\t<\/div>\r\n\t<div class=\"w-form-row-field\">\r\n\t\t\t\t<input type=\"hidden\" name=\"us_form_1_captcha_1_hash\" value=\"5e6def94c097be94372150b643b9c2b5\" \/>\r\n\t\t<i class=\"far fa-question-circle\"><\/i>\t\t<input type=\"text\" name=\"us_form_1_captcha_1\" aria-label=\"To prove that you are a real visitor to the Equester website, please solve the following:\" placeholder=\"\" data-required=\"true\" aria-required=\"true\"\">\r\n\t\t<span class=\"w-form-row-field-bar\"><\/span>\r\n\t\t\t<\/div>\r\n\t\t<div class=\"w-form-row-state\">Enter the equation result to proceed<\/div>\r\n<\/div>\r\n\t\t<input type=\"hidden\" name=\"action\" value=\"us_ajax_cform\" \/>\r\n\t\t<input type=\"hidden\" name=\"post_id\" value=\"7342\" \/>\r\n\t\t<input type=\"hidden\" name=\"form_index\" value=\"1\" \/>\r\n\t\t<div class=\"w-form-row for_submit align_left\">\r\n\t<div class=\"w-form-row-field\">\r\n\t\t\t\t<button class=\"w-btn  us-btn-style_1\"  style=\"font-size:16px;\" type=\"submit\" aria-label=\"Send request\">\r\n\t\t\t<span class=\"g-preloader type_1\"><\/span>\r\n\t\t\t\t\t\t<span class=\"w-btn-label\">Send request<\/span>\r\n\t\t\t\t\t<\/button>\r\n\t<\/div>\r\n<\/div>\r\n\t\t\t\t<div class=\"w-form-message\"><\/div>\r\n\t\t\t<input type=\"hidden\" name=\"trp-form-language\" value=\"en\"\/><\/form>\r\n\t<div class=\"w-form-json hidden\" onclick='return {&quot;ajaxurl&quot;:&quot;https:\\\/\\\/equester.ro\\\/wp-admin\\\/admin-ajax.php&quot;}'><\/div>\r\n<\/div><div class=\"w-separator size_medium\"><\/div>\r\n\t<div class=\"wpb_text_column\">\r\n\t\t<div class=\"wpb_wrapper\">\r\n\t\t\t<h6><strong>\u00cen acest moment, SOLICITAREA NU ESTE O CONFIRMARE a orei alese. Vei primi, \u00een cel mai scurt timp, confirmarea final\u0103 pe email SAU vei fi contactat dac\u0103 intervalul ales trebuie modificat. Pentru detalii suplimentare ne po\u021bi contacta telefonic la 0725925781.<\/strong><\/h6>\n\r\n\t\t<\/div>\r\n\t<\/div>\r\n<div class=\"w-separator size_large with_line width_default thick_1 style_solid color_border align_center\"><div class=\"w-separator-h\"><\/div><\/div>\r\n\t<div class=\"wpb_text_column\">\r\n\t\t<div class=\"wpb_wrapper\">\r\n\t\t\t<h2 style=\"text-align: center;\">Rezerv\u0103 rapid din aplica\u021bia Pinloops<\/h2>\n\r\n\t\t<\/div>\r\n\t<\/div>\r\n<div class=\"w-separator size_large\"><\/div><\/div><\/div><\/div><div class=\"vc_col-sm-6 wpb_column vc_column_container\"><div class=\"vc_column-inner\"><div class=\"wpb_wrapper\">\r\n\t<div class=\"wpb_text_column\">\r\n\t\t<div class=\"wpb_wrapper\">\r\n\t\t\t<h5>Vrei s\u0103-\u021bi gestionezi \u0219edin\u021bele de echita\u021bie de pe mobil, la orice or\u0103 din zi?<br \/>\n<span data-teams=\"true\">Cu aplica\u021bia <strong>Pinloops<\/strong>, ai control total asupra calendarului t\u0103u.<br \/>\nIat\u0103 cum activezi accesul pe mobil \u00een 3 pa\u0219i simpli:<\/span><\/h5>\n<ol>\n<li>\n<h5><strong>Primul pas e rezervarea pe site:<\/strong> Efectueaz\u0103 <span data-teams=\"true\">o programare\u00a0<\/span>aici, pe site, pentru a-\u021bi genera automat profilul de utilizator \u00een aplica\u021bia Pinloops;<\/h5>\n<\/li>\n<li>\n<h5><strong>Descarc\u0103 aplica\u021bia Pinloops <\/strong>din <a id=\"menuren9\" class=\"fui-Link ___1q1shib f2hkw1w f3rmtva f1ewtqcl fyind8e f1k6fduh f1w7gpdv fk6fouc fjoy568 figsok6 f1s184ao f1mk8lai fnbmjn9 f1o700av f13mvf36 f1cmlufx f9n3di6 f1ids18y f1tx3yz7 f1deo86v f1eh06m1 f1iescvh fhgqx19 f1olyrje f1p93eir f1nev41a f1h8hb77 f1lqvz6u f10aw75t fsle3fq f17ae5zn\" title=\"https:\/\/www.google.com\/search?q=https:\/\/apps.apple.com\/ro\/app\/pinloops\/id1527271987\" href=\"https:\/\/apps.apple.com\/ro\/app\/pinloops\/id1433914856\" target=\"_blank\" rel=\"noreferrer noopener\" aria-label=\"Linkul App Store\">App Store<\/a> sau <a id=\"menurenb\" class=\"fui-Link ___1q1shib f2hkw1w f3rmtva f1ewtqcl fyind8e f1k6fduh f1w7gpdv fk6fouc fjoy568 figsok6 f1s184ao f1mk8lai fnbmjn9 f1o700av f13mvf36 f1cmlufx f9n3di6 f1ids18y f1tx3yz7 f1deo86v f1eh06m1 f1iescvh fhgqx19 f1olyrje f1p93eir f1nev41a f1h8hb77 f1lqvz6u f10aw75t fsle3fq f17ae5zn\" title=\"https:\/\/www.google.com\/search?q=https:\/\/play.google.com\/store\/search%3fq%3dpinloops\" href=\"https:\/\/play.google.com\/store\/apps\/details?id=com.dkt.apinloops&amp;pcampaignid=web_share\" target=\"_blank\" rel=\"noreferrer noopener\" aria-label=\"Linkul Google Play\">Google Play<\/a><\/h5>\n<\/li>\n<li>\n<h5><strong>Seteaz\u0103 parola:<\/strong> <span data-teams=\"true\">La prima logare, folose\u0219te adresa ta de e-mail + op\u021biunea <strong>\u201eForgot Password\u201d<\/strong> \u0219i seteaz\u0103-\u021bi o parol\u0103 nou\u0103.<\/span><\/h5>\n<\/li>\n<\/ol>\n<h5><strong>Gata!<\/strong> <span data-teams=\"true\">Acum po\u021bi s\u0103-\u021bi gestionezi toate \u0219edin\u021bele de echita\u021bie direct de pe mobil, \u00een timp real.<\/span><\/h5>\n\r\n\t\t<\/div>\r\n\t<\/div>\r\n<\/div><\/div><\/div><div class=\"vc_col-sm-3 wpb_column vc_column_container\"><div class=\"vc_column-inner\"><div class=\"wpb_wrapper\"><div class=\"w-image align_center\"><a class=\"w-image-h\" href=\"https:\/\/apps.apple.com\/ro\/app\/pinloops\/id1433914856\"><img loading=\"lazy\" decoding=\"async\" width=\"471\" height=\"1024\" src=\"https:\/\/equester.ro\/wp-content\/uploads\/2026\/03\/Pinloops-rezervare-3-471x1024.png\" class=\"attachment-large size-large\" alt=\"\" srcset=\"https:\/\/equester.ro\/wp-content\/uploads\/2026\/03\/Pinloops-rezervare-3-471x1024.png 471w, https:\/\/equester.ro\/wp-content\/uploads\/2026\/03\/Pinloops-rezervare-3-138x300.png 138w, https:\/\/equester.ro\/wp-content\/uploads\/2026\/03\/Pinloops-rezervare-3-707x1536.png 707w, https:\/\/equester.ro\/wp-content\/uploads\/2026\/03\/Pinloops-rezervare-3-943x2048.png 943w, https:\/\/equester.ro\/wp-content\/uploads\/2026\/03\/Pinloops-rezervare-3-6x12.png 6w, https:\/\/equester.ro\/wp-content\/uploads\/2026\/03\/Pinloops-rezervare-3-scaled.png 1178w\" sizes=\"auto, (max-width: 471px) 100vw, 471px\" \/><\/a><\/div><\/div><\/div><\/div><div class=\"vc_col-sm-3 wpb_column vc_column_container\"><div class=\"vc_column-inner\"><div class=\"wpb_wrapper\"><div class=\"w-image align_center\"><a class=\"w-image-h\" href=\"https:\/\/play.google.com\/store\/apps\/details?id=com.dkt.apinloops&#038;pcampaignid=web_share\"><img loading=\"lazy\" decoding=\"async\" width=\"299\" height=\"650\" src=\"https:\/\/equester.ro\/wp-content\/uploads\/2026\/03\/Pinloops-rezervari-Equester-02-1.webp\" class=\"attachment-large size-large\" alt=\"\" srcset=\"https:\/\/equester.ro\/wp-content\/uploads\/2026\/03\/Pinloops-rezervari-Equester-02-1.webp 299w, https:\/\/equester.ro\/wp-content\/uploads\/2026\/03\/Pinloops-rezervari-Equester-02-1-138x300.webp 138w, https:\/\/equester.ro\/wp-content\/uploads\/2026\/03\/Pinloops-rezervari-Equester-02-1-6x12.webp 6w\" sizes=\"auto, (max-width: 299px) 100vw, 299px\" \/><\/a><\/div><\/div><\/div><\/div><\/div><\/div><\/section>","protected":false},"excerpt":{"rendered":"Formular de rezervare a lec\u021biilor de echita\u021bie Numele t\u0103u * Fill out this field Prenumele t\u0103u * Fill out this field Telefon * Fill out this field Email * Please enter a valid email address. Selecteaza serviciul corect pentru nivelul tau de experienta. Pentru primele vizite, sedinta de initiere la coarda este perfecta. Solicit o...","protected":false},"author":2,"featured_media":8094,"parent":0,"menu_order":0,"comment_status":"closed","ping_status":"closed","template":"formularRezervare.php","meta":{"_acf_changed":false,"footnotes":""},"class_list":["post-7342","page","type-page","status-publish","has-post-thumbnail","hentry"],"acf":[],"yoast_head":"<!-- This site is optimized with the Yoast SEO plugin v27.2 - https:\/\/yoast.com\/product\/yoast-seo-wordpress\/ -->\n<title>SOLICIT O PROGRAMARE - Equester<\/title>\n<meta name=\"description\" content=\"Rezervare la Clubul sportiv de echita\u021bie Equester: plimbare cu calul, lec\u021bii de ini\u021biere \u00een echita\u021bie pentru copii \u0219i adul\u021bi, teambuilding\" \/>\n<meta name=\"robots\" content=\"index, follow, max-snippet:-1, max-image-preview:large, max-video-preview:-1\" \/>\n<link rel=\"canonical\" href=\"https:\/\/equester.ro\/en\/rezervare-formular\/\" \/>\n<meta property=\"og:locale\" content=\"en_GB\" \/>\n<meta property=\"og:type\" content=\"article\" \/>\n<meta property=\"og:title\" content=\"SOLICIT O PROGRAMARE - Equester\" \/>\n<meta property=\"og:description\" content=\"Rezervare la Clubul sportiv de echita\u021bie Equester: plimbare cu calul, lec\u021bii de ini\u021biere \u00een echita\u021bie pentru copii \u0219i adul\u021bi, teambuilding\" \/>\n<meta property=\"og:url\" content=\"https:\/\/equester.ro\/en\/rezervare-formular\/\" \/>\n<meta property=\"og:site_name\" content=\"Equester\" \/>\n<meta property=\"article:publisher\" content=\"https:\/\/www.facebook.com\/pages\/category\/Organization\/EQUESTER-RIDING-CLUB-102365276476404\/\" \/>\n<meta property=\"article:modified_time\" content=\"2026-03-21T07:04:13+00:00\" \/>\n<meta property=\"og:image\" content=\"https:\/\/equester.ro\/wp-content\/uploads\/2019\/04\/duk-447.jpg\" \/>\n\t<meta property=\"og:image:width\" content=\"1500\" \/>\n\t<meta property=\"og:image:height\" content=\"1001\" \/>\n\t<meta property=\"og:image:type\" content=\"image\/jpeg\" \/>\n<meta name=\"twitter:card\" content=\"summary_large_image\" \/>\n<meta name=\"twitter:label1\" content=\"Estimated reading time\" \/>\n\t<meta name=\"twitter:data1\" content=\"2 minutes\" \/>\n<script type=\"application\/ld+json\" class=\"yoast-schema-graph\">{\"@context\":\"https:\/\/schema.org\",\"@graph\":[{\"@type\":\"WebPage\",\"@id\":\"https:\/\/equester.ro\/rezervare-formular\/\",\"url\":\"https:\/\/equester.ro\/rezervare-formular\/\",\"name\":\"SOLICIT O PROGRAMARE - Equester\",\"isPartOf\":{\"@id\":\"https:\/\/equester.ro\/#website\"},\"primaryImageOfPage\":{\"@id\":\"https:\/\/equester.ro\/rezervare-formular\/#primaryimage\"},\"image\":{\"@id\":\"https:\/\/equester.ro\/rezervare-formular\/#primaryimage\"},\"thumbnailUrl\":\"https:\/\/equester.ro\/wp-content\/uploads\/2019\/04\/duk-447.jpg\",\"datePublished\":\"2019-04-17T11:59:03+00:00\",\"dateModified\":\"2026-03-21T07:04:13+00:00\",\"description\":\"Rezervare la Clubul sportiv de echita\u021bie Equester: plimbare cu calul, lec\u021bii de ini\u021biere \u00een echita\u021bie pentru copii \u0219i adul\u021bi, teambuilding\",\"breadcrumb\":{\"@id\":\"https:\/\/equester.ro\/rezervare-formular\/#breadcrumb\"},\"inLanguage\":\"en-GB\",\"potentialAction\":[{\"@type\":\"ReadAction\",\"target\":[\"https:\/\/equester.ro\/rezervare-formular\/\"]}]},{\"@type\":\"ImageObject\",\"inLanguage\":\"en-GB\",\"@id\":\"https:\/\/equester.ro\/rezervare-formular\/#primaryimage\",\"url\":\"https:\/\/equester.ro\/wp-content\/uploads\/2019\/04\/duk-447.jpg\",\"contentUrl\":\"https:\/\/equester.ro\/wp-content\/uploads\/2019\/04\/duk-447.jpg\",\"width\":1500,\"height\":1001,\"caption\":\"Equester club de echitatie - calarie Iasi\"},{\"@type\":\"BreadcrumbList\",\"@id\":\"https:\/\/equester.ro\/rezervare-formular\/#breadcrumb\",\"itemListElement\":[{\"@type\":\"ListItem\",\"position\":1,\"name\":\"Home\",\"item\":\"https:\/\/equester.ro\/\"},{\"@type\":\"ListItem\",\"position\":2,\"name\":\"SOLICIT O PROGRAMARE\"}]},{\"@type\":\"WebSite\",\"@id\":\"https:\/\/equester.ro\/#website\",\"url\":\"https:\/\/equester.ro\/\",\"name\":\"Equester\",\"description\":\"Equester - Club de Echitatie Iasi\",\"publisher\":{\"@id\":\"https:\/\/equester.ro\/#organization\"},\"potentialAction\":[{\"@type\":\"SearchAction\",\"target\":{\"@type\":\"EntryPoint\",\"urlTemplate\":\"https:\/\/equester.ro\/?s={search_term_string}\"},\"query-input\":{\"@type\":\"PropertyValueSpecification\",\"valueRequired\":true,\"valueName\":\"search_term_string\"}}],\"inLanguage\":\"en-GB\"},{\"@type\":\"Organization\",\"@id\":\"https:\/\/equester.ro\/#organization\",\"name\":\"Clubul de echita\u021bie Equester\",\"url\":\"https:\/\/equester.ro\/\",\"logo\":{\"@type\":\"ImageObject\",\"inLanguage\":\"en-GB\",\"@id\":\"https:\/\/equester.ro\/#\/schema\/logo\/image\/\",\"url\":\"https:\/\/equester.ro\/wp-content\/uploads\/2017\/09\/logo.png\",\"contentUrl\":\"https:\/\/equester.ro\/wp-content\/uploads\/2017\/09\/logo.png\",\"width\":2652,\"height\":795,\"caption\":\"Clubul de echita\u021bie Equester\"},\"image\":{\"@id\":\"https:\/\/equester.ro\/#\/schema\/logo\/image\/\"},\"sameAs\":[\"https:\/\/www.facebook.com\/pages\/category\/Organization\/EQUESTER-RIDING-CLUB-102365276476404\/\"]}]}<\/script>\n<!-- \/ Yoast SEO plugin. -->","yoast_head_json":{"title":"SOLICIT O PROGRAMARE - Equester","description":"Rezervare la Clubul sportiv de echita\u021bie Equester: plimbare cu calul, lec\u021bii de ini\u021biere \u00een echita\u021bie pentru copii \u0219i adul\u021bi, teambuilding","robots":{"index":"index","follow":"follow","max-snippet":"max-snippet:-1","max-image-preview":"max-image-preview:large","max-video-preview":"max-video-preview:-1"},"canonical":"https:\/\/equester.ro\/en\/rezervare-formular\/","og_locale":"en_GB","og_type":"article","og_title":"SOLICIT O PROGRAMARE - Equester","og_description":"Rezervare la Clubul sportiv de echita\u021bie Equester: plimbare cu calul, lec\u021bii de ini\u021biere \u00een echita\u021bie pentru copii \u0219i adul\u021bi, teambuilding","og_url":"https:\/\/equester.ro\/en\/rezervare-formular\/","og_site_name":"Equester","article_publisher":"https:\/\/www.facebook.com\/pages\/category\/Organization\/EQUESTER-RIDING-CLUB-102365276476404\/","article_modified_time":"2026-03-21T07:04:13+00:00","og_image":[{"width":1500,"height":1001,"url":"https:\/\/equester.ro\/wp-content\/uploads\/2019\/04\/duk-447.jpg","type":"image\/jpeg"}],"twitter_card":"summary_large_image","twitter_misc":{"Estimated reading time":"2 minutes"},"schema":{"@context":"https:\/\/schema.org","@graph":[{"@type":"WebPage","@id":"https:\/\/equester.ro\/rezervare-formular\/","url":"https:\/\/equester.ro\/rezervare-formular\/","name":"SOLICIT O PROGRAMARE - Equester","isPartOf":{"@id":"https:\/\/equester.ro\/#website"},"primaryImageOfPage":{"@id":"https:\/\/equester.ro\/rezervare-formular\/#primaryimage"},"image":{"@id":"https:\/\/equester.ro\/rezervare-formular\/#primaryimage"},"thumbnailUrl":"https:\/\/equester.ro\/wp-content\/uploads\/2019\/04\/duk-447.jpg","datePublished":"2019-04-17T11:59:03+00:00","dateModified":"2026-03-21T07:04:13+00:00","description":"Rezervare la Clubul sportiv de echita\u021bie Equester: plimbare cu calul, lec\u021bii de ini\u021biere \u00een echita\u021bie pentru copii \u0219i adul\u021bi, teambuilding","breadcrumb":{"@id":"https:\/\/equester.ro\/rezervare-formular\/#breadcrumb"},"inLanguage":"en-GB","potentialAction":[{"@type":"ReadAction","target":["https:\/\/equester.ro\/rezervare-formular\/"]}]},{"@type":"ImageObject","inLanguage":"en-GB","@id":"https:\/\/equester.ro\/rezervare-formular\/#primaryimage","url":"https:\/\/equester.ro\/wp-content\/uploads\/2019\/04\/duk-447.jpg","contentUrl":"https:\/\/equester.ro\/wp-content\/uploads\/2019\/04\/duk-447.jpg","width":1500,"height":1001,"caption":"Equester club de echitatie - calarie Iasi"},{"@type":"BreadcrumbList","@id":"https:\/\/equester.ro\/rezervare-formular\/#breadcrumb","itemListElement":[{"@type":"ListItem","position":1,"name":"Home","item":"https:\/\/equester.ro\/"},{"@type":"ListItem","position":2,"name":"SOLICIT O PROGRAMARE"}]},{"@type":"WebSite","@id":"https:\/\/equester.ro\/#website","url":"https:\/\/equester.ro\/","name":"Equester","description":"Equester - Club de Echitatie Iasi","publisher":{"@id":"https:\/\/equester.ro\/#organization"},"potentialAction":[{"@type":"SearchAction","target":{"@type":"EntryPoint","urlTemplate":"https:\/\/equester.ro\/?s={search_term_string}"},"query-input":{"@type":"PropertyValueSpecification","valueRequired":true,"valueName":"search_term_string"}}],"inLanguage":"en-GB"},{"@type":"Organization","@id":"https:\/\/equester.ro\/#organization","name":"Clubul de echita\u021bie Equester","url":"https:\/\/equester.ro\/","logo":{"@type":"ImageObject","inLanguage":"en-GB","@id":"https:\/\/equester.ro\/#\/schema\/logo\/image\/","url":"https:\/\/equester.ro\/wp-content\/uploads\/2017\/09\/logo.png","contentUrl":"https:\/\/equester.ro\/wp-content\/uploads\/2017\/09\/logo.png","width":2652,"height":795,"caption":"Clubul de echita\u021bie Equester"},"image":{"@id":"https:\/\/equester.ro\/#\/schema\/logo\/image\/"},"sameAs":["https:\/\/www.facebook.com\/pages\/category\/Organization\/EQUESTER-RIDING-CLUB-102365276476404\/"]}]}},"featured_image_src":"https:\/\/equester.ro\/wp-content\/uploads\/2019\/04\/duk-447.jpg","featured_image_src_square":"https:\/\/equester.ro\/wp-content\/uploads\/2019\/04\/duk-447.jpg","rbea_author_info":{"display_name":"Admin Equester","author_link":"https:\/\/equester.ro\/en\/author\/adminequester\/"},"rbea_excerpt_info":null,"_links":{"self":[{"href":"https:\/\/equester.ro\/en\/wp-json\/wp\/v2\/pages\/7342","targetHints":{"allow":["GET"]}}],"collection":[{"href":"https:\/\/equester.ro\/en\/wp-json\/wp\/v2\/pages"}],"about":[{"href":"https:\/\/equester.ro\/en\/wp-json\/wp\/v2\/types\/page"}],"author":[{"embeddable":true,"href":"https:\/\/equester.ro\/en\/wp-json\/wp\/v2\/users\/2"}],"replies":[{"embeddable":true,"href":"https:\/\/equester.ro\/en\/wp-json\/wp\/v2\/comments?post=7342"}],"version-history":[{"count":28,"href":"https:\/\/equester.ro\/en\/wp-json\/wp\/v2\/pages\/7342\/revisions"}],"predecessor-version":[{"id":11476,"href":"https:\/\/equester.ro\/en\/wp-json\/wp\/v2\/pages\/7342\/revisions\/11476"}],"wp:featuredmedia":[{"embeddable":true,"href":"https:\/\/equester.ro\/en\/wp-json\/wp\/v2\/media\/8094"}],"wp:attachment":[{"href":"https:\/\/equester.ro\/en\/wp-json\/wp\/v2\/media?parent=7342"}],"curies":[{"name":"wp","href":"https:\/\/api.w.org\/{rel}","templated":true}]}}