{"id":7465,"date":"2019-04-19T15:47:24","date_gmt":"2019-04-19T12:47:24","guid":{"rendered":"http:\/\/equester.ro\/?page_id=7465"},"modified":"2026-02-13T11:31:32","modified_gmt":"2026-02-13T08:31:32","slug":"vouchere-lectii-de-echitatie","status":"publish","type":"page","link":"https:\/\/equester.ro\/en\/vouchere-lectii-de-echitatie\/","title":{"rendered":"Vouchere &#8211; lec\u021bii de echita\u021bie"},"content":{"rendered":"<section class=\"l-section wpb_row height_medium\"><div class=\"l-section-h i-cf\"><div class=\"g-cols vc_row type_default valign_top\"><div class=\"vc_col-sm-12 wpb_column vc_column_container\"><div class=\"vc_column-inner\"><div class=\"wpb_wrapper\"><div class=\"g-cols wpb_row  type_default valign_top vc_inner\"><div class=\"vc_col-sm-6 wpb_column vc_column_container\"><div class=\"vc_column-inner\"><div class=\"wpb_wrapper\">\r\n\t<div class=\"wpb_text_column\">\r\n\t\t<div class=\"wpb_wrapper\">\r\n\t\t\t<h3>Vrei s\u0103 faci o surpriz\u0103 unei persoane dragi?<\/h3>\n<p>Voucherele clubului de echita\u021bie Equester sunt mai mult dec\u00e2t un cadou. Ele ofer\u0103 emo\u021bie, bucurie, libertate, aer curat \u0219i o experien\u021b\u0103 care te ajut\u0103 s\u0103-\u021bi dezvol\u021bi <a href=\"https:\/\/equester.ro\/index.php\/aptitudini-dezvoltate-prin-echitatie\/\">curajul \u0219i \u00eencrederea \u00een sine<\/a>.\u00a0Adic\u0103 acel tip de dar pe care nu-l ui\u021bi niciodat\u0103!<\/p>\n\r\n\t\t<\/div>\r\n\t<\/div>\r\n<div class=\"w-separator size_small\"><\/div><div class=\"w-btn-wrapper width_auto align_left\"><a class=\"w-btn us-btn-style_1\" href=\"https:\/\/equester.ro\/index.php\/vouchere-formular\/\"><span class=\"w-btn-label\">Solicit un voucher<\/span><\/a><\/div><div class=\"w-separator size_small\"><\/div>\r\n\t<div class=\"wpb_text_column\">\r\n\t\t<div class=\"wpb_wrapper\">\r\n\t\t\t<p>P.S. De la data achizi\u021bion\u0103rii, <strong>voucherul are valabilitate timp de 3 luni<\/strong>. Pentru utilizarea voucherului, este necesar ca beneficiarul acestuia s\u0103 \u00ee\u0219i fac\u0103, \u00een prealabil, o <a href=\"https:\/\/equester.ro\/en\/rezervare-formular\/\">programare<\/a>.<\/p>\n\r\n\t\t<\/div>\r\n\t<\/div>\r\n<\/div><\/div><\/div><div class=\"vc_col-sm-6 wpb_column vc_column_container\"><div class=\"vc_column-inner\"><div class=\"wpb_wrapper\"><a class=\"w-flipbox animation_coveropen direction_n\" style=\"width:100%;\" href=\"https:\/\/equester.ro\/index.php\/vouchere-formular\/\"><div class=\"w-flipbox-h easing_easeInOutCirc\" style=\"transition-duration:0.5s;\"><div class=\"w-flipbox-hh\"><div class=\"w-flipbox-front\" style=\"height:400px;background:#e8e8e8;color:#333333;\"><div class=\"w-flipbox-front-h\"><h4 class=\"w-flipbox-front-title\" style=\"color:#333333;\">Voucher Equester<\/h4><div class=\"w-flipbox-front-icon type_image\" style=\"width:100%;\"><img loading=\"lazy\" decoding=\"async\" width=\"300\" height=\"88\" src=\"https:\/\/equester.ro\/wp-content\/uploads\/2022\/12\/vouchere-equester-10-sedinte-web-300x88.jpg\" class=\"attachment-medium size-medium\" alt=\"vouchere-equester-10-sedinte\" srcset=\"https:\/\/equester.ro\/wp-content\/uploads\/2022\/12\/vouchere-equester-10-sedinte-web-300x88.jpg 300w, https:\/\/equester.ro\/wp-content\/uploads\/2022\/12\/vouchere-equester-10-sedinte-web-600x176.jpg 600w, https:\/\/equester.ro\/wp-content\/uploads\/2022\/12\/vouchere-equester-10-sedinte-web.jpg 700w\" sizes=\"auto, (max-width: 300px) 100vw, 300px\" \/><\/div><\/div><\/div><div class=\"w-flipbox-back\" style=\"display:none;background:#e8a30e;color:#ffffff;\"><div class=\"w-flipbox-back-h\"><h2 class=\"w-flipbox-back-title\" style=\"color:#ffffff;\">Voucher Equester<\/h2><div class=\"w-flipbox-back-desc\"><p>Un voucher-cadou care \u00eei va aduce persoanei dragi o experien\u021b\u0103 inedit\u0103: o lec\u021bie de echita\u021bie.<br \/>\nPo\u021bi alege unul din voucherele:<br \/>\n- Voucher \u0218edin\u021b\u0103 individual\u0103 (45 min) - cost: 250 RON<br \/>\n- Voucher \u0218edin\u021b\u0103 nivel ini\u021biere scurt\u0103 (20 min) - cost: 150 RON<br \/>\n- Voucher \u0218edin\u021b\u0103 FOTO - cost: 400 RON<\/p>\n<\/div><\/div><\/div><\/div><\/div><\/a><\/div><\/div><\/div><\/div><div class=\"w-separator size_medium\"><\/div><\/div><\/div><\/div><\/div><\/div><\/section>","protected":false},"excerpt":{"rendered":"Vrei s\u0103 faci o surpriz\u0103 unei persoane dragi? Voucherele clubului de echita\u021bie Equester sunt mai mult dec\u00e2t un cadou. Ele ofer\u0103 emo\u021bie, bucurie, libertate, aer curat \u0219i o experien\u021b\u0103 care te ajut\u0103 s\u0103-\u021bi dezvol\u021bi curajul \u0219i \u00eencrederea \u00een sine.\u00a0Adic\u0103 acel tip de dar pe care nu-l ui\u021bi niciodat\u0103! Solicit un voucher P.S. De la data...","protected":false},"author":2,"featured_media":8148,"parent":0,"menu_order":0,"comment_status":"closed","ping_status":"closed","template":"","meta":{"_acf_changed":false,"footnotes":""},"class_list":["post-7465","page","type-page","status-publish","has-post-thumbnail","hentry"],"acf":[],"yoast_head":"<!-- This site is optimized with the Yoast SEO plugin v27.2 - https:\/\/yoast.com\/product\/yoast-seo-wordpress\/ -->\n<title>Vouchere - lec\u021bii de echita\u021bie - Equester<\/title>\n<meta name=\"description\" content=\"Vouchere Equester - Mai mult dec\u00e2t un cadou. Ofer\u0103 emo\u021bie, bucurie, libertate \u0219i o experien\u021b\u0103 care te ajut\u0103 s\u0103-\u021bi dezvol\u021bi curajul \u0219i \u00eencrederea \u00een sine!\" \/>\n<meta name=\"robots\" content=\"index, follow, max-snippet:-1, max-image-preview:large, max-video-preview:-1\" \/>\n<link rel=\"canonical\" href=\"https:\/\/equester.ro\/en\/vouchere-lectii-de-echitatie\/\" \/>\n<meta property=\"og:locale\" content=\"en_GB\" \/>\n<meta property=\"og:type\" content=\"article\" \/>\n<meta property=\"og:title\" content=\"Vouchere - lec\u021bii de echita\u021bie - Equester\" \/>\n<meta property=\"og:description\" content=\"Vouchere Equester - Mai mult dec\u00e2t un cadou. Ofer\u0103 emo\u021bie, bucurie, libertate \u0219i o experien\u021b\u0103 care te ajut\u0103 s\u0103-\u021bi dezvol\u021bi curajul \u0219i \u00eencrederea \u00een sine!\" \/>\n<meta property=\"og:url\" content=\"https:\/\/equester.ro\/en\/vouchere-lectii-de-echitatie\/\" \/>\n<meta property=\"og:site_name\" content=\"Equester\" \/>\n<meta property=\"article:publisher\" content=\"https:\/\/www.facebook.com\/pages\/category\/Organization\/EQUESTER-RIDING-CLUB-102365276476404\/\" \/>\n<meta property=\"article:modified_time\" content=\"2026-02-13T08:31:32+00:00\" \/>\n<meta property=\"og:image\" content=\"https:\/\/equester.ro\/wp-content\/uploads\/2023\/01\/Vouchere-lectii-de-echitatie-w.jpg\" \/>\n\t<meta property=\"og:image:width\" content=\"1500\" \/>\n\t<meta property=\"og:image:height\" content=\"889\" \/>\n\t<meta property=\"og:image:type\" content=\"image\/jpeg\" \/>\n<meta name=\"twitter:card\" content=\"summary_large_image\" \/>\n<meta name=\"twitter:label1\" content=\"Estimated reading time\" \/>\n\t<meta name=\"twitter:data1\" content=\"1 minute\" \/>\n<script type=\"application\/ld+json\" class=\"yoast-schema-graph\">{\"@context\":\"https:\/\/schema.org\",\"@graph\":[{\"@type\":\"WebPage\",\"@id\":\"https:\/\/equester.ro\/vouchere-lectii-de-echitatie\/\",\"url\":\"https:\/\/equester.ro\/vouchere-lectii-de-echitatie\/\",\"name\":\"Vouchere - lec\u021bii de echita\u021bie - Equester\",\"isPartOf\":{\"@id\":\"https:\/\/equester.ro\/#website\"},\"primaryImageOfPage\":{\"@id\":\"https:\/\/equester.ro\/vouchere-lectii-de-echitatie\/#primaryimage\"},\"image\":{\"@id\":\"https:\/\/equester.ro\/vouchere-lectii-de-echitatie\/#primaryimage\"},\"thumbnailUrl\":\"https:\/\/equester.ro\/wp-content\/uploads\/2023\/01\/Vouchere-lectii-de-echitatie-w.jpg\",\"datePublished\":\"2019-04-19T12:47:24+00:00\",\"dateModified\":\"2026-02-13T08:31:32+00:00\",\"description\":\"Vouchere Equester - Mai mult dec\u00e2t un cadou. Ofer\u0103 emo\u021bie, bucurie, libertate \u0219i o experien\u021b\u0103 care te ajut\u0103 s\u0103-\u021bi dezvol\u021bi curajul \u0219i \u00eencrederea \u00een sine!\",\"breadcrumb\":{\"@id\":\"https:\/\/equester.ro\/vouchere-lectii-de-echitatie\/#breadcrumb\"},\"inLanguage\":\"en-GB\",\"potentialAction\":[{\"@type\":\"ReadAction\",\"target\":[\"https:\/\/equester.ro\/vouchere-lectii-de-echitatie\/\"]}]},{\"@type\":\"ImageObject\",\"inLanguage\":\"en-GB\",\"@id\":\"https:\/\/equester.ro\/vouchere-lectii-de-echitatie\/#primaryimage\",\"url\":\"https:\/\/equester.ro\/wp-content\/uploads\/2023\/01\/Vouchere-lectii-de-echitatie-w.jpg\",\"contentUrl\":\"https:\/\/equester.ro\/wp-content\/uploads\/2023\/01\/Vouchere-lectii-de-echitatie-w.jpg\",\"width\":1500,\"height\":889,\"caption\":\"EQUESTER RIDES\"},{\"@type\":\"BreadcrumbList\",\"@id\":\"https:\/\/equester.ro\/vouchere-lectii-de-echitatie\/#breadcrumb\",\"itemListElement\":[{\"@type\":\"ListItem\",\"position\":1,\"name\":\"Home\",\"item\":\"https:\/\/equester.ro\/\"},{\"@type\":\"ListItem\",\"position\":2,\"name\":\"Vouchere &#8211; lec\u021bii de echita\u021bie\"}]},{\"@type\":\"WebSite\",\"@id\":\"https:\/\/equester.ro\/#website\",\"url\":\"https:\/\/equester.ro\/\",\"name\":\"Equester\",\"description\":\"Equester - Club de Echitatie Iasi\",\"publisher\":{\"@id\":\"https:\/\/equester.ro\/#organization\"},\"potentialAction\":[{\"@type\":\"SearchAction\",\"target\":{\"@type\":\"EntryPoint\",\"urlTemplate\":\"https:\/\/equester.ro\/?s={search_term_string}\"},\"query-input\":{\"@type\":\"PropertyValueSpecification\",\"valueRequired\":true,\"valueName\":\"search_term_string\"}}],\"inLanguage\":\"en-GB\"},{\"@type\":\"Organization\",\"@id\":\"https:\/\/equester.ro\/#organization\",\"name\":\"Clubul de echita\u021bie Equester\",\"url\":\"https:\/\/equester.ro\/\",\"logo\":{\"@type\":\"ImageObject\",\"inLanguage\":\"en-GB\",\"@id\":\"https:\/\/equester.ro\/#\/schema\/logo\/image\/\",\"url\":\"https:\/\/equester.ro\/wp-content\/uploads\/2017\/09\/logo.png\",\"contentUrl\":\"https:\/\/equester.ro\/wp-content\/uploads\/2017\/09\/logo.png\",\"width\":2652,\"height\":795,\"caption\":\"Clubul de echita\u021bie Equester\"},\"image\":{\"@id\":\"https:\/\/equester.ro\/#\/schema\/logo\/image\/\"},\"sameAs\":[\"https:\/\/www.facebook.com\/pages\/category\/Organization\/EQUESTER-RIDING-CLUB-102365276476404\/\"]}]}<\/script>\n<!-- \/ Yoast SEO plugin. -->","yoast_head_json":{"title":"Vouchere - lec\u021bii de echita\u021bie - Equester","description":"Vouchere Equester - Mai mult dec\u00e2t un cadou. Ofer\u0103 emo\u021bie, bucurie, libertate \u0219i o experien\u021b\u0103 care te ajut\u0103 s\u0103-\u021bi dezvol\u021bi curajul \u0219i \u00eencrederea \u00een sine!","robots":{"index":"index","follow":"follow","max-snippet":"max-snippet:-1","max-image-preview":"max-image-preview:large","max-video-preview":"max-video-preview:-1"},"canonical":"https:\/\/equester.ro\/en\/vouchere-lectii-de-echitatie\/","og_locale":"en_GB","og_type":"article","og_title":"Vouchere - lec\u021bii de echita\u021bie - Equester","og_description":"Vouchere Equester - Mai mult dec\u00e2t un cadou. Ofer\u0103 emo\u021bie, bucurie, libertate \u0219i o experien\u021b\u0103 care te ajut\u0103 s\u0103-\u021bi dezvol\u021bi curajul \u0219i \u00eencrederea \u00een sine!","og_url":"https:\/\/equester.ro\/en\/vouchere-lectii-de-echitatie\/","og_site_name":"Equester","article_publisher":"https:\/\/www.facebook.com\/pages\/category\/Organization\/EQUESTER-RIDING-CLUB-102365276476404\/","article_modified_time":"2026-02-13T08:31:32+00:00","og_image":[{"width":1500,"height":889,"url":"https:\/\/equester.ro\/wp-content\/uploads\/2023\/01\/Vouchere-lectii-de-echitatie-w.jpg","type":"image\/jpeg"}],"twitter_card":"summary_large_image","twitter_misc":{"Estimated reading time":"1 minute"},"schema":{"@context":"https:\/\/schema.org","@graph":[{"@type":"WebPage","@id":"https:\/\/equester.ro\/vouchere-lectii-de-echitatie\/","url":"https:\/\/equester.ro\/vouchere-lectii-de-echitatie\/","name":"Vouchere - lec\u021bii de echita\u021bie - Equester","isPartOf":{"@id":"https:\/\/equester.ro\/#website"},"primaryImageOfPage":{"@id":"https:\/\/equester.ro\/vouchere-lectii-de-echitatie\/#primaryimage"},"image":{"@id":"https:\/\/equester.ro\/vouchere-lectii-de-echitatie\/#primaryimage"},"thumbnailUrl":"https:\/\/equester.ro\/wp-content\/uploads\/2023\/01\/Vouchere-lectii-de-echitatie-w.jpg","datePublished":"2019-04-19T12:47:24+00:00","dateModified":"2026-02-13T08:31:32+00:00","description":"Vouchere Equester - Mai mult dec\u00e2t un cadou. Ofer\u0103 emo\u021bie, bucurie, libertate \u0219i o experien\u021b\u0103 care te ajut\u0103 s\u0103-\u021bi dezvol\u021bi curajul \u0219i \u00eencrederea \u00een sine!","breadcrumb":{"@id":"https:\/\/equester.ro\/vouchere-lectii-de-echitatie\/#breadcrumb"},"inLanguage":"en-GB","potentialAction":[{"@type":"ReadAction","target":["https:\/\/equester.ro\/vouchere-lectii-de-echitatie\/"]}]},{"@type":"ImageObject","inLanguage":"en-GB","@id":"https:\/\/equester.ro\/vouchere-lectii-de-echitatie\/#primaryimage","url":"https:\/\/equester.ro\/wp-content\/uploads\/2023\/01\/Vouchere-lectii-de-echitatie-w.jpg","contentUrl":"https:\/\/equester.ro\/wp-content\/uploads\/2023\/01\/Vouchere-lectii-de-echitatie-w.jpg","width":1500,"height":889,"caption":"EQUESTER RIDES"},{"@type":"BreadcrumbList","@id":"https:\/\/equester.ro\/vouchere-lectii-de-echitatie\/#breadcrumb","itemListElement":[{"@type":"ListItem","position":1,"name":"Home","item":"https:\/\/equester.ro\/"},{"@type":"ListItem","position":2,"name":"Vouchere &#8211; lec\u021bii de echita\u021bie"}]},{"@type":"WebSite","@id":"https:\/\/equester.ro\/#website","url":"https:\/\/equester.ro\/","name":"Equester","description":"Equester - Club de Echitatie Iasi","publisher":{"@id":"https:\/\/equester.ro\/#organization"},"potentialAction":[{"@type":"SearchAction","target":{"@type":"EntryPoint","urlTemplate":"https:\/\/equester.ro\/?s={search_term_string}"},"query-input":{"@type":"PropertyValueSpecification","valueRequired":true,"valueName":"search_term_string"}}],"inLanguage":"en-GB"},{"@type":"Organization","@id":"https:\/\/equester.ro\/#organization","name":"Clubul de echita\u021bie Equester","url":"https:\/\/equester.ro\/","logo":{"@type":"ImageObject","inLanguage":"en-GB","@id":"https:\/\/equester.ro\/#\/schema\/logo\/image\/","url":"https:\/\/equester.ro\/wp-content\/uploads\/2017\/09\/logo.png","contentUrl":"https:\/\/equester.ro\/wp-content\/uploads\/2017\/09\/logo.png","width":2652,"height":795,"caption":"Clubul de echita\u021bie Equester"},"image":{"@id":"https:\/\/equester.ro\/#\/schema\/logo\/image\/"},"sameAs":["https:\/\/www.facebook.com\/pages\/category\/Organization\/EQUESTER-RIDING-CLUB-102365276476404\/"]}]}},"featured_image_src":"https:\/\/equester.ro\/wp-content\/uploads\/2023\/01\/Vouchere-lectii-de-echitatie-w.jpg","featured_image_src_square":"https:\/\/equester.ro\/wp-content\/uploads\/2023\/01\/Vouchere-lectii-de-echitatie-w.jpg","rbea_author_info":{"display_name":"Admin Equester","author_link":"https:\/\/equester.ro\/en\/author\/adminequester\/"},"rbea_excerpt_info":null,"_links":{"self":[{"href":"https:\/\/equester.ro\/en\/wp-json\/wp\/v2\/pages\/7465","targetHints":{"allow":["GET"]}}],"collection":[{"href":"https:\/\/equester.ro\/en\/wp-json\/wp\/v2\/pages"}],"about":[{"href":"https:\/\/equester.ro\/en\/wp-json\/wp\/v2\/types\/page"}],"author":[{"embeddable":true,"href":"https:\/\/equester.ro\/en\/wp-json\/wp\/v2\/users\/2"}],"replies":[{"embeddable":true,"href":"https:\/\/equester.ro\/en\/wp-json\/wp\/v2\/comments?post=7465"}],"version-history":[{"count":0,"href":"https:\/\/equester.ro\/en\/wp-json\/wp\/v2\/pages\/7465\/revisions"}],"wp:featuredmedia":[{"embeddable":true,"href":"https:\/\/equester.ro\/en\/wp-json\/wp\/v2\/media\/8148"}],"wp:attachment":[{"href":"https:\/\/equester.ro\/en\/wp-json\/wp\/v2\/media?parent=7465"}],"curies":[{"name":"wp","href":"https:\/\/api.w.org\/{rel}","templated":true}]}}