{"id":8681,"date":"2023-09-21T10:40:07","date_gmt":"2023-09-21T07:40:07","guid":{"rendered":"https:\/\/equester.ro\/?page_id=8681"},"modified":"2026-02-13T11:32:43","modified_gmt":"2026-02-13T08:32:43","slug":"vouchere-formular","status":"publish","type":"page","link":"https:\/\/equester.ro\/en\/vouchere-formular\/","title":{"rendered":"Vouchere &#8211; formular"},"content":{"rendered":"<section class=\"l-section wpb_row height_medium\"><div class=\"l-section-h i-cf\"><div class=\"g-cols vc_row type_default valign_top\"><div class=\"vc_col-sm-12 wpb_column vc_column_container\"><div class=\"vc_column-inner\"><div class=\"wpb_wrapper\"><div class=\"w-form for_cform  form-pinloops us_form_1\">\r\n\t<form class=\"w-form-h\" autocomplete=\"off\" action=\"https:\/\/equester.ro\/en\/wp-json\/wp\/v2\/pages\/8681\" method=\"post\" data-trp-original-action=\"https:\/\/equester.ro\/en\/wp-json\/wp\/v2\/pages\/8681\">\r\n\t\t\t\t<div class=\"w-form-row for_text required with_icon\">\r\n\t\t\t<div class=\"w-form-row-label\">\r\n\t\t\t<span>Numele t\u0103u (al celui\/celei care solicit\u0103 voucherul) *<\/span>\r\n\t\t<\/div>\r\n\t\t<div class=\"w-form-row-field\">\r\n\t\t<i class=\"far fa-user\"><\/i>\t\t<input type=\"text\" name=\"us_form_1_text_1\" aria-label=\"Numele t\u0103u (al celui\/celei care solicit\u0103 voucherul)\" value=\"\" placeholder=\"\" data-required=\"true\" aria-required=\"true\"\/>\r\n\t\t<span class=\"w-form-row-field-bar\"><\/span>\r\n\t\t\t<\/div>\r\n\t\t<div class=\"w-form-row-state\">Fill out this field<\/div>\r\n<\/div>\r\n\t\t<div class=\"w-form-row for_text required with_icon\">\r\n\t\t\t<div class=\"w-form-row-label\">\r\n\t\t\t<span>Your first name *<\/span>\r\n\t\t<\/div>\r\n\t\t<div class=\"w-form-row-field\">\r\n\t\t<i class=\"far fa-user\"><\/i>\t\t<input type=\"text\" name=\"us_form_1_text_2\" aria-label=\"Prenumele t\u0103u\" value=\"\" placeholder=\"\" data-required=\"true\" aria-required=\"true\"\/>\r\n\t\t<span class=\"w-form-row-field-bar\"><\/span>\r\n\t\t\t<\/div>\r\n\t\t<div class=\"w-form-row-state\">Fill out this field<\/div>\r\n<\/div>\r\n\t\t<div class=\"w-form-row for_text required with_icon\">\r\n\t\t\t<div class=\"w-form-row-label\">\r\n\t\t\t<span>Telefonul t\u0103u *<\/span>\r\n\t\t<\/div>\r\n\t\t<div class=\"w-form-row-field\">\r\n\t\t<i class=\"far fa-phone\"><\/i>\t\t<input type=\"text\" name=\"us_form_1_text_3\" aria-label=\"Telefonul t\u0103u\" value=\"\" placeholder=\"\" data-required=\"true\" aria-required=\"true\"\/>\r\n\t\t<span class=\"w-form-row-field-bar\"><\/span>\r\n\t\t\t<\/div>\r\n\t\t<div class=\"w-form-row-state\">Fill out this field<\/div>\r\n<\/div>\r\n\t\t<div class=\"w-form-row for_email required with_icon\">\r\n\t\t\t<div class=\"w-form-row-label\">\r\n\t\t\t<span>Email-ul t\u0103u *<\/span>\r\n\t\t<\/div>\r\n\t\t<div class=\"w-form-row-field\">\r\n\t\t<i class=\"far fa-envelope\"><\/i>\t\t<input type=\"email\" name=\"us_form_1_email_1\" aria-label=\"Email-ul t\u0103u\" value=\"\" placeholder=\"\" data-required=\"true\" aria-required=\"true\"\/>\r\n\t\t<span class=\"w-form-row-field-bar\"><\/span>\r\n\t\t\t<\/div>\r\n\t\t<div class=\"w-form-row-state\">Please enter a valid email address.<\/div>\r\n<\/div>\r\n\t\t<div class=\"w-form-row for_radio required\">\r\n\t\t\t<div class=\"w-form-row-label\">\r\n\t\t\t<span>Aleg urmatorul tip de voucher: *<\/span>\r\n\t\t<\/div>\r\n\t\t<div class=\"w-form-row-field\">\r\n\t\t\t\t\t<label>\r\n\t\t\t\t<input type=\"radio\" class=\"screen-reader-text\" name=\"us_form_1_radio_1\"data-required=\"true\" aria-required=\"true\" value=\"Voucher tip \u0218edin\u021b\u0103 individual\u0103 - cost: 250 RON\/\u0219edin\u021b\u0103\" checked='checked'\/>\r\n\t\t\t\t<span class=\"w-form-radio\"><\/span>\r\n\t\t\t\t<span>Voucher tip \u0218edin\u021b\u0103 individual\u0103 - cost: 250 RON\/\u0219edin\u021b\u0103<\/span>\r\n\t\t\t<\/label>\r\n\t\t\t\t<\/div>\r\n\t\t<div class=\"w-form-row-state\">Select an option<\/div>\r\n<\/div>\r\n\t\t<div class=\"w-form-row for_text with_icon\">\r\n\t\t\t<div class=\"w-form-row-label\">\r\n\t\t\t<span>Num\u0103rul de \u0219edin\u021be individuale incluse \u00een acest voucher:<\/span>\r\n\t\t<\/div>\r\n\t\t<div class=\"w-form-row-field\">\r\n\t\t<i class=\"far fa-edit\"><\/i>\t\t<input type=\"text\" name=\"us_form_1_text_4\" aria-label=\"Num\u0103rul de \u0219edin\u021be individuale incluse \u00een acest voucher:\" value=\"\" placeholder=\"\"\/>\r\n\t\t<span class=\"w-form-row-field-bar\"><\/span>\r\n\t\t\t<\/div>\r\n\t\t\t<div class=\"w-form-row-description\">\r\n\t\t\tDac\u0103 ai optat pentru Voucher tip \u0218edin\u021b\u0103 individual\u0103, te rug\u0103m s\u0103 men\u021bionezi num\u0103rul de \u0219edin\u021be pe care dore\u0219ti s\u0103 le oferi prin acest voucher.\t\t<\/div>\r\n\t\t<div class=\"w-form-row-state\">Fill out this field<\/div>\r\n<\/div>\r\n\t\t<div class=\"w-form-row for_text required with_icon\">\r\n\t\t\t<div class=\"w-form-row-label\">\r\n\t\t\t<span>Date starting *<\/span>\r\n\t\t<\/div>\r\n\t\t<div class=\"w-form-row-field\">\r\n\t\t<i class=\"far fa-clock\"><\/i>\t\t<input type=\"text\" name=\"us_form_1_text_5\" aria-label=\"Valabil de la data de\" value=\"\" placeholder=\"\" data-required=\"true\" aria-required=\"true\"\/>\r\n\t\t<span class=\"w-form-row-field-bar\"><\/span>\r\n\t\t\t<\/div>\r\n\t\t\t<div class=\"w-form-row-description\">\r\n\t\t\tDe la data achizi\u021bion\u0103rii, voucherul are valabilitate timp de 3 luni. Pentru utilizarea voucherului, este necesar ca beneficiarul acestuia s\u0103 \u00ee\u0219i fac\u0103, \u00een prealabil, o programare.\t\t<\/div>\r\n\t\t<div class=\"w-form-row-state\">Fill out this field<\/div>\r\n<\/div>\r\n\t\t<div class=\"w-form-row for_radio required\">\r\n\t\t\t<div class=\"w-form-row-label\">\r\n\t\t\t<span>Cum alegi s\u0103 fie trimis acest voucher c\u0103tre Beneficiar? *<\/span>\r\n\t\t<\/div>\r\n\t\t<div class=\"w-form-row-field\">\r\n\t\t\t\t\t<label>\r\n\t\t\t\t<input type=\"radio\" class=\"screen-reader-text\" name=\"us_form_1_radio_2\"data-required=\"true\" aria-required=\"true\" value=\"Voi trimite eu voucherul c\u0103tre Beneficiar\" checked='checked'\/>\r\n\t\t\t\t<span class=\"w-form-radio\"><\/span>\r\n\t\t\t\t<span>Voi trimite eu voucherul c\u0103tre Beneficiar<\/span>\r\n\t\t\t<\/label>\r\n\t\t\t\t\t\t<label>\r\n\t\t\t\t<input type=\"radio\" class=\"screen-reader-text\" name=\"us_form_1_radio_2\"data-required=\"true\" aria-required=\"true\" value=\"Voucherul va fi trimis Beneficiarului, prin email, de pe adresa oficial\u0103 a Clubului Equester\"\/>\r\n\t\t\t\t<span class=\"w-form-radio\"><\/span>\r\n\t\t\t\t<span>Voucherul va fi trimis Beneficiarului, prin email, de pe adresa oficial\u0103 a Clubului Equester<\/span>\r\n\t\t\t<\/label>\r\n\t\t\t\t<\/div>\r\n\t\t<div class=\"w-form-row-state\">Select an option<\/div>\r\n<\/div>\r\n\t\t<div class=\"w-form-row for_text required with_icon\">\r\n\t\t\t<div class=\"w-form-row-label\">\r\n\t\t\t<span>Numele celui\/celei care va beneficia de acest voucher *<\/span>\r\n\t\t<\/div>\r\n\t\t<div class=\"w-form-row-field\">\r\n\t\t<i class=\"far fa-edit\"><\/i>\t\t<input type=\"text\" name=\"us_form_1_text_6\" aria-label=\"Numele celui\/celei care va beneficia de acest voucher\" value=\"\" placeholder=\"\" data-required=\"true\" aria-required=\"true\"\/>\r\n\t\t<span class=\"w-form-row-field-bar\"><\/span>\r\n\t\t\t<\/div>\r\n\t\t\t<div class=\"w-form-row-description\">\r\n\t\t\tDac\u0103 ai optat pentru trimiterea voucherului de pe adresa oficial\u0103 a Clubului Equester, te rug\u0103m s\u0103 completezi datele Beneficiarului.\t\t<\/div>\r\n\t\t<div class=\"w-form-row-state\">Fill out this field<\/div>\r\n<\/div>\r\n\t\t<div class=\"w-form-row for_text with_icon\">\r\n\t\t\t<div class=\"w-form-row-label\">\r\n\t\t\t<span>Telefonul celui\/celei care va beneficia de acest voucher<\/span>\r\n\t\t<\/div>\r\n\t\t<div class=\"w-form-row-field\">\r\n\t\t<i class=\"far fa-phone\"><\/i>\t\t<input type=\"text\" name=\"us_form_1_text_7\" aria-label=\"Telefonul celui\/celei care va beneficia de acest voucher\" value=\"\" placeholder=\"\"\/>\r\n\t\t<span class=\"w-form-row-field-bar\"><\/span>\r\n\t\t\t<\/div>\r\n\t\t<div class=\"w-form-row-state\">Fill out this field<\/div>\r\n<\/div>\r\n\t\t<div class=\"w-form-row for_email with_icon\">\r\n\t\t\t<div class=\"w-form-row-label\">\r\n\t\t\t<span>Email-ul celui\/celei care va beneficia de acest voucher<\/span>\r\n\t\t<\/div>\r\n\t\t<div class=\"w-form-row-field\">\r\n\t\t<i class=\"far fa-envelope\"><\/i>\t\t<input type=\"email\" name=\"us_form_1_email_2\" aria-label=\"Email-ul celui\/celei care va beneficia de acest voucher\" value=\"\" placeholder=\"\"\/>\r\n\t\t<span class=\"w-form-row-field-bar\"><\/span>\r\n\t\t\t<\/div>\r\n\t\t<div class=\"w-form-row-state\">Please enter a valid email address.<\/div>\r\n<\/div>\r\n\t\t<div class=\"w-form-row for_agreement required\">\r\n\t\t\t<div class=\"w-form-row-label\">\r\n\t\t\t<span>I agree with: <span class=\"required\">*<\/span><\/span>\r\n\t\t<\/div>\r\n\t\t<div class=\"w-form-row-field\">\r\n\t\t\t\t<label>\r\n\t\t\t<input class=\"screen-reader-text\" type=\"checkbox\" name=\"us_form_1_agreement_1\" value=\"&lt;a href=https:\/\/equester.ro\/index.php\/politica-de-cookies-si-protectia-datelor-personale\/&gt;Politica GDPR&lt;\/a&gt;\" data-required=\"true\" aria-required=\"true\"\/>\r\n\t\t\t<span class=\"w-form-checkbox\"><\/span>\r\n\t\t\t<span><a href=\"https:\/\/equester.ro\/index.php\/politica-de-cookies-si-protectia-datelor-personale\/\">GDPR Policy<\/a><\/span>\r\n\t\t<\/label>\r\n\t\t\t<\/div>\r\n\t\t<div class=\"w-form-row-state\">You need to agree with the terms to proceed<\/div>\r\n<\/div>\r\n\t\t<div class=\"w-form-row for_captcha required with_icon\">\r\n\t<div class=\"w-form-row-label\">\r\n\t\t<span>To prove that you are a real visitor to the Equester website, please solve the following: <span>21 + 9 = ?<\/span><\/span>\r\n\t<\/div>\r\n\t<div class=\"w-form-row-field\">\r\n\t\t\t\t<input type=\"hidden\" name=\"us_form_1_captcha_1_hash\" value=\"64b1ca79bd25773cee337b860171a715\" \/>\r\n\t\t<i class=\"far fa-question-circle\"><\/i>\t\t<input type=\"text\" name=\"us_form_1_captcha_1\" aria-label=\"To prove that you are a real visitor to the Equester website, please solve the following:\" placeholder=\"\" data-required=\"true\" aria-required=\"true\"\">\r\n\t\t<span class=\"w-form-row-field-bar\"><\/span>\r\n\t\t\t<\/div>\r\n\t\t<div class=\"w-form-row-state\">Enter the equation result to proceed<\/div>\r\n<\/div>\r\n\t\t<input type=\"hidden\" name=\"action\" value=\"us_ajax_cform\" \/>\r\n\t\t<input type=\"hidden\" name=\"post_id\" value=\"8681\" \/>\r\n\t\t<input type=\"hidden\" name=\"form_index\" value=\"1\" \/>\r\n\t\t<div class=\"w-form-row for_submit align_left\">\r\n\t<div class=\"w-form-row-field\">\r\n\t\t\t\t<button class=\"w-btn  us-btn-style_1\"  style=\"font-size:16px;\" type=\"submit\" aria-label=\"Send request\">\r\n\t\t\t<span class=\"g-preloader type_1\"><\/span>\r\n\t\t\t\t\t\t<span class=\"w-btn-label\">Send request<\/span>\r\n\t\t\t\t\t<\/button>\r\n\t<\/div>\r\n<\/div>\r\n\t\t\t\t<div class=\"w-form-message\"><\/div>\r\n\t\t\t<input type=\"hidden\" name=\"trp-form-language\" value=\"en\"\/><\/form>\r\n\t<div class=\"w-form-json hidden\" onclick='return {&quot;ajaxurl&quot;:&quot;https:\\\/\\\/equester.ro\\\/wp-admin\\\/admin-ajax.php&quot;}'><\/div>\r\n<\/div><\/div><\/div><\/div><\/div><\/div><\/section><section class=\"l-section wpb_row height_medium\"><div class=\"l-section-h i-cf\"><div class=\"g-cols vc_row type_default valign_top\"><div class=\"vc_col-sm-12 wpb_column vc_column_container\"><div class=\"vc_column-inner\"><div class=\"wpb_wrapper\"><div class=\"w-separator size_small with_line width_default thick_1 style_solid color_border align_center\"><div class=\"w-separator-h\"><\/div><\/div>\r\n\t<div class=\"wpb_text_column\">\r\n\t\t<div class=\"wpb_wrapper\">\r\n\t\t\t<h4 style=\"text-align: center;\">Vouchers <a href=\"https:\/\/www.google.com\/maps\/place\/Clubul+sportiv+de+echitatie+Equester\/@47.0933719,27.4455861,19z\/data=!4m19!1m13!4m12!1m4!2m2!1d27.574496!2d47.165485!4e1!1m6!1m2!1s0x40caefd85b8a25e3:0x9d25e049857efa6e!2sclubul+equester!2m2!1d27.4456034!2d47.0935411!3m4!1s0x40caefd85b8a25e3:0x9d25e049857efa6e!8m2!3d47.0935411!4d27.4456034\">Equester<\/a> &#8211; Mai mult dec\u00e2t un cadou! Ofer\u0103 emo\u021bie, bucurie, libertate \u0219i o experien\u021b\u0103 care te ajut\u0103 s\u0103-\u021bi dezvol\u021bi curajul \u0219i <a href=\"https:\/\/equester.ro\/en\/beneficiile-terapiei-cu-cai-la-adulti\/\">\u00eencrederea \u00een sine<\/a>.<\/h4>\n\r\n\t\t<\/div>\r\n\t<\/div>\r\n<\/div><\/div><\/div><\/div><\/div><\/section>","protected":false},"excerpt":{"rendered":"Numele t\u0103u (al celui\/celei care solicit\u0103 voucherul) * Fill out this field Prenumele t\u0103u * Fill out this field Telefonul t\u0103u * Fill out this field Email-ul t\u0103u * Please enter a valid email address. Aleg urmatorul tip de voucher: * Voucher tip \u0218edin\u021b\u0103 individual\u0103 - cost: 250 RON\/\u0219edin\u021b\u0103 Select an option Num\u0103rul de \u0219edin\u021be...","protected":false},"author":2,"featured_media":8109,"parent":0,"menu_order":0,"comment_status":"closed","ping_status":"closed","template":"formularVoucher.php","meta":{"_acf_changed":false,"footnotes":""},"class_list":["post-8681","page","type-page","status-publish","has-post-thumbnail","hentry"],"acf":[],"yoast_head":"<!-- This site is optimized with the Yoast SEO plugin v27.2 - https:\/\/yoast.com\/product\/yoast-seo-wordpress\/ -->\n<title>Vouchere - formular - Equester<\/title>\n<meta name=\"description\" content=\"Vouchere Equester. Mai mult dec\u00e2t un cadou. Ofer\u0103 emo\u021bie,bucurie,libertate \u0219i o experien\u021b\u0103 care te ajut\u0103 s\u0103-\u021bi dezvol\u021bi curajul \u0219i \u00eencrederea\" \/>\n<meta name=\"robots\" content=\"index, follow, max-snippet:-1, max-image-preview:large, max-video-preview:-1\" \/>\n<link rel=\"canonical\" href=\"https:\/\/equester.ro\/en\/vouchere-formular\/\" \/>\n<meta property=\"og:locale\" content=\"en_GB\" \/>\n<meta property=\"og:type\" content=\"article\" \/>\n<meta property=\"og:title\" content=\"Vouchere - formular - Equester\" \/>\n<meta property=\"og:description\" content=\"Vouchere Equester. Mai mult dec\u00e2t un cadou. Ofer\u0103 emo\u021bie,bucurie,libertate \u0219i o experien\u021b\u0103 care te ajut\u0103 s\u0103-\u021bi dezvol\u021bi curajul \u0219i \u00eencrederea\" \/>\n<meta property=\"og:url\" content=\"https:\/\/equester.ro\/en\/vouchere-formular\/\" \/>\n<meta property=\"og:site_name\" content=\"Equester\" \/>\n<meta property=\"article:publisher\" content=\"https:\/\/www.facebook.com\/pages\/category\/Organization\/EQUESTER-RIDING-CLUB-102365276476404\/\" \/>\n<meta property=\"article:modified_time\" content=\"2026-02-13T08:32:43+00:00\" \/>\n<meta property=\"og:image\" content=\"https:\/\/equester.ro\/wp-content\/uploads\/2022\/12\/vouchere-equester-10-sedinte-web.jpg\" \/>\n\t<meta property=\"og:image:width\" content=\"700\" \/>\n\t<meta property=\"og:image:height\" content=\"205\" \/>\n\t<meta property=\"og:image:type\" content=\"image\/jpeg\" \/>\n<meta name=\"twitter:card\" content=\"summary_large_image\" \/>\n<meta name=\"twitter:label1\" content=\"Estimated reading time\" \/>\n\t<meta name=\"twitter:data1\" content=\"1 minute\" \/>\n<script type=\"application\/ld+json\" class=\"yoast-schema-graph\">{\"@context\":\"https:\/\/schema.org\",\"@graph\":[{\"@type\":\"WebPage\",\"@id\":\"https:\/\/equester.ro\/vouchere-formular\/\",\"url\":\"https:\/\/equester.ro\/vouchere-formular\/\",\"name\":\"Vouchere - formular - Equester\",\"isPartOf\":{\"@id\":\"https:\/\/equester.ro\/#website\"},\"primaryImageOfPage\":{\"@id\":\"https:\/\/equester.ro\/vouchere-formular\/#primaryimage\"},\"image\":{\"@id\":\"https:\/\/equester.ro\/vouchere-formular\/#primaryimage\"},\"thumbnailUrl\":\"https:\/\/equester.ro\/wp-content\/uploads\/2022\/12\/vouchere-equester-10-sedinte-web.jpg\",\"datePublished\":\"2023-09-21T07:40:07+00:00\",\"dateModified\":\"2026-02-13T08:32:43+00:00\",\"description\":\"Vouchere Equester. Mai mult dec\u00e2t un cadou. Ofer\u0103 emo\u021bie,bucurie,libertate \u0219i o experien\u021b\u0103 care te ajut\u0103 s\u0103-\u021bi dezvol\u021bi curajul \u0219i \u00eencrederea\",\"breadcrumb\":{\"@id\":\"https:\/\/equester.ro\/vouchere-formular\/#breadcrumb\"},\"inLanguage\":\"en-GB\",\"potentialAction\":[{\"@type\":\"ReadAction\",\"target\":[\"https:\/\/equester.ro\/vouchere-formular\/\"]}]},{\"@type\":\"ImageObject\",\"inLanguage\":\"en-GB\",\"@id\":\"https:\/\/equester.ro\/vouchere-formular\/#primaryimage\",\"url\":\"https:\/\/equester.ro\/wp-content\/uploads\/2022\/12\/vouchere-equester-10-sedinte-web.jpg\",\"contentUrl\":\"https:\/\/equester.ro\/wp-content\/uploads\/2022\/12\/vouchere-equester-10-sedinte-web.jpg\",\"width\":700,\"height\":205,\"caption\":\"vouchere-equester-10-sedinte\"},{\"@type\":\"BreadcrumbList\",\"@id\":\"https:\/\/equester.ro\/vouchere-formular\/#breadcrumb\",\"itemListElement\":[{\"@type\":\"ListItem\",\"position\":1,\"name\":\"Home\",\"item\":\"https:\/\/equester.ro\/\"},{\"@type\":\"ListItem\",\"position\":2,\"name\":\"Vouchere &#8211; formular\"}]},{\"@type\":\"WebSite\",\"@id\":\"https:\/\/equester.ro\/#website\",\"url\":\"https:\/\/equester.ro\/\",\"name\":\"Equester\",\"description\":\"Equester - Club de Echitatie Iasi\",\"publisher\":{\"@id\":\"https:\/\/equester.ro\/#organization\"},\"potentialAction\":[{\"@type\":\"SearchAction\",\"target\":{\"@type\":\"EntryPoint\",\"urlTemplate\":\"https:\/\/equester.ro\/?s={search_term_string}\"},\"query-input\":{\"@type\":\"PropertyValueSpecification\",\"valueRequired\":true,\"valueName\":\"search_term_string\"}}],\"inLanguage\":\"en-GB\"},{\"@type\":\"Organization\",\"@id\":\"https:\/\/equester.ro\/#organization\",\"name\":\"Clubul de echita\u021bie Equester\",\"url\":\"https:\/\/equester.ro\/\",\"logo\":{\"@type\":\"ImageObject\",\"inLanguage\":\"en-GB\",\"@id\":\"https:\/\/equester.ro\/#\/schema\/logo\/image\/\",\"url\":\"https:\/\/equester.ro\/wp-content\/uploads\/2017\/09\/logo.png\",\"contentUrl\":\"https:\/\/equester.ro\/wp-content\/uploads\/2017\/09\/logo.png\",\"width\":2652,\"height\":795,\"caption\":\"Clubul de echita\u021bie Equester\"},\"image\":{\"@id\":\"https:\/\/equester.ro\/#\/schema\/logo\/image\/\"},\"sameAs\":[\"https:\/\/www.facebook.com\/pages\/category\/Organization\/EQUESTER-RIDING-CLUB-102365276476404\/\"]}]}<\/script>\n<!-- \/ Yoast SEO plugin. -->","yoast_head_json":{"title":"Vouchere - formular - Equester","description":"Vouchere Equester. Mai mult dec\u00e2t un cadou. Ofer\u0103 emo\u021bie,bucurie,libertate \u0219i o experien\u021b\u0103 care te ajut\u0103 s\u0103-\u021bi dezvol\u021bi curajul \u0219i \u00eencrederea","robots":{"index":"index","follow":"follow","max-snippet":"max-snippet:-1","max-image-preview":"max-image-preview:large","max-video-preview":"max-video-preview:-1"},"canonical":"https:\/\/equester.ro\/en\/vouchere-formular\/","og_locale":"en_GB","og_type":"article","og_title":"Vouchere - formular - Equester","og_description":"Vouchere Equester. Mai mult dec\u00e2t un cadou. Ofer\u0103 emo\u021bie,bucurie,libertate \u0219i o experien\u021b\u0103 care te ajut\u0103 s\u0103-\u021bi dezvol\u021bi curajul \u0219i \u00eencrederea","og_url":"https:\/\/equester.ro\/en\/vouchere-formular\/","og_site_name":"Equester","article_publisher":"https:\/\/www.facebook.com\/pages\/category\/Organization\/EQUESTER-RIDING-CLUB-102365276476404\/","article_modified_time":"2026-02-13T08:32:43+00:00","og_image":[{"width":700,"height":205,"url":"https:\/\/equester.ro\/wp-content\/uploads\/2022\/12\/vouchere-equester-10-sedinte-web.jpg","type":"image\/jpeg"}],"twitter_card":"summary_large_image","twitter_misc":{"Estimated reading time":"1 minute"},"schema":{"@context":"https:\/\/schema.org","@graph":[{"@type":"WebPage","@id":"https:\/\/equester.ro\/vouchere-formular\/","url":"https:\/\/equester.ro\/vouchere-formular\/","name":"Vouchere - formular - Equester","isPartOf":{"@id":"https:\/\/equester.ro\/#website"},"primaryImageOfPage":{"@id":"https:\/\/equester.ro\/vouchere-formular\/#primaryimage"},"image":{"@id":"https:\/\/equester.ro\/vouchere-formular\/#primaryimage"},"thumbnailUrl":"https:\/\/equester.ro\/wp-content\/uploads\/2022\/12\/vouchere-equester-10-sedinte-web.jpg","datePublished":"2023-09-21T07:40:07+00:00","dateModified":"2026-02-13T08:32:43+00:00","description":"Vouchere Equester. Mai mult dec\u00e2t un cadou. Ofer\u0103 emo\u021bie,bucurie,libertate \u0219i o experien\u021b\u0103 care te ajut\u0103 s\u0103-\u021bi dezvol\u021bi curajul \u0219i \u00eencrederea","breadcrumb":{"@id":"https:\/\/equester.ro\/vouchere-formular\/#breadcrumb"},"inLanguage":"en-GB","potentialAction":[{"@type":"ReadAction","target":["https:\/\/equester.ro\/vouchere-formular\/"]}]},{"@type":"ImageObject","inLanguage":"en-GB","@id":"https:\/\/equester.ro\/vouchere-formular\/#primaryimage","url":"https:\/\/equester.ro\/wp-content\/uploads\/2022\/12\/vouchere-equester-10-sedinte-web.jpg","contentUrl":"https:\/\/equester.ro\/wp-content\/uploads\/2022\/12\/vouchere-equester-10-sedinte-web.jpg","width":700,"height":205,"caption":"vouchere-equester-10-sedinte"},{"@type":"BreadcrumbList","@id":"https:\/\/equester.ro\/vouchere-formular\/#breadcrumb","itemListElement":[{"@type":"ListItem","position":1,"name":"Home","item":"https:\/\/equester.ro\/"},{"@type":"ListItem","position":2,"name":"Vouchere &#8211; formular"}]},{"@type":"WebSite","@id":"https:\/\/equester.ro\/#website","url":"https:\/\/equester.ro\/","name":"Equester","description":"Equester - Club de Echitatie Iasi","publisher":{"@id":"https:\/\/equester.ro\/#organization"},"potentialAction":[{"@type":"SearchAction","target":{"@type":"EntryPoint","urlTemplate":"https:\/\/equester.ro\/?s={search_term_string}"},"query-input":{"@type":"PropertyValueSpecification","valueRequired":true,"valueName":"search_term_string"}}],"inLanguage":"en-GB"},{"@type":"Organization","@id":"https:\/\/equester.ro\/#organization","name":"Clubul de echita\u021bie Equester","url":"https:\/\/equester.ro\/","logo":{"@type":"ImageObject","inLanguage":"en-GB","@id":"https:\/\/equester.ro\/#\/schema\/logo\/image\/","url":"https:\/\/equester.ro\/wp-content\/uploads\/2017\/09\/logo.png","contentUrl":"https:\/\/equester.ro\/wp-content\/uploads\/2017\/09\/logo.png","width":2652,"height":795,"caption":"Clubul de echita\u021bie Equester"},"image":{"@id":"https:\/\/equester.ro\/#\/schema\/logo\/image\/"},"sameAs":["https:\/\/www.facebook.com\/pages\/category\/Organization\/EQUESTER-RIDING-CLUB-102365276476404\/"]}]}},"featured_image_src":"https:\/\/equester.ro\/wp-content\/uploads\/2022\/12\/vouchere-equester-10-sedinte-web.jpg","featured_image_src_square":"https:\/\/equester.ro\/wp-content\/uploads\/2022\/12\/vouchere-equester-10-sedinte-web.jpg","rbea_author_info":{"display_name":"Admin Equester","author_link":"https:\/\/equester.ro\/en\/author\/adminequester\/"},"rbea_excerpt_info":null,"_links":{"self":[{"href":"https:\/\/equester.ro\/en\/wp-json\/wp\/v2\/pages\/8681","targetHints":{"allow":["GET"]}}],"collection":[{"href":"https:\/\/equester.ro\/en\/wp-json\/wp\/v2\/pages"}],"about":[{"href":"https:\/\/equester.ro\/en\/wp-json\/wp\/v2\/types\/page"}],"author":[{"embeddable":true,"href":"https:\/\/equester.ro\/en\/wp-json\/wp\/v2\/users\/2"}],"replies":[{"embeddable":true,"href":"https:\/\/equester.ro\/en\/wp-json\/wp\/v2\/comments?post=8681"}],"version-history":[{"count":0,"href":"https:\/\/equester.ro\/en\/wp-json\/wp\/v2\/pages\/8681\/revisions"}],"wp:featuredmedia":[{"embeddable":true,"href":"https:\/\/equester.ro\/en\/wp-json\/wp\/v2\/media\/8109"}],"wp:attachment":[{"href":"https:\/\/equester.ro\/en\/wp-json\/wp\/v2\/media?parent=8681"}],"curies":[{"name":"wp","href":"https:\/\/api.w.org\/{rel}","templated":true}]}}